{"id":666,"date":"2019-09-20T06:24:59","date_gmt":"2019-09-20T06:24:59","guid":{"rendered":"https:\/\/azucarenmalaga.sacvelez.es\/?page_id=666"},"modified":"2019-09-20T06:24:59","modified_gmt":"2019-09-20T06:24:59","slug":"creditos","status":"publish","type":"page","link":"https:\/\/azucarenmalaga.sacvelez.es\/?page_id=666","title":{"rendered":"Cr\u00e9ditos"},"content":{"rendered":"<p>[et_pb_section fb_built=\u00bb1&#8243; fullwidth=\u00bbon\u00bb admin_label=\u00bbHeader Section\u00bb _builder_version=\u00bb3.27.3&#8243; background_color=\u00bb#000000&#8243; custom_padding=\u00bb|||\u00bb locked=\u00bboff\u00bb][et_pb_fullwidth_header title=\u00bbCr\u00e9ditos\u00bb text_orientation=\u00bbcenter\u00bb header_scroll_down=\u00bbon\u00bb scroll_down_icon=\u00bb%%1%%\u00bb scroll_down_icon_color=\u00bb#ffffff\u00bb scroll_down_icon_size=\u00bb32px\u00bb background_overlay_color=\u00bbrgba(0,0,0,0.65)\u00bb content_max_width_last_edited=\u00bboff|desktop\u00bb admin_label=\u00bbContents\u00bb _builder_version=\u00bb3.29.2&#8243; title_font=\u00bbOswald|||on|\u00bb title_text_align=\u00bbcenter\u00bb title_font_size=\u00bb41px\u00bb title_letter_spacing=\u00bb0.05em\u00bb title_line_height=\u00bb1.5em\u00bb subhead_font=\u00bbNunito|600|||||||\u00bb subhead_line_height=\u00bb1.9em\u00bb background_color=\u00bb#000000&#8243; background_image=\u00bbhttps:\/\/azucarenmalaga.sacvelez.es\/wp-content\/uploads\/2019\/08\/fabrica-del-tarajal-malaga.jpg\u00bb custom_button_one=\u00bbon\u00bb button_one_text_size=\u00bb15px\u00bb button_one_bg_color=\u00bb#dca57d\u00bb button_one_border_width=\u00bb10px\u00bb button_one_border_color=\u00bb#dca57d\u00bb button_one_border_radius=\u00bb0px\u00bb button_one_letter_spacing=\u00bb3px\u00bb button_one_font=\u00bbOswald|||on|\u00bb button_one_use_icon=\u00bboff\u00bb custom_margin=\u00bb|||\u00bb custom_padding=\u00bb5%||5%|\u00bb animation_style=\u00bbfade\u00bb animation_starting_opacity=\u00bb50%\u00bb animation_speed_curve=\u00bbease-in\u00bb title_font_size_tablet=\u00bb24px\u00bb title_font_size_phone=\u00bb22px\u00bb title_font_size_last_edited=\u00bbon|phone\u00bb subhead_font_size_tablet=\u00bb14px\u00bb subhead_font_size_phone=\u00bb14px\u00bb subhead_font_size_last_edited=\u00bbon|tablet\u00bb button_one_border_color_hover=\u00bb#c99872&#8243; button_one_border_radius_hover=\u00bb0px\u00bb button_one_letter_spacing_hover=\u00bb3px\u00bb button_one_bg_color_hover=\u00bb#c99872&#8243; button_one_text_size__hover_enabled=\u00bboff\u00bb button_two_text_size__hover_enabled=\u00bboff\u00bb button_one_text_color__hover_enabled=\u00bboff\u00bb button_two_text_color__hover_enabled=\u00bboff\u00bb button_one_border_width__hover_enabled=\u00bboff\u00bb button_two_border_width__hover_enabled=\u00bboff\u00bb button_one_border_color__hover_enabled=\u00bbon\u00bb button_one_border_color__hover=\u00bb#c99872&#8243; button_two_border_color__hover_enabled=\u00bboff\u00bb button_one_border_radius__hover_enabled=\u00bbon\u00bb button_one_border_radius__hover=\u00bb0px\u00bb button_two_border_radius__hover_enabled=\u00bboff\u00bb button_one_letter_spacing__hover_enabled=\u00bbon\u00bb button_one_letter_spacing__hover=\u00bb3px\u00bb button_two_letter_spacing__hover_enabled=\u00bboff\u00bb button_one_bg_color__hover_enabled=\u00bbon\u00bb button_one_bg_color__hover=\u00bb#c99872&#8243; button_two_bg_color__hover_enabled=\u00bboff\u00bb][\/et_pb_fullwidth_header][\/et_pb_section][et_pb_section fb_built=\u00bb1&#8243; admin_label=\u00bbFeatures\u00bb _builder_version=\u00bb3.22&#8243; custom_padding=\u00bb39px|0px|32px|0px||\u00bb][et_pb_row column_structure=\u00bb1_2,1_2&#8243; _builder_version=\u00bb3.26.3&#8243; background_color=\u00bb#efefef\u00bb custom_margin=\u00bb||||false|false\u00bb custom_padding=\u00bb|20px||20px|false|false\u00bb][et_pb_column type=\u00bb1_2&#8243; _builder_version=\u00bb3.26.3&#8243;][et_pb_text _builder_version=\u00bb4.1&#8243;]<\/p>\n<p><em>Un lugar para la memoria. Patrimonio integral e identidad. Los vestigios de nuestra industria azucarera no solo suponen un patrimonio cultural vinculado al conjunto de bienes materiales e inmateriales, tangibles e intangibles, sino que constituyen el legado transmitido por todos los malague\u00f1os que formaron parte de estos paisajes tan dulces. La memoria es el valor fundamental para evitar el olvido de nuestro pasado.<\/em><\/p>\n<p>[\/et_pb_text][\/et_pb_column][et_pb_column type=\u00bb1_2&#8243; _builder_version=\u00bb3.26.3&#8243;][et_pb_image src=\u00bbhttps:\/\/azucarenmalaga.sacvelez.es\/wp-content\/uploads\/2019\/09\/creditos.png\u00bb align=\u00bbcenter\u00bb _builder_version=\u00bb3.29.2&#8243;][\/et_pb_image][\/et_pb_column][\/et_pb_row][et_pb_row column_structure=\u00bb1_2,1_2&#8243; _builder_version=\u00bb3.27.3&#8243;][et_pb_column type=\u00bb1_2&#8243; _builder_version=\u00bb3.27.3&#8243;][et_pb_text _builder_version=\u00bb4.1&#8243;]<\/p>\n<p><strong>Autores de los textos<\/strong><\/p>\n<p><span>Francisco Capilla Luque<br \/> <\/span><span>Isabel Garc\u00eda Hern\u00e1ndez<br \/> <\/span><span>Antonio Guzm\u00e1n Valdivia<br \/> <\/span><span>Pilar Pezzi Crist\u00f3bal<br \/> <\/span><span>Antonio Santiago Ramos<\/span><\/p>\n<p><span><\/span><\/p>\n<p>[\/et_pb_text][et_pb_text _builder_version=\u00bb3.29.2&#8243;]<\/p>\n<p><strong>DOCUMENTACI\u00d3N<\/strong><\/p>\n<p><span>Francisco Capilla Luque<br \/><\/span><span>Isabel Garc\u00eda Hern\u00e1ndez <br \/><\/span><span>Antonio Guzm\u00e1n Valdivia<br \/><\/span>Mar\u00eda Victoria Naranjo Hiraldo<br \/><span>Pilar Pezzi Crist\u00f3bal<br \/><\/span><span>Arturo Ru\u00edz Salvatierra<br \/><\/span><span>Antonio Santiago Ramos<\/span><\/p>\n<p>&nbsp;<\/p>\n<p><strong>DISE\u00d1O Y MAQUETACI\u00d3N<\/strong><\/p>\n<p><span>Alfonso Rico Nieto<\/span><\/p>\n<p>[\/et_pb_text][\/et_pb_column][et_pb_column type=\u00bb1_2&#8243; _builder_version=\u00bb3.27.3&#8243;][et_pb_image src=\u00bbhttps:\/\/azucarenmalaga.sacvelez.es\/wp-content\/uploads\/2019\/09\/sac-azucar.jpg\u00bb align=\u00bbcenter\u00bb _builder_version=\u00bb3.29.2&#8243;][\/et_pb_image][\/et_pb_column][\/et_pb_row][et_pb_row column_structure=\u00bb1_2,1_2&#8243; _builder_version=\u00bb3.27.3&#8243;][et_pb_column type=\u00bb1_2&#8243; _builder_version=\u00bb3.27.3&#8243;][et_pb_text _builder_version=\u00bb4.1&#8243;]<\/p>\n<p><strong>ILUSTRACIONES<\/strong><\/p>\n<p>Antonio Salguero Gonz\u00e1lez<\/p>\n<p><span><\/span><\/p>\n<p><strong>DIFUSI\u00d3N Y LOG\u00cdSTICA<\/strong><\/p>\n<p><span>Alfonso Gil Mantecas<br \/> <\/span><span>Antonio Guzm\u00e1n Valdivia<br \/> <\/span><span>Mar\u00eda Victoria Naranjo Hiraldo<br \/> <\/span>Manel P\u00e9rez Sala<br \/> <span>Salvador S\u00e1nchez P\u00e9rez<\/span><\/p>\n<p>&nbsp;<\/p>\n<p><strong>DOCUMENTACI\u00d3N DID\u00c1CTICA<\/strong><\/p>\n<p>Rosa Delgado Viguera<br \/> <span>Carlos Serralvo Gal\u00e1n<br \/> TAMGRAM<\/span><\/p>\n<p>[\/et_pb_text][\/et_pb_column][et_pb_column type=\u00bb1_2&#8243; _builder_version=\u00bb3.27.3&#8243;][et_pb_image src=\u00bbhttps:\/\/azucarenmalaga.sacvelez.es\/wp-content\/uploads\/2019\/09\/difusion-y-logistica.jpg\u00bb align=\u00bbcenter\u00bb _builder_version=\u00bb3.29.2&#8243;][\/et_pb_image][\/et_pb_column][\/et_pb_row][et_pb_row column_structure=\u00bb1_2,1_2&#8243; _builder_version=\u00bb3.27.3&#8243;][et_pb_column type=\u00bb1_2&#8243; _builder_version=\u00bb3.27.3&#8243;][et_pb_image src=\u00bbhttps:\/\/azucarenmalaga.sacvelez.es\/wp-content\/uploads\/2019\/09\/chimenea.jpg\u00bb align=\u00bbcenter\u00bb _builder_version=\u00bb3.29.2&#8243;][\/et_pb_image][et_pb_image src=\u00bbhttps:\/\/azucarenmalaga.sacvelez.es\/wp-content\/uploads\/2019\/09\/libro-firmas.jpg\u00bb align=\u00bbcenter\u00bb _builder_version=\u00bb3.29.2&#8243;][\/et_pb_image][et_pb_text _builder_version=\u00bb3.29.2&#8243;]<\/p>\n<p><span>Wenceslao Fern\u00e1ndez Fl\u00f3rez (1885, La Coru\u00f1a -1964, Madrid)\u00a0<\/span><span style=\"font-size: 18px;\">\u00a0<\/span><\/p>\n<p><span>Libro de la F\u00e1brica de az\u00facar de Torre del Mar, 1950<\/span><\/p>\n<p>[\/et_pb_text][\/et_pb_column][et_pb_column type=\u00bb1_2&#8243; _builder_version=\u00bb3.27.3&#8243;][et_pb_text _builder_version=\u00bb3.29.2&#8243;]<\/p>\n<p><strong>DOCUMENTACI\u00d3N GR\u00c1FICA<\/strong><\/p>\n<p><span>Archivo Municipal de\u00a0<\/span><span>V\u00e9lez-M\u00e1laga<br \/> <\/span><span style=\"font-size: 18px;\">Archivo Hist\u00f3rico Municipal de\u00a0<\/span><span style=\"font-size: 18px;\">Antequera<br \/><\/span><span>Archivo de la Diputaci\u00f3n de M\u00e1laga<br \/><\/span>Centro Geogr\u00e1fico del Ej\u00e9rcito<br \/><span>Asociaci\u00f3n Cilniana<br \/><\/span><span>Revista Triunfo<br \/><\/span>Instituto Geogr\u00e1fico Nacional<br \/><span>Instituto de Estad\u00edstica y\u00a0<\/span><span style=\"font-size: 18px;\">Cartograf\u00eda de Andaluc\u00eda<br \/><\/span><span>Departamento de Expresi\u00f3n Gr\u00e1fica, Dise\u00f1o y Proyectos.<br \/><\/span>Escuela Polit\u00e9cnica. Universidad <span>de M\u00e1laga<br \/><\/span><span>Juan Ben\u00edtez<br \/><\/span><span>Francisco Campos <br \/><\/span><span>Francisco Capilla Luque <br \/><\/span><span>Jos\u00e9 Luis Coronas <br \/><\/span><span>Alberto Escolano<br \/><\/span>Miguel Gim\u00e9nez Yanguas<br \/>Antonio Guzm\u00e1n Valdivia<br \/><span>Juan Antonio Isla<br \/><\/span><span>Alicia L\u00f3pez Molina<br \/><\/span><span>Jos\u00e9 Mar\u00eda Mart\u00ednez Oppelt<br \/><\/span><span>Adolfo Moyano<br \/><\/span><span>Sergio Mu\u00f1oz Jim\u00e9nez<br \/><\/span>Mar\u00eda Victoria Naranjo Hiraldo<br \/><span>Jos\u00e9 Padial Bobadilla<br \/><\/span><span>Jos\u00e9 Antonio Prieto Borrego<br \/><\/span><span>Alfonso Rico Nieto<br \/><\/span><span>V\u00edctor Ru\u00edz Dom\u00ednguez <br \/><\/span><span>Purificaci\u00f3n Ruiz Garc\u00eda<br \/><\/span>Antonio Salguero Gonz\u00e1lez<br \/><span>Carlos S\u00e1nchez<br \/><\/span>Joaqu\u00edn Solano<br \/><span>Emilio A. Som Cerezo<br \/><\/span><span>Vicente Tolosa Elorduy<br \/><\/span>(Colecci\u00f3n Gustavo S\u00e1nchez)<br \/><span>Antonio Verd\u00fa<\/span><\/p>\n<p>[\/et_pb_text][\/et_pb_column][\/et_pb_row][et_pb_row _builder_version=\u00bb3.29.2&#8243;][et_pb_column type=\u00bb4_4&#8243; _builder_version=\u00bb3.29.2&#8243;][et_pb_image src=\u00bbhttps:\/\/azucarenmalaga.sacvelez.es\/wp-content\/uploads\/2019\/09\/vista-acueducto.jpg\u00bb align=\u00bbcenter\u00bb _builder_version=\u00bb3.29.2&#8243;][\/et_pb_image][et_pb_text _builder_version=\u00bb4.3.2&#8243; hover_enabled=\u00bb0&#8243;]<\/p>\n<p style=\"text-align: center;\"><strong>ENTIDADES COLABORADORAS<\/strong><\/p>\n<p style=\"text-align: center;\"><span>Ayuntamiento de V\u00e9lez-M\u00e1laga<br \/> Ayuntamiento de Motril<br \/> Mancomunidad Costa del Sol Axarqu\u00eda<br \/> Centro Comercial El Ingenio<br \/> <\/span><span>CEP Axarqu\u00eda<br \/> <\/span><span>Sociedad de Amigos de la Cultura de V\u00e9lez-M\u00e1laga<br \/> <\/span><span>Asociaci\u00f3n en Defensa de las Chimeneas y del Patrimonio Industrial de M\u00e1laga<br \/> Asociaci\u00f3n Cultural para la Conservaci\u00f3n y Difusi\u00f3n del Patrimonio Hist\u00f3rico \u2018La Volaera\u2019<br \/> Arte Dron<br \/> <\/span><span>Ron Montero<br \/> <\/span><span>Ingenio N.\u00aa S.\u00aa del Carmen de Frigiliana<br \/> <\/span>Cerveza Murex <span>Frexiniana<br \/> <\/span><span>Eduardo Conejo, SAMESA<br \/> <\/span><span>Jes\u00fas Arcera<\/span><\/p>\n<p>[\/et_pb_text][\/et_pb_column][\/et_pb_row][\/et_pb_section]<\/p>\n","protected":false},"excerpt":{"rendered":"<p>Un lugar para la memoria. Patrimonio integral e identidad. Los vestigios de nuestra industria azucarera no solo suponen un patrimonio cultural vinculado al conjunto de bienes materiales e inmateriales, tangibles e intangibles, sino que constituyen el legado transmitido por todos los malague\u00f1os que formaron parte de estos paisajes tan dulces. La memoria es el valor [&hellip;]<\/p>\n","protected":false},"author":1,"featured_media":0,"parent":0,"menu_order":0,"comment_status":"closed","ping_status":"closed","template":"","meta":{"_et_pb_use_builder":"on","_et_pb_old_content":"","_et_gb_content_width":"","footnotes":""},"_links":{"self":[{"href":"https:\/\/azucarenmalaga.sacvelez.es\/index.php?rest_route=\/wp\/v2\/pages\/666"}],"collection":[{"href":"https:\/\/azucarenmalaga.sacvelez.es\/index.php?rest_route=\/wp\/v2\/pages"}],"about":[{"href":"https:\/\/azucarenmalaga.sacvelez.es\/index.php?rest_route=\/wp\/v2\/types\/page"}],"author":[{"embeddable":true,"href":"https:\/\/azucarenmalaga.sacvelez.es\/index.php?rest_route=\/wp\/v2\/users\/1"}],"replies":[{"embeddable":true,"href":"https:\/\/azucarenmalaga.sacvelez.es\/index.php?rest_route=%2Fwp%2Fv2%2Fcomments&post=666"}],"version-history":[{"count":0,"href":"https:\/\/azucarenmalaga.sacvelez.es\/index.php?rest_route=\/wp\/v2\/pages\/666\/revisions"}],"wp:attachment":[{"href":"https:\/\/azucarenmalaga.sacvelez.es\/index.php?rest_route=%2Fwp%2Fv2%2Fmedia&parent=666"}],"curies":[{"name":"wp","href":"https:\/\/api.w.org\/{rel}","templated":true}]}}