{"id":59,"date":"2019-08-28T16:16:36","date_gmt":"2019-08-28T16:16:36","guid":{"rendered":"http:\/\/azucarenmalaga.sacvelez.es\/?page_id=59"},"modified":"2019-08-28T16:16:36","modified_gmt":"2019-08-28T16:16:36","slug":"expansion-mundial-del-azucar","status":"publish","type":"page","link":"https:\/\/azucarenmalaga.sacvelez.es\/?page_id=59","title":{"rendered":"Expansi\u00f3n mundial del az\u00facar"},"content":{"rendered":"<p>[et_pb_section fb_built=\u00bb1&#8243; fullwidth=\u00bbon\u00bb admin_label=\u00bbHeader Section\u00bb _builder_version=\u00bb3.26.3&#8243; background_color=\u00bb#000000&#8243; custom_padding=\u00bb|||\u00bb locked=\u00bboff\u00bb][et_pb_fullwidth_header title=\u00bbExpansi\u00f3n mundial del az\u00facar\u00bb subhead=\u00bbA la conquista del mundo\u00bb text_orientation=\u00bbcenter\u00bb header_scroll_down=\u00bbon\u00bb scroll_down_icon=\u00bb%%1%%\u00bb scroll_down_icon_color=\u00bb#ffffff\u00bb scroll_down_icon_size=\u00bb32px\u00bb background_overlay_color=\u00bbrgba(0,0,0,0.65)\u00bb content_max_width_last_edited=\u00bboff|desktop\u00bb admin_label=\u00bbContents\u00bb _builder_version=\u00bb4.1&#8243; title_font=\u00bbOswald|||on|\u00bb title_text_align=\u00bbcenter\u00bb title_font_size=\u00bb41px\u00bb title_letter_spacing=\u00bb0.05em\u00bb title_line_height=\u00bb1.5em\u00bb subhead_font=\u00bbNunito|600|||||||\u00bb subhead_line_height=\u00bb1.9em\u00bb background_color=\u00bb#000000&#8243; background_image=\u00bbhttp:\/\/azucarenmalaga.sacvelez.es\/wp-content\/uploads\/2019\/07\/azucar-morena.jpg\u00bb custom_button_one=\u00bbon\u00bb button_one_text_size=\u00bb15px\u00bb button_one_bg_color=\u00bb#dca57d\u00bb button_one_border_width=\u00bb10px\u00bb button_one_border_color=\u00bb#dca57d\u00bb button_one_border_radius=\u00bb0px\u00bb button_one_letter_spacing=\u00bb3px\u00bb button_one_font=\u00bbOswald|||on|\u00bb button_one_use_icon=\u00bboff\u00bb custom_margin=\u00bb|||\u00bb custom_padding=\u00bb5%||5%|\u00bb animation_style=\u00bbfade\u00bb animation_starting_opacity=\u00bb50%\u00bb animation_speed_curve=\u00bbease-in\u00bb title_font_size_tablet=\u00bb24px\u00bb title_font_size_phone=\u00bb22px\u00bb title_font_size_last_edited=\u00bbon|phone\u00bb subhead_font_size_tablet=\u00bb14px\u00bb subhead_font_size_phone=\u00bb14px\u00bb subhead_font_size_last_edited=\u00bbon|tablet\u00bb button_one_border_color_hover=\u00bb#c99872&#8243; button_one_border_radius_hover=\u00bb0px\u00bb button_one_letter_spacing_hover=\u00bb3px\u00bb button_one_bg_color_hover=\u00bb#c99872&#8243; button_one_text_size__hover_enabled=\u00bboff\u00bb button_two_text_size__hover_enabled=\u00bboff\u00bb button_one_text_color__hover_enabled=\u00bboff\u00bb button_two_text_color__hover_enabled=\u00bboff\u00bb button_one_border_width__hover_enabled=\u00bboff\u00bb button_two_border_width__hover_enabled=\u00bboff\u00bb button_one_border_color__hover_enabled=\u00bbon\u00bb button_one_border_color__hover=\u00bb#c99872&#8243; button_two_border_color__hover_enabled=\u00bboff\u00bb button_one_border_radius__hover_enabled=\u00bbon\u00bb button_one_border_radius__hover=\u00bb0px\u00bb button_two_border_radius__hover_enabled=\u00bboff\u00bb button_one_letter_spacing__hover_enabled=\u00bbon\u00bb button_one_letter_spacing__hover=\u00bb3px\u00bb button_two_letter_spacing__hover_enabled=\u00bboff\u00bb button_one_bg_color__hover_enabled=\u00bbon\u00bb button_one_bg_color__hover=\u00bb#c99872&#8243; button_two_bg_color__hover_enabled=\u00bboff\u00bb][\/et_pb_fullwidth_header][\/et_pb_section][et_pb_section fb_built=\u00bb1&#8243; admin_label=\u00bbFeatures\u00bb _builder_version=\u00bb3.22&#8243; custom_padding=\u00bb39px|0px|32px|0px||\u00bb][et_pb_row column_structure=\u00bb1_2,1_2&#8243; _builder_version=\u00bb3.26.3&#8243; background_color=\u00bb#efefef\u00bb custom_margin=\u00bb||||false|false\u00bb custom_padding=\u00bb|20px||20px|false|false\u00bb][et_pb_column type=\u00bb1_2&#8243; _builder_version=\u00bb3.26.3&#8243;][et_pb_text _builder_version=\u00bb4.1&#8243; custom_padding=\u00bb||0px|||\u00bb]<\/p>\n<p style=\"text-align: left;\"><em>La ca\u00f1a de az\u00facar\u00a0<\/em><em>se siembra de sus ra\u00edces en el mes de\u00a0<\/em><em>marzo y se le debe dar abundante riego. Cuando los tallos brotan se abona el terreno con esti\u00e9rcol de ganado lanar y despu\u00e9s de haber hecho una buena escarda. La plantaci\u00f3n debe ser regada cada semana. A veces se siembra por\u00a0<\/em><em>esquejes de su propia ca\u00f1a cuando esta tiene nudos. De dos en dos palmos y formando cuadros se hace la plantaci\u00f3n, con riego inmediato,\u00a0<\/em><em>adem\u00e1s de la escarda y el abono.<\/em><\/p>\n<p>&nbsp;<\/p>\n<p style=\"text-align: right;\"><em>\u00a0<\/em>Ibn Luyun,<\/p>\n<p style=\"text-align: right;\"><em>Tratado de Agricultura, <\/em>siglos XIII-XIV<\/p>\n<p>[\/et_pb_text][\/et_pb_column][et_pb_column type=\u00bb1_2&#8243; _builder_version=\u00bb3.26.3&#8243;][et_pb_image src=\u00bbhttp:\/\/azucarenmalaga.sacvelez.es\/wp-content\/uploads\/2019\/07\/tratado-de-agricultura-ibn-luyun.jpg\u00bb align=\u00bbcenter\u00bb _builder_version=\u00bb3.26.3&#8243; width=\u00bb71%\u00bb][\/et_pb_image][\/et_pb_column][\/et_pb_row][et_pb_row _builder_version=\u00bb3.26.3&#8243;][et_pb_column type=\u00bb4_4&#8243; _builder_version=\u00bb3.26.3&#8243;][et_pb_text _builder_version=\u00bb4.1&#8243;]<\/p>\n<p style=\"text-align: justify;\"><span>Perteneciente a la familia de las gram\u00edneas, la ca\u00f1a de az\u00facar (<em>Saccharum officinarum L.<\/em>) es una antigua fuente de energ\u00eda para los seres humanos. Originaria de Borneo y Nueva Guinea; se cultiv\u00f3 por primera vez en el Sureste Asi\u00e1tico y la India occidental. A mediados del siglo IV era un cultivo importante en el subcontinente indio. En Egipto fue introducido alrededor del a\u00f1o 647 d.C. Dos siglos y medio m\u00e1s tarde llegar\u00eda a Espa\u00f1a.<\/span><\/p>\n<p style=\"text-align: justify;\"><span>En al-Andalus hay referencias documentadas de su presencia desde el siglo X. Desde entonces, el cultivo de la ca\u00f1a de az\u00facar se extendi\u00f3 a casi todas las regiones tropicales y subtropicales del planeta. En los viajes de Crist\u00f3bal Col\u00f3n a Am\u00e9rica la trasladaron a las islas del Caribe y de ah\u00ed pas\u00f3 al continente americano. A M\u00e9xico lleg\u00f3 en la \u00e9poca de la conquista, alrededor de 1522.<\/span><\/p>\n<p style=\"text-align: justify;\"><span>Por esas fechas se llev\u00f3 a cabo la primera plantaci\u00f3n en el estado de Veracruz, instal\u00e1ndose posteriormente los primeros ingenios azucareros en las partes c\u00e1lidas del pa\u00eds. En Estados Unidos se inici\u00f3 su cultivo en 1741.\u00a0Los pa\u00edses productores de ca\u00f1a de az\u00facar del mundo est\u00e1n ubicados entre los 36\u00ba 7\u00b4 de latitud norte y los 31\u00ba 0\u00b4 de latitud sur, extendi\u00e9ndose por casi todas las regiones tropicales y subtropicales del planeta.<\/span><\/p>\n<p>[\/et_pb_text][et_pb_image src=\u00bbhttp:\/\/azucarenmalaga.sacvelez.es\/wp-content\/uploads\/2019\/07\/ingenio-de-cilindros-verticales-movido-por-animales.jpg\u00bb force_fullwidth=\u00bbon\u00bb _builder_version=\u00bb3.26.3&#8243; custom_margin=\u00bb-11px||4px|||\u00bb][\/et_pb_image][et_pb_text _builder_version=\u00bb4.3.2&#8243;]<\/p>\n<p style=\"text-align: right;\">Ingenio de cilindros verticales movido por animales<\/p>\n<p>[\/et_pb_text][\/et_pb_column][\/et_pb_row][et_pb_row column_structure=\u00bb1_2,1_2&#8243; _builder_version=\u00bb3.26.3&#8243;][et_pb_column type=\u00bb1_2&#8243; _builder_version=\u00bb3.26.3&#8243;][et_pb_image src=\u00bbhttps:\/\/azucarenmalaga.sacvelez.es\/wp-content\/uploads\/2020\/03\/porcentajes.jpg\u00bb align=\u00bbcenter\u00bb _builder_version=\u00bb4.3.2&#8243; custom_margin=\u00bb||8px|||\u00bb hover_enabled=\u00bb0&#8243;][\/et_pb_image][\/et_pb_column][et_pb_column type=\u00bb1_2&#8243; _builder_version=\u00bb3.26.3&#8243;][et_pb_text _builder_version=\u00bb4.0.6&#8243;]<\/p>\n<h2>Pa\u00edses productores de az\u00facar<\/h2>\n<p style=\"text-align: justify;\">De los 121 pa\u00edses productores de ca\u00f1a de az\u00facar, 16 concentran el 86% de la\u00a0superficie cultivada y generan el 87&#8217;1% de la producci\u00f3n mundial.<\/span><\/p>\n<p style=\"text-align: justify;\">En Europa la producci\u00f3n de az\u00facar de ca\u00f1a es muy reducida, unas 500 toneladas\/a\u00f1o en Espa\u00f1a. La mayor parte de esta producci\u00f3n se destina directamente a la\u00a0elaboraci\u00f3n de alcohol y, muy especialmente, a la fabricaci\u00f3n de ron.<\/span><\/p>\n<p style=\"text-align: justify;\">La producci\u00f3n de remolacha azucarera hace de la Uni\u00f3n Europea el segundo productor a nivel mundial (13&#8217;4%), y\u00a0tambi\u00e9n el segundo consumidor (11,4%).<\/span><\/p>\n<p>&nbsp;<\/p>\n<p>[\/et_pb_text][\/et_pb_column][\/et_pb_row][et_pb_row column_structure=\u00bb1_2,1_2&#8243; _builder_version=\u00bb3.26.3&#8243;][et_pb_column type=\u00bb1_2&#8243; _builder_version=\u00bb3.26.3&#8243;][et_pb_text _builder_version=\u00bb3.27.4&#8243; custom_margin=\u00bb-10px|||||\u00bb]<\/p>\n<h2><strong>Az\u00facar blanco<\/strong><\/h2>\n<p>Los diferencia el\u00a0tama\u00f1o del cristal que lo forma.<\/p>\n<p><span style=\"text-decoration: underline;\"><strong>Az\u00facar blanquilla:<\/strong><\/span> Es el conocido como az\u00facar de mesa. Tiene un 97% de sacarosa.<br \/> <strong><span style=\"text-decoration: underline;\">Az\u00facar pil\u00f3n o refinada:<\/span><\/strong> Se acerca al 100% de sacarosa.<br \/> <span style=\"text-decoration: underline;\"><strong>Az\u00facar caster o superfino:<\/strong><\/span> Son az\u00facares especiales; son muy finos.<br \/> <span style=\"text-decoration: underline;\"><strong>Az\u00facar en polvo:<\/strong><\/span> Se utilizan en la industria. Contienen almid\u00f3n para evitar que se peguen.<\/p>\n<p>[\/et_pb_text][et_pb_text _builder_version=\u00bb3.27.4&#8243; custom_margin=\u00bb-10px|||||\u00bb]<\/p>\n<h2><strong>Az\u00facar Moreno<\/strong><\/h2>\n<p>Se trata de un az\u00facar blanco recubierto por una melaza oscura procedente de la fases de refinamiento del az\u00facar.<strong><\/strong><\/p>\n<p><strong><\/strong><\/p>\n<p><span style=\"text-decoration: underline;\"><strong>Az\u00facar moreno:<\/strong><\/span>\u00a0Se utiliza principalmente en reposter\u00eda. Son az\u00facares muy pegajosos.<br \/> <strong><span style=\"text-decoration: underline;\">Az\u00facar integral:<\/span><\/strong>\u00a0Se acerca al 100% de sacarosa. Es de sabor moderado.<br \/> <span style=\"text-decoration: underline;\"><strong>Az\u00facar moreno refinado:<\/strong><\/span>\u00a0Resultante de una mezcla de az\u00facar crudo fundido con algunas melazas. Al tener menos sacarosa, es de sabor moderado. Est\u00e1 menos cristalizado.\u00a0<\/p>\n<p>[\/et_pb_text][et_pb_text _builder_version=\u00bb3.27.4&#8243; custom_margin=\u00bb-10px|||||\u00bb]<\/p>\n<h2><strong>Melazas<\/strong><\/h2>\n<p style=\"text-align: justify;\">Tambi\u00e9n conocidas como \u00abmieles de ca\u00f1a\u00bb. Se trata de un l\u00edquido de color oscuro y textura espesa.\u00a0<\/p>\n<p style=\"text-align: justify;\">Es es el resultado de cocer el jugo de la ca\u00f1a para que al evaporar el agua se concentren en ella los diferentes az\u00facares naturales. Nos aporta todos los nutrientes esenciales de la ca\u00f1a de az\u00facar.\u00a0<\/p>\n<p>&nbsp;<\/p>\n<p>[\/et_pb_text][\/et_pb_column][et_pb_column type=\u00bb1_2&#8243; _builder_version=\u00bb3.26.3&#8243;][et_pb_image src=\u00bbhttp:\/\/azucarenmalaga.sacvelez.es\/wp-content\/uploads\/2019\/07\/ingenio-y-maquinillas-de-frigiliana.-archivo-municipal-de-velez-malaga.png\u00bb _builder_version=\u00bb3.26.3&#8243;][\/et_pb_image][et_pb_text _builder_version=\u00bb4.1&#8243;]<\/p>\n<p style=\"text-align: right;\">Ingenio y maquinillas de Frigiliana. Archivo Municipal de V\u00e9lez-M\u00e1laga<\/p>\n<p>[\/et_pb_text][\/et_pb_column][\/et_pb_row][et_pb_row column_structure=\u00bb1_2,1_2&#8243; _builder_version=\u00bb3.27.3&#8243; custom_padding=\u00bb2px|||||\u00bb][et_pb_column type=\u00bb1_2&#8243; _builder_version=\u00bb3.26.3&#8243;][et_pb_image src=\u00bbhttp:\/\/azucarenmalaga.sacvelez.es\/wp-content\/uploads\/2019\/07\/partes-de-la-ca\u00f1a-de-azucar-01.jpg\u00bb align=\u00bbcenter\u00bb _builder_version=\u00bb4.0.6&#8243; width=\u00bb89%\u00bb][\/et_pb_image][\/et_pb_column][et_pb_column type=\u00bb1_2&#8243; _builder_version=\u00bb3.26.3&#8243;][et_pb_text _builder_version=\u00bb4.1&#8243; custom_padding=\u00bb50px||||false|false\u00bb]<\/p>\n<h2>Partes de la ca\u00f1a<\/h2>\n<p style=\"text-align: justify;\">\u00a0La ca\u00f1a de az\u00facar es una gram\u00ednea, con la flor en espigas y es herb\u00e1cea.<\/p>\n<p style=\"text-align: justify;\">&#8211;<strong>Inflorescencia<\/strong>. Indica que la planta ha pasado de la fase vegetativa a la\u00a0 reproductiva. Es una pan\u00edcula abierta y\u00a0 ramificada.<\/p>\n<p style=\"text-align: justify;\">&#8211;<strong>El tallo<\/strong>. Es la parte m\u00e1s importante para la extracci\u00f3n de az\u00facar, es el almac\u00e9n de sacarosa. Est\u00e1 compuesto por canutos.\u00a0Cada canuto tiene una yema.<\/p>\n<p style=\"text-align: justify;\">&#8211;<strong>La hoja<\/strong>. Es de forma tubular, lado\u00a0exterior con vellos y color verde, es m\u00e1s ancha en la base y se estrecha hacia el\u00a0cuello, punto de uni\u00f3n del limbo y la vaina.<\/p>\n<p style=\"text-align: justify;\">&#8211;<strong>Ra\u00edz<\/strong>. Tiene dos funciones: permite la\u00a0asimilaci\u00f3n de nutrientes y sirve de agarre y sujeci\u00f3n a la planta.<\/p>\n<p>[\/et_pb_text][\/et_pb_column][\/et_pb_row][et_pb_row _builder_version=\u00bb3.27.3&#8243;][et_pb_column type=\u00bb4_4&#8243; _builder_version=\u00bb3.27.3&#8243;][et_pb_text _builder_version=\u00bb3.27.4&#8243;]<\/p>\n<h2 style=\"text-align: center;\">Cuidados de la planta durante el a\u00f1o en el hemisferio sur (Brasil)<\/h2>\n<p>[\/et_pb_text][et_pb_image src=\u00bbhttp:\/\/azucarenmalaga.sacvelez.es\/wp-content\/uploads\/2019\/08\/cuidados-de-la-cana-de-azucar.png\u00bb _builder_version=\u00bb3.27.3&#8243;][\/et_pb_image][\/et_pb_column][\/et_pb_row][et_pb_row _builder_version=\u00bb3.27.3&#8243;][et_pb_column type=\u00bb4_4&#8243; _builder_version=\u00bb3.27.3&#8243;][et_pb_text _builder_version=\u00bb3.27.4&#8243;]<\/p>\n<h2 style=\"text-align: center;\">Tipos de ca\u00f1a de az\u00facar<\/h2>\n<p>[\/et_pb_text][\/et_pb_column][\/et_pb_row][et_pb_row column_structure=\u00bb1_4,1_4,1_4,1_4&#8243; _builder_version=\u00bb3.27.3&#8243;][et_pb_column type=\u00bb1_4&#8243; _builder_version=\u00bb3.27.3&#8243;][et_pb_image src=\u00bbhttp:\/\/azucarenmalaga.sacvelez.es\/wp-content\/uploads\/2019\/08\/cana-cristalina.png\u00bb _builder_version=\u00bb3.27.3&#8243;][\/et_pb_image][et_pb_text _builder_version=\u00bb3.27.4&#8243;]<\/p>\n<h3 style=\"text-align: center;\"><strong>Ca\u00f1a Cristalina<\/strong><\/h3>\n<p style=\"text-align: center;\">Canuto cubierto de vello blanquecino y hojas verdes oscuro. Robusta y resistente a la sequ\u00eda y al fr\u00edo.<\/p>\n<p>[\/et_pb_text][\/et_pb_column][et_pb_column type=\u00bb1_4&#8243; _builder_version=\u00bb3.27.3&#8243;][et_pb_image src=\u00bbhttp:\/\/azucarenmalaga.sacvelez.es\/wp-content\/uploads\/2019\/08\/cana-criollo.png\u00bb _builder_version=\u00bb3.27.3&#8243;][\/et_pb_image][et_pb_text _builder_version=\u00bb3.27.4&#8243;]<\/p>\n<h3 style=\"text-align: center;\"><strong>Ca\u00f1a Criolla<\/strong><\/h3>\n<p style=\"text-align: center;\">Sensible a temperaturas extremas. Variedad cultivada en la costa andaluza y que Hern\u00e1n Cort\u00e9s llev\u00f3 a Am\u00e9rica. Es jugosa y de gran riqueza en sacasora.<\/p>\n<p>[\/et_pb_text][\/et_pb_column][et_pb_column type=\u00bb1_4&#8243; _builder_version=\u00bb3.27.3&#8243;][et_pb_image src=\u00bbhttp:\/\/azucarenmalaga.sacvelez.es\/wp-content\/uploads\/2019\/08\/cana-violeta.png\u00bb _builder_version=\u00bb3.27.3&#8243;][\/et_pb_image][et_pb_text _builder_version=\u00bb3.27.4&#8243;]<\/p>\n<h3 style=\"text-align: center;\"><strong>Ca\u00f1a Violeta<\/strong><\/h3>\n<p style=\"text-align: center;\">Resiste el fr\u00edo. Es poco jugosa y su rendimiento menor. Tallos de coloraci\u00f3n violeta y hojas de verde intenso.<\/p>\n<p>[\/et_pb_text][\/et_pb_column][et_pb_column type=\u00bb1_4&#8243; _builder_version=\u00bb3.27.3&#8243;][et_pb_image src=\u00bbhttp:\/\/azucarenmalaga.sacvelez.es\/wp-content\/uploads\/2019\/08\/cana-veteada.png\u00bb _builder_version=\u00bb3.27.3&#8243;][\/et_pb_image][et_pb_text _builder_version=\u00bb3.27.4&#8243;]<\/p>\n<h3 style=\"text-align: center;\"><strong>Ca\u00f1a Veteada<\/strong><\/h3>\n<p style=\"text-align: center;\">Llega a alcanzar los 3,5 metros. Resiste muy bien el fr\u00edo, es precoz y se distingue por su aspecto rallado amarillo y rojo violeta.<\/p>\n<p>[\/et_pb_text][\/et_pb_column][\/et_pb_row][et_pb_row column_structure=\u00bb1_2,1_2&#8243; make_equal=\u00bbon\u00bb _builder_version=\u00bb3.27.3&#8243;][et_pb_column type=\u00bb1_2&#8243; _builder_version=\u00bb3.27.3&#8243;][et_pb_text _builder_version=\u00bb3.27.4&#8243;]<\/p>\n<h2>El az\u00facar en los alimentos<\/h2>\n<p>El az\u00facar est\u00e1 presente, en cantidades muy importantes, en todos los alimentos que tomamos. De tal modo esto es as\u00ed, que el az\u00facar nos crea \u201cadicci\u00f3n\u201d al consumo de algunos alimentos.<\/p>\n<p>Distintos estudios aconsejan a la industria alimentaria en general, reducir hasta en un 30% su contenido en los alimentos, para disminuir el aporte cal\u00f3rico que ingerimos los consumidores, hasta cierto punto innecesario, reduci\u00e9ndose de ese modo, los problemas de peso y diabetes de la sociedad actual.[\/et_pb_text][\/et_pb_column][et_pb_column type=\u00bb1_2&#8243; _builder_version=\u00bb3.27.3&#8243;][et_pb_image src=\u00bbhttp:\/\/azucarenmalaga.sacvelez.es\/wp-content\/uploads\/2019\/08\/el-azucar-en-los-alimentos.png\u00bb align=\u00bbcenter\u00bb _builder_version=\u00bb3.27.3&#8243; width=\u00bb75%\u00bb][\/et_pb_image][\/et_pb_column][\/et_pb_row][\/et_pb_section]<\/p>\n","protected":false},"excerpt":{"rendered":"<p>La ca\u00f1a de az\u00facar\u00a0se siembra de sus ra\u00edces en el mes de\u00a0marzo y se le debe dar abundante riego. Cuando los tallos brotan se abona el terreno con esti\u00e9rcol de ganado lanar y despu\u00e9s de haber hecho una buena escarda. La plantaci\u00f3n debe ser regada cada semana. A veces se siembra por\u00a0esquejes de su propia [&hellip;]<\/p>\n","protected":false},"author":1,"featured_media":0,"parent":0,"menu_order":0,"comment_status":"closed","ping_status":"closed","template":"","meta":{"_et_pb_use_builder":"on","_et_pb_old_content":"","_et_gb_content_width":"","footnotes":""},"_links":{"self":[{"href":"https:\/\/azucarenmalaga.sacvelez.es\/index.php?rest_route=\/wp\/v2\/pages\/59"}],"collection":[{"href":"https:\/\/azucarenmalaga.sacvelez.es\/index.php?rest_route=\/wp\/v2\/pages"}],"about":[{"href":"https:\/\/azucarenmalaga.sacvelez.es\/index.php?rest_route=\/wp\/v2\/types\/page"}],"author":[{"embeddable":true,"href":"https:\/\/azucarenmalaga.sacvelez.es\/index.php?rest_route=\/wp\/v2\/users\/1"}],"replies":[{"embeddable":true,"href":"https:\/\/azucarenmalaga.sacvelez.es\/index.php?rest_route=%2Fwp%2Fv2%2Fcomments&post=59"}],"version-history":[{"count":0,"href":"https:\/\/azucarenmalaga.sacvelez.es\/index.php?rest_route=\/wp\/v2\/pages\/59\/revisions"}],"wp:attachment":[{"href":"https:\/\/azucarenmalaga.sacvelez.es\/index.php?rest_route=%2Fwp%2Fv2%2Fmedia&parent=59"}],"curies":[{"name":"wp","href":"https:\/\/api.w.org\/{rel}","templated":true}]}}