{"id":459,"date":"2019-08-30T12:08:26","date_gmt":"2019-08-30T12:08:26","guid":{"rendered":"http:\/\/azucarenmalaga.sacvelez.es\/?page_id=459"},"modified":"2019-08-30T12:08:26","modified_gmt":"2019-08-30T12:08:26","slug":"chimeneas-del-azucar","status":"publish","type":"page","link":"https:\/\/azucarenmalaga.sacvelez.es\/?page_id=459","title":{"rendered":"Chimeneas del az\u00facar"},"content":{"rendered":"<p>[et_pb_section fb_built=\u00bb1&#8243; fullwidth=\u00bbon\u00bb admin_label=\u00bbHeader Section\u00bb _builder_version=\u00bb3.27.3&#8243; background_color=\u00bb#000000&#8243; custom_padding=\u00bb|||\u00bb locked=\u00bboff\u00bb][et_pb_fullwidth_header title=\u00bbchimeneas del az\u00facar\u00bb text_orientation=\u00bbcenter\u00bb header_scroll_down=\u00bbon\u00bb scroll_down_icon=\u00bb%%1%%\u00bb scroll_down_icon_color=\u00bb#ffffff\u00bb scroll_down_icon_size=\u00bb32px\u00bb background_overlay_color=\u00bbrgba(0,0,0,0.65)\u00bb content_max_width_last_edited=\u00bboff|desktop\u00bb admin_label=\u00bbContents\u00bb _builder_version=\u00bb3.27.3&#8243; title_font=\u00bbOswald|||on|\u00bb title_text_align=\u00bbcenter\u00bb title_font_size=\u00bb41px\u00bb title_letter_spacing=\u00bb0.05em\u00bb title_line_height=\u00bb1.5em\u00bb subhead_font=\u00bbNunito|600|||||||\u00bb subhead_line_height=\u00bb1.9em\u00bb background_color=\u00bb#000000&#8243; background_image=\u00bbhttp:\/\/azucarenmalaga.sacvelez.es\/wp-content\/uploads\/2019\/08\/chimeneas-azucar-malaga.png\u00bb background_position=\u00bbbottom_left\u00bb custom_button_one=\u00bbon\u00bb button_one_text_size=\u00bb15px\u00bb button_one_bg_color=\u00bb#dca57d\u00bb button_one_border_width=\u00bb10px\u00bb button_one_border_color=\u00bb#dca57d\u00bb button_one_border_radius=\u00bb0px\u00bb button_one_letter_spacing=\u00bb3px\u00bb button_one_font=\u00bbOswald|||on|\u00bb button_one_use_icon=\u00bboff\u00bb custom_margin=\u00bb|||\u00bb custom_padding=\u00bb5%||5%|\u00bb animation_style=\u00bbfade\u00bb animation_starting_opacity=\u00bb50%\u00bb animation_speed_curve=\u00bbease-in\u00bb title_font_size_tablet=\u00bb24px\u00bb title_font_size_phone=\u00bb22px\u00bb title_font_size_last_edited=\u00bbon|phone\u00bb subhead_font_size_tablet=\u00bb14px\u00bb subhead_font_size_phone=\u00bb14px\u00bb subhead_font_size_last_edited=\u00bbon|tablet\u00bb button_one_border_color_hover=\u00bb#c99872&#8243; button_one_border_radius_hover=\u00bb0px\u00bb button_one_letter_spacing_hover=\u00bb3px\u00bb button_one_bg_color_hover=\u00bb#c99872&#8243; button_one_text_size__hover_enabled=\u00bboff\u00bb button_two_text_size__hover_enabled=\u00bboff\u00bb button_one_text_color__hover_enabled=\u00bboff\u00bb button_two_text_color__hover_enabled=\u00bboff\u00bb button_one_border_width__hover_enabled=\u00bboff\u00bb button_two_border_width__hover_enabled=\u00bboff\u00bb button_one_border_color__hover_enabled=\u00bbon\u00bb button_one_border_color__hover=\u00bb#c99872&#8243; button_two_border_color__hover_enabled=\u00bboff\u00bb button_one_border_radius__hover_enabled=\u00bbon\u00bb button_one_border_radius__hover=\u00bb0px\u00bb button_two_border_radius__hover_enabled=\u00bboff\u00bb button_one_letter_spacing__hover_enabled=\u00bbon\u00bb button_one_letter_spacing__hover=\u00bb3px\u00bb button_two_letter_spacing__hover_enabled=\u00bboff\u00bb button_one_bg_color__hover_enabled=\u00bbon\u00bb button_one_bg_color__hover=\u00bb#c99872&#8243; button_two_bg_color__hover_enabled=\u00bboff\u00bb][\/et_pb_fullwidth_header][\/et_pb_section][et_pb_section fb_built=\u00bb1&#8243; admin_label=\u00bbFeatures\u00bb _builder_version=\u00bb3.22&#8243; custom_padding=\u00bb39px|0px|32px|0px||\u00bb][et_pb_row column_structure=\u00bb1_2,1_2&#8243; _builder_version=\u00bb3.26.3&#8243; background_color=\u00bb#efefef\u00bb custom_margin=\u00bb||||false|false\u00bb custom_padding=\u00bb|20px||20px|false|false\u00bb][et_pb_column type=\u00bb1_2&#8243; _builder_version=\u00bb3.26.3&#8243;][et_pb_text _builder_version=\u00bb3.27.4&#8243; custom_padding=\u00bb||0px|||\u00bb]<\/p>\n<p><em>La aparici\u00f3n de la m\u00e1quina de vapor trajo consigo la construcci\u00f3n y desarrollo de un nuevo edificio que hoy tiene valor patrimonial: la chimenea de ladrillo.<\/em><\/p>\n<p><em>Su funci\u00f3n viene dada por necesidades higienistas y est\u00e1 motivada por las denuncias de los vecinos, malos olores y producci\u00f3n de humos y gases que pueden perjudicar a los seres vivos.<\/em><\/p>\n<p><em>Adem\u00e1s la chimenea afecta a cuestiones econ\u00f3micas.<\/em><\/p>\n<p><em>El aumento de su altura favorece el tiro de la misma y beneficia la combusti\u00f3n, haciendo menor la cantidad necesaria de combustible para generar el vapor.<\/em><\/p>\n<p style=\"text-align: right;\"><em><\/em><\/p>\n<p>[\/et_pb_text][\/et_pb_column][et_pb_column type=\u00bb1_2&#8243; _builder_version=\u00bb3.26.3&#8243;][et_pb_image src=\u00bbhttp:\/\/azucarenmalaga.sacvelez.es\/wp-content\/uploads\/2019\/08\/chimenea-de-ladrillo-azucar-malaga.jpg\u00bb align=\u00bbcenter\u00bb _builder_version=\u00bb3.27.3&#8243; width=\u00bb71%\u00bb][\/et_pb_image][et_pb_text _builder_version=\u00bb4.1&#8243;]<\/p>\n<p style=\"text-align: right;\">Corona de la chimenea de la f\u00e1brica San Rafael, Torrox<\/p>\n<p>[\/et_pb_text][\/et_pb_column][\/et_pb_row][et_pb_row _builder_version=\u00bb3.27.3&#8243;][et_pb_column type=\u00bb4_4&#8243; _builder_version=\u00bb3.27.3&#8243;][et_pb_text _builder_version=\u00bb4.1&#8243;]<\/p>\n<p style=\"text-align: justify;\"><span>Las chimeneas industriales construidas en Espa\u00f1a en los siglos XIX y XX se realizan siguiendo los modelos ingleses, franceses o alemanes debido a la necesidad de participaci\u00f3n de ingenieros de esos pa\u00edses. Las primeras chimeneas de secci\u00f3n cuadrada aparecen adosadas a edificaciones para ir evolucionando despu\u00e9s y quedar aisladas y con mayor porte, mejorando su oposici\u00f3n al viento y construy\u00e9ndose en forma de torres de mayor altura y de secciones circular y octogonal.<\/span><\/p>\n<p style=\"text-align: justify;\"><span>Se utiliza como material b\u00e1sico el ladrillo cocido que es un buen aislante t\u00e9rmico. La secci\u00f3n disminuye de la base a la c\u00faspide. Provoca una depresi\u00f3n o tiro entre la entrada y la salida para establecer una corriente de aire, contribuyendo este tiro a la combusti\u00f3n. La construcci\u00f3n de las chimeneas obedece a la utilizaci\u00f3n del vapor en las f\u00e1bricas.<\/span><\/p>\n<p style=\"text-align: justify;\"><span>Las chimeneas constan de tres partes diferentes: base o pedestal; ca\u00f1a, fuste o tubo, y coronamiento, corona, capitel o remate.<\/span><\/p>\n<p>[\/et_pb_text][\/et_pb_column][\/et_pb_row][et_pb_row column_structure=\u00bb1_2,1_2&#8243; _builder_version=\u00bb3.26.3&#8243;][et_pb_column type=\u00bb1_2&#8243; _builder_version=\u00bb3.26.3&#8243;][et_pb_text _builder_version=\u00bb4.1&#8243;]<\/p>\n<h3><b>F\u00e1brica azucarera y alcoholera San Joaqu\u00edn, Maro<\/b><\/h3>\n<p><span>En las ruinas de la f\u00e1brica San Joaqu\u00edn destaca su chimenea cil\u00edndrica decorada con dos espirales de ladrillos entrelazados. Hay tambi\u00e9n restos de naves industriales, destiler\u00eda, alberca el\u00edptica y dem\u00e1s dependencias fabriles.<\/span><\/p>\n<p><span>Tambi\u00e9n inclu\u00eda casa de administraci\u00f3n, habitaciones para los propietarios con jard\u00edn y 10 casas para operarios y maestro de f\u00e1brica en torno a una gran plaza de ca\u00f1as. Todo el conjunto est\u00e1 rodeado de una cerca de alba\u00f1iler\u00eda.<\/span><\/p>\n<p>[\/et_pb_text][\/et_pb_column][et_pb_column type=\u00bb1_2&#8243; _builder_version=\u00bb3.26.3&#8243;][et_pb_image src=\u00bbhttp:\/\/azucarenmalaga.sacvelez.es\/wp-content\/uploads\/2019\/08\/F\u00c1BRICA-AZUCARERA-Y-ALCOHOLERA-SAN-JOAQU\u00cdN-MARO.-Foto-Juan-Antonio-Isla.jpg\u00bb _builder_version=\u00bb3.27.3&#8243;][\/et_pb_image][et_pb_text _builder_version=\u00bb4.1&#8243;]<\/p>\n<p style=\"text-align: right;\">F\u00e1brica azucarera y alcoholera San Joaqu\u00edn, Maro. Juan Antonio Isla<\/p>\n<p>[\/et_pb_text][\/et_pb_column][\/et_pb_row][et_pb_row column_structure=\u00bb1_2,1_2&#8243; _builder_version=\u00bb3.26.3&#8243;][et_pb_column type=\u00bb1_2&#8243; _builder_version=\u00bb3.26.3&#8243;][et_pb_text _builder_version=\u00bb4.1&#8243;]<\/p>\n<h3><strong>F\u00e1brica San Jos\u00e9 de Nerja<\/strong><\/h3>\n<p><span>La chimenea cil\u00edndrica de San Jos\u00e9 es el s\u00edmbolo de la \u00e9poca industrial de Nerja. Fue construida por una sociedad de industriales de la zona en 1864. Tres a\u00f1os despu\u00e9s la compr\u00f3 Mart\u00edn Larios y se convirti\u00f3 en el motor de la econom\u00eda de Nerja. Se rehabilit\u00f3 en 1985 para convertirse en instituto, derribando parte de la f\u00e1brica. Se conserva, adem\u00e1s de la chimenea, la sala de melaza, convertida en sal\u00f3n de actos, y el almac\u00e9n de az\u00facar convertido en gimnasio. La Casa Arce alberga los servicios administrativos y tambi\u00e9n se conservan algunos muros de los antiguos secaderos que forman parte de los talleres.<\/span><\/p>\n<p>[\/et_pb_text][\/et_pb_column][et_pb_column type=\u00bb1_2&#8243; _builder_version=\u00bb3.26.3&#8243;][et_pb_image src=\u00bbhttp:\/\/azucarenmalaga.sacvelez.es\/wp-content\/uploads\/2019\/08\/F\u00c1BRICA-SAN-JOS\u00c9-NERJA.jpg\u00bb _builder_version=\u00bb3.27.3&#8243;][\/et_pb_image][et_pb_text _builder_version=\u00bb4.1&#8243;]<\/p>\n<p style=\"text-align: right;\">F\u00e1brica San Jos\u00e9, Nerja<\/p>\n<p>[\/et_pb_text][\/et_pb_column][\/et_pb_row][et_pb_row column_structure=\u00bb1_2,1_2&#8243; _builder_version=\u00bb3.26.3&#8243;][et_pb_column type=\u00bb1_2&#8243; _builder_version=\u00bb3.26.3&#8243;][et_pb_text _builder_version=\u00bb4.3.2&#8243; hover_enabled=\u00bb0&#8243;]<\/p>\n<h3><strong>F\u00e1brica Nuestra Se\u00f1ora del Carmen de Frigiliana<\/strong><\/h3>\n<p><span>Conserva tres chimeneas. Las dos m\u00e1s grandes son de secci\u00f3n poligonal y pertenecen a la renovaci\u00f3n que se hizo de la f\u00e1brica en los a\u00f1os 1954-1955. La otra, de forma rectangular por la parte baja es mucho m\u00e1s antigua y pertenece al ingenio anterior. Posiblemente estaba conectada con los hornos situados en la parte occidental del edificio, donde se situ\u00f3 tambi\u00e9n una peque\u00f1a m\u00e1quina de vapor que ten\u00eda la instalaci\u00f3n en 1858. El edificio actual se remonta al siglo XVIII en que el conde de Aguilar y Frigiliana construy\u00f3 este ingenio en lugar del antiguo trapiche.<\/span><\/p>\n<p>[\/et_pb_text][\/et_pb_column][et_pb_column type=\u00bb1_2&#8243; _builder_version=\u00bb3.26.3&#8243;][et_pb_image src=\u00bbhttp:\/\/azucarenmalaga.sacvelez.es\/wp-content\/uploads\/2019\/08\/F\u00c1BRICA-N\u00aa-S\u00aa-DEL-CARMEN-DE-FRIGILIANA.jpg\u00bb align=\u00bbcenter\u00bb _builder_version=\u00bb3.27.3&#8243;][\/et_pb_image][et_pb_text _builder_version=\u00bb4.1&#8243;]<\/p>\n<p style=\"text-align: right;\">Chimenea m\u00e1s antigua de la f\u00e1brica de Frigiliana<\/p>\n<p>[\/et_pb_text][\/et_pb_column][\/et_pb_row][et_pb_row _builder_version=\u00bb3.27.3&#8243;][et_pb_column type=\u00bb4_4&#8243; _builder_version=\u00bb3.27.3&#8243;][et_pb_image src=\u00bbhttp:\/\/azucarenmalaga.sacvelez.es\/wp-content\/uploads\/2019\/08\/Foto-Juan-Antonio-Isla.jpg\u00bb align=\u00bbcenter\u00bb _builder_version=\u00bb3.27.3&#8243;][\/et_pb_image][et_pb_text _builder_version=\u00bb4.3.2&#8243; hover_enabled=\u00bb0&#8243;]<\/p>\n<p style=\"text-align: center;\">Chimeneas poligonales (a\u00f1os 1954-1955) de la f\u00e1brica de Frigiliana<\/p>\n<p>[\/et_pb_text][\/et_pb_column][\/et_pb_row][et_pb_row column_structure=\u00bb1_2,1_2&#8243; _builder_version=\u00bb3.26.3&#8243;][et_pb_column type=\u00bb1_2&#8243; _builder_version=\u00bb3.26.3&#8243;][et_pb_text _builder_version=\u00bb3.27.4&#8243;]<\/p>\n<h3><strong>Maquinilla de los Rojas<\/strong><\/h3>\n<p><span>La peque\u00f1a chimenea circular construida en ladrillo de la maquinilla de los Rojas debi\u00f3 suponer un momento de modernizaci\u00f3n de este peque\u00f1o ingenio o maquinilla que hab\u00eda funcionado hasta\u00a0<\/span><span>entonces con rueda hidr\u00e1ulica para producir miel de ca\u00f1a.<\/span><\/p>\n<p><span>Exist\u00eda desde principios del siglo XX, fundada como trapiche por Jos\u00e9 Rojas S\u00e1nchez y se halla en el camino de la Maquinilla, en las cercan\u00edas de la Molineta.<\/span><\/p>\n<p><span>Hoy sus restos se incluyen en un edificio residencial moderno y es posible distinguir, aparte de la chimenea, un canal de agua y otros restos de la instalaci\u00f3n fabril.<\/span><\/p>\n<p>[\/et_pb_text][\/et_pb_column][et_pb_column type=\u00bb1_2&#8243; _builder_version=\u00bb3.26.3&#8243;][et_pb_image src=\u00bbhttp:\/\/azucarenmalaga.sacvelez.es\/wp-content\/uploads\/2019\/08\/MAQUINILLA-DE-LOS-ROJAS.jpg\u00bb align=\u00bbcenter\u00bb _builder_version=\u00bb3.27.3&#8243;][\/et_pb_image][et_pb_text _builder_version=\u00bb4.1&#8243;]<\/p>\n<p style=\"text-align: right;\">Maquinilla de los Rojas. Chimenea, Frigiliana<\/p>\n<p>[\/et_pb_text][\/et_pb_column][\/et_pb_row][et_pb_row column_structure=\u00bb1_2,1_2&#8243; _builder_version=\u00bb3.26.3&#8243;][et_pb_column type=\u00bb1_2&#8243; _builder_version=\u00bb3.26.3&#8243;][et_pb_text _builder_version=\u00bb4.1&#8243;]<\/p>\n<h3><b>F\u00e1brica San Rafael de Torrox<\/b><\/h3>\n<p>Conserva una caprichosa chimenea en forma de columna toscana que sostiene una placa de piedra que nos recuerda la rehabilitaci\u00f3n hecha en 1850. En 1854 se vendi\u00f3 a los Larios que la convirtieron a partir de 1862 en una moderna f\u00e1brica industrial de az\u00facar.<\/p>\n<p>Los edificios conservados constituyen el mejor ejemplo para el estudio de la industria azucarera en sus fases preindustrial e industrial. Se conservan dos grandes edificios: uno de ellos, a donde llegaba el acueducto, es de una fase anterior y conserva el lugar de las ruedas hidr\u00e1ulicas. La otra parte es un magn\u00edfico edificio industrial similar a otros de la zona.<\/p>\n<p>[\/et_pb_text][\/et_pb_column][et_pb_column type=\u00bb1_2&#8243; _builder_version=\u00bb3.26.3&#8243;][et_pb_image src=\u00bbhttps:\/\/azucarenmalaga.sacvelez.es\/wp-content\/uploads\/2019\/11\/chimenea-san-rafael-torrox.jpg\u00bb align=\u00bbcenter\u00bb _builder_version=\u00bb4.0.6&#8243;][\/et_pb_image][et_pb_text _builder_version=\u00bb4.1&#8243;]<\/p>\n<p style=\"text-align: right;\">Chimenea de la f\u00e1brica San Rafael de Torrox<\/p>\n<p>[\/et_pb_text][\/et_pb_column][\/et_pb_row][et_pb_row column_structure=\u00bb1_2,1_2&#8243; _builder_version=\u00bb3.26.3&#8243;][et_pb_column type=\u00bb1_2&#8243; _builder_version=\u00bb3.26.3&#8243;][et_pb_text _builder_version=\u00bb4.3.2&#8243; hover_enabled=\u00bb0&#8243;]<\/p>\n<h3><b>Trapiche de Carvajal<\/b><\/h3>\n<p><span>En la aldea de los L\u00f3pez del pago de Cabrillas se conserva una peque\u00f1a chimenea de secci\u00f3n cuadrada que arranca en forma de tronco de pir\u00e1mide. Debi\u00f3 de construirse en la etapa de modernizaci\u00f3n del trapiche de Carvajal a finales del siglo XIX.<\/span><\/p>\n<p><span>En un documento de 1902 se dice que la finca contiene un almac\u00e9n que fue f\u00e1brica de mieles y se conoce como el ingenio N<\/span><span>uevo. <\/span><span>Tiene otro almac\u00e9n que fue antes trapiche al que se llama ingenio Viejo. Tiene otro local denominado \u201cpillera\u201d que se utiliz\u00f3 para la elaboraci\u00f3n de mieles.<\/span><\/p>\n<p>[\/et_pb_text][\/et_pb_column][et_pb_column type=\u00bb1_2&#8243; _builder_version=\u00bb3.26.3&#8243;][et_pb_image src=\u00bbhttp:\/\/azucarenmalaga.sacvelez.es\/wp-content\/uploads\/2019\/08\/TRAPICHE-DE-CARVAJAL.jpg\u00bb align=\u00bbcenter\u00bb _builder_version=\u00bb3.27.3&#8243;][\/et_pb_image][et_pb_text _builder_version=\u00bb4.1&#8243;]<\/p>\n<p style=\"text-align: right;\">Restos del trapiche de Carvajal con la chimenea<\/p>\n<p>[\/et_pb_text][\/et_pb_column][\/et_pb_row][et_pb_row column_structure=\u00bb1_2,1_2&#8243; _builder_version=\u00bb3.26.3&#8243;][et_pb_column type=\u00bb1_2&#8243; _builder_version=\u00bb3.26.3&#8243;][et_pb_text _builder_version=\u00bb3.27.4&#8243;]<\/p>\n<h3><b>San Isidro en el Trapiche<\/b><\/h3>\n<p><span>La chimenea de este complejo industrial es el s\u00edmbolo de esta aldea activa, cuya f\u00e1brica surgi\u00f3 como ingenio azucarero y despu\u00e9s se dedic\u00f3 a los distintos sectores alimenticios de la comarca.<\/span><\/p>\n<p><span>La chimenea tiene tres partes definidas: las dos de arriba, de forma de prisma y la de debajo de tronco de pir\u00e1mide.<\/span><\/p>\n<p><span>En el \u00faltimo tercio del siglo XIX el antiguo ingenio pas\u00f3 a propiedad de Juan Ramos Ramos, que introdujo las nuevas tecnolog\u00edas con calderas y m\u00e1quinas de vapor, diversificando su producci\u00f3n entre los sectores del az\u00facar, la harina y el aceite. En la f\u00e1brica hay muros que pudieran pertenecer al antiguo trapiche del siglo XVIII.<\/span><\/p>\n<p>[\/et_pb_text][\/et_pb_column][et_pb_column type=\u00bb1_2&#8243; _builder_version=\u00bb3.26.3&#8243;][et_pb_image src=\u00bbhttp:\/\/azucarenmalaga.sacvelez.es\/wp-content\/uploads\/2019\/08\/SAN-ISIDRO-EN-EL-TRAPICHE.jpg\u00bb align=\u00bbcenter\u00bb _builder_version=\u00bb3.27.3&#8243;][\/et_pb_image][et_pb_text _builder_version=\u00bb4.1&#8243;]<\/p>\n<p style=\"text-align: right;\">Chimenea del ingenio San Isidro en El Trapiche de V\u00e9lez<\/p>\n<p>[\/et_pb_text][\/et_pb_column][\/et_pb_row][et_pb_row column_structure=\u00bb1_2,1_2&#8243; _builder_version=\u00bb3.26.3&#8243;][et_pb_column type=\u00bb1_2&#8243; _builder_version=\u00bb3.26.3&#8243;][et_pb_text _builder_version=\u00bb4.1&#8243;]<\/p>\n<h3><b>Nuestra Se\u00f1ora del Carmen de Torre del Mar<\/b><\/h3>\n<p><span>S\u00edmbolo de la Revoluci\u00f3n Industrial de nuestra tierra, mantiene en pie sus tres chimeneas: de la propia f\u00e1brica azucarera de secci\u00f3n octogonal, la de la alcoholera y la de la calera, las dos de secci\u00f3n cil\u00edndrica. Construidas en ladrillo, la primera de ellas es de una altura impresionante y se muestra como lo m\u00e1s destacado de este paisaje industrial de la hoy poblaci\u00f3n tur\u00edstica de Torre del Mar.<\/span><\/p>\n<p><span>Adem\u00e1s de las tres chimeneas, conserva dos edificios importantes (la casa del ingeniero y la cocina del az\u00facar) y algunos elementos tecnol\u00f3gicos significativos.<\/span><\/p>\n<p>[\/et_pb_text][\/et_pb_column][et_pb_column type=\u00bb1_2&#8243; _builder_version=\u00bb3.26.3&#8243;][et_pb_image src=\u00bbhttp:\/\/azucarenmalaga.sacvelez.es\/wp-content\/uploads\/2019\/08\/N\u00aa-S\u00aa-DEL-CARMEN-DE-TORRE.jpg\u00bb align=\u00bbcenter\u00bb _builder_version=\u00bb3.27.3&#8243;][\/et_pb_image][et_pb_text _builder_version=\u00bb4.1&#8243;]<\/p>\n<p style=\"text-align: right;\">Corona de la chimenea de la f\u00e1brica de Torre del Mar. Foto Arte Dron<\/p>\n<p>[\/et_pb_text][\/et_pb_column][\/et_pb_row][et_pb_row _builder_version=\u00bb3.27.3&#8243;][et_pb_column type=\u00bb4_4&#8243; _builder_version=\u00bb3.27.3&#8243;][et_pb_image src=\u00bbhttp:\/\/azucarenmalaga.sacvelez.es\/wp-content\/uploads\/2019\/08\/N\u00aa-S\u00aa-DEL-CARMEN-DE-TORRE-.jpg\u00bb align=\u00bbcenter\u00bb _builder_version=\u00bb3.27.3&#8243;][\/et_pb_image][et_pb_text _builder_version=\u00bb4.1&#8243;]<\/p>\n<p style=\"text-align: center;\">Vista de las tres chimeneas de la f\u00e1brica de Torre del Mar y el edificio de la cocina. Foto Arte Dron<\/p>\n<p>[\/et_pb_text][\/et_pb_column][\/et_pb_row][et_pb_row column_structure=\u00bb1_2,1_2&#8243; _builder_version=\u00bb3.26.3&#8243;][et_pb_column type=\u00bb1_2&#8243; _builder_version=\u00bb3.26.3&#8243;][et_pb_text _builder_version=\u00bb3.27.4&#8243;]<\/p>\n<h3><b>Azucarera antequerana<\/b><\/h3>\n<p><span>Desde su fundaci\u00f3n en 1890, la Azucarera fue la mayor empresa antequerana con casi 400 empleados en sus buenos tiempos.<\/span><\/p>\n<p><span>Adem\u00e1s, se fue renovando en distintas \u00e9pocas en sus edificios y tecnolog\u00eda. En la d\u00e9cada de 1930 se hicieron obras y en su chimenea se coloc\u00f3 una placa que dice: \u201cSe repar\u00f3 la corona, pararrayos y revoco de esta chimenea en 1935\u201d. Una vez cerrada la f\u00e1brica en 1983, su chimenea a\u00fan sirve, en medio del Pol\u00edgono Industrial, como s\u00edmbolo que une el pasado con el presente y recuerda las etapas de la industrializaci\u00f3n de esta ciudad.<\/span><\/p>\n<p>[\/et_pb_text][\/et_pb_column][et_pb_column type=\u00bb1_2&#8243; _builder_version=\u00bb3.26.3&#8243;][et_pb_image src=\u00bbhttp:\/\/azucarenmalaga.sacvelez.es\/wp-content\/uploads\/2019\/08\/AZUCARERA-ANTEQUERANA.jpg\u00bb align=\u00bbcenter\u00bb _builder_version=\u00bb3.27.3&#8243;][\/et_pb_image][et_pb_text _builder_version=\u00bb4.1&#8243;]<\/p>\n<p style=\"text-align: right;\">Vista parcial de la Azucarera de Antequera con la chimenea<\/p>\n<p>[\/et_pb_text][\/et_pb_column][\/et_pb_row][et_pb_row column_structure=\u00bb1_2,1_2&#8243; _builder_version=\u00bb3.26.3&#8243;][et_pb_column type=\u00bb1_2&#8243; _builder_version=\u00bb3.26.3&#8243;][et_pb_text _builder_version=\u00bb3.27.4&#8243;]<\/p>\n<h3><b>San Rafael de Benamargosa<\/b><\/h3>\n<p><span>El edificio, conocido tambi\u00e9n como f\u00e1brica de los Mart\u00ednez o la Vapora, est\u00e1 acompa\u00f1ado de una hermosa chimenea, culminada por una bella corona. Se construy\u00f3 la f\u00e1brica San Rafael en 1900 junto a la barriada del Salto del Negro para producir mieles, aprovechando una acequia que ven\u00eda del molino de ca\u00f1as y harina San Jos\u00e9, situado aguas arriba. En 1915 dej\u00f3 la f\u00e1brica San Rafael de moler ca\u00f1a, dedic\u00e1ndose a la fabricaci\u00f3n de harina.<\/span><\/p>\n<p><span>Hace unos a\u00f1os estuvo en ruina total y afeada por una construcci\u00f3n anexa. Actualmente se encuentra en restauraci\u00f3n.<\/span><\/p>\n<p>[\/et_pb_text][\/et_pb_column][et_pb_column type=\u00bb1_2&#8243; _builder_version=\u00bb3.26.3&#8243;][et_pb_image src=\u00bbhttp:\/\/azucarenmalaga.sacvelez.es\/wp-content\/uploads\/2019\/08\/SAN-RAFAEL-DE-BENAMARGOSA.jpg\u00bb align=\u00bbcenter\u00bb _builder_version=\u00bb3.27.3&#8243;][\/et_pb_image][et_pb_text _builder_version=\u00bb4.1&#8243;]<\/p>\n<p style=\"text-align: right;\">Chimenea de la f\u00e1brica de Benamargosa, con la f\u00e1brica en segundo plano<\/p>\n<p>[\/et_pb_text][\/et_pb_column][\/et_pb_row][et_pb_row column_structure=\u00bb1_2,1_2&#8243; _builder_version=\u00bb3.26.3&#8243;][et_pb_column type=\u00bb1_2&#8243; _builder_version=\u00bb3.26.3&#8243;][et_pb_text _builder_version=\u00bb3.27.4&#8243;]<\/p>\n<h3>F\u00e1brica del Tarajal<\/h3>\n<p><span>La chimenea es de planta circular\u00a0<\/span><span>y fuste cil\u00edndrico. La secci\u00f3n disminuye con la altura y est\u00e1 realizada \u00edntegramente con bloques de hormig\u00f3n refractario. Entre los bloques se aprecia la llaga con mortero de cemento que los une. A dos tercios de su altura cuenta con una plataforma circular met\u00e1lica, y otra cerca de su corona, que no cuenta con ning\u00fan tipo de remate que la adorne. <\/span><\/p>\n<p><span>Se aprecia en el tercio superior de su fuste una inscripci\u00f3n con caracteres de gran tama\u00f1o y color blanco, en disposici\u00f3n vertical con el texto AMET 1931 alusivo a la empresa y al a\u00f1o de construcci\u00f3n.<\/span><\/p>\n<p>[\/et_pb_text][\/et_pb_column][et_pb_column type=\u00bb1_2&#8243; _builder_version=\u00bb3.26.3&#8243;][et_pb_image src=\u00bbhttp:\/\/azucarenmalaga.sacvelez.es\/wp-content\/uploads\/2019\/08\/F\u00c1BRICA-DEL-TARAJAL.jpg\u00bb align=\u00bbcenter\u00bb _builder_version=\u00bb3.27.3&#8243;][\/et_pb_image][et_pb_text _builder_version=\u00bb4.1&#8243;]<\/p>\n<p style=\"text-align: right;\">Corona de la chimenea del Tarajal. Foto Arte Dron<\/p>\n<p>[\/et_pb_text][\/et_pb_column][\/et_pb_row][et_pb_row _builder_version=\u00bb3.27.3&#8243;][et_pb_column type=\u00bb4_4&#8243; _builder_version=\u00bb3.27.3&#8243;][et_pb_image src=\u00bbhttps:\/\/azucarenmalaga.sacvelez.es\/wp-content\/uploads\/2019\/08\/chimenea-tarajal-Foto-Juan-Antonio-Isla.jpg\u00bb align=\u00bbcenter\u00bb _builder_version=\u00bb4.3.2&#8243; hover_enabled=\u00bb0&#8243;][\/et_pb_image][et_pb_text _builder_version=\u00bb4.3.2&#8243; hover_enabled=\u00bb0&#8243;]<\/p>\n<p style=\"text-align: right;\">Chimenea del Tarajal. Foto Juan Antonio Isla<\/p>\n<p>[\/et_pb_text][\/et_pb_column][\/et_pb_row][\/et_pb_section]<\/p>\n","protected":false},"excerpt":{"rendered":"<p>La aparici\u00f3n de la m\u00e1quina de vapor trajo consigo la construcci\u00f3n y desarrollo de un nuevo edificio que hoy tiene valor patrimonial: la chimenea de ladrillo. Su funci\u00f3n viene dada por necesidades higienistas y est\u00e1 motivada por las denuncias de los vecinos, malos olores y producci\u00f3n de humos y gases que pueden perjudicar a los [&hellip;]<\/p>\n","protected":false},"author":1,"featured_media":0,"parent":0,"menu_order":0,"comment_status":"closed","ping_status":"closed","template":"","meta":{"_et_pb_use_builder":"on","_et_pb_old_content":"","_et_gb_content_width":"","footnotes":""},"_links":{"self":[{"href":"https:\/\/azucarenmalaga.sacvelez.es\/index.php?rest_route=\/wp\/v2\/pages\/459"}],"collection":[{"href":"https:\/\/azucarenmalaga.sacvelez.es\/index.php?rest_route=\/wp\/v2\/pages"}],"about":[{"href":"https:\/\/azucarenmalaga.sacvelez.es\/index.php?rest_route=\/wp\/v2\/types\/page"}],"author":[{"embeddable":true,"href":"https:\/\/azucarenmalaga.sacvelez.es\/index.php?rest_route=\/wp\/v2\/users\/1"}],"replies":[{"embeddable":true,"href":"https:\/\/azucarenmalaga.sacvelez.es\/index.php?rest_route=%2Fwp%2Fv2%2Fcomments&post=459"}],"version-history":[{"count":0,"href":"https:\/\/azucarenmalaga.sacvelez.es\/index.php?rest_route=\/wp\/v2\/pages\/459\/revisions"}],"wp:attachment":[{"href":"https:\/\/azucarenmalaga.sacvelez.es\/index.php?rest_route=%2Fwp%2Fv2%2Fmedia&parent=459"}],"curies":[{"name":"wp","href":"https:\/\/api.w.org\/{rel}","templated":true}]}}