{"id":379,"date":"2019-08-30T09:59:13","date_gmt":"2019-08-30T09:59:13","guid":{"rendered":"http:\/\/azucarenmalaga.sacvelez.es\/?page_id=379"},"modified":"2019-08-30T09:59:13","modified_gmt":"2019-08-30T09:59:13","slug":"literatura-2","status":"publish","type":"page","link":"https:\/\/azucarenmalaga.sacvelez.es\/?page_id=379","title":{"rendered":"Literatura"},"content":{"rendered":"<p>[et_pb_section fb_built=\u00bb1&#8243; fullwidth=\u00bbon\u00bb admin_label=\u00bbHeader Section\u00bb _builder_version=\u00bb3.27.3&#8243; background_color=\u00bb#000000&#8243; custom_padding=\u00bb|||\u00bb locked=\u00bboff\u00bb][et_pb_fullwidth_header title=\u00bbLITERAtURA\u00bb text_orientation=\u00bbcenter\u00bb header_scroll_down=\u00bbon\u00bb scroll_down_icon=\u00bb%%1%%\u00bb scroll_down_icon_color=\u00bb#ffffff\u00bb scroll_down_icon_size=\u00bb32px\u00bb background_overlay_color=\u00bbrgba(0,0,0,0.65)\u00bb content_max_width_last_edited=\u00bboff|desktop\u00bb admin_label=\u00bbContents\u00bb _builder_version=\u00bb3.27.3&#8243; title_font=\u00bbOswald|||on|\u00bb title_text_align=\u00bbcenter\u00bb title_font_size=\u00bb41px\u00bb title_letter_spacing=\u00bb0.05em\u00bb title_line_height=\u00bb1.5em\u00bb subhead_font=\u00bbNunito|600|||||||\u00bb subhead_line_height=\u00bb1.9em\u00bb background_color=\u00bb#000000&#8243; background_image=\u00bbhttp:\/\/azucarenmalaga.sacvelez.es\/wp-content\/uploads\/2019\/08\/literatura.png\u00bb custom_button_one=\u00bbon\u00bb button_one_text_size=\u00bb15px\u00bb button_one_bg_color=\u00bb#dca57d\u00bb button_one_border_width=\u00bb10px\u00bb button_one_border_color=\u00bb#dca57d\u00bb button_one_border_radius=\u00bb0px\u00bb button_one_letter_spacing=\u00bb3px\u00bb button_one_font=\u00bbOswald|||on|\u00bb button_one_use_icon=\u00bboff\u00bb custom_margin=\u00bb|||\u00bb custom_padding=\u00bb5%||5%|\u00bb animation_style=\u00bbfade\u00bb animation_starting_opacity=\u00bb50%\u00bb animation_speed_curve=\u00bbease-in\u00bb title_font_size_tablet=\u00bb24px\u00bb title_font_size_phone=\u00bb22px\u00bb title_font_size_last_edited=\u00bbon|phone\u00bb subhead_font_size_tablet=\u00bb14px\u00bb subhead_font_size_phone=\u00bb14px\u00bb subhead_font_size_last_edited=\u00bbon|tablet\u00bb button_one_border_color_hover=\u00bb#c99872&#8243; button_one_border_radius_hover=\u00bb0px\u00bb button_one_letter_spacing_hover=\u00bb3px\u00bb button_one_bg_color_hover=\u00bb#c99872&#8243; button_one_text_size__hover_enabled=\u00bboff\u00bb button_two_text_size__hover_enabled=\u00bboff\u00bb button_one_text_color__hover_enabled=\u00bboff\u00bb button_two_text_color__hover_enabled=\u00bboff\u00bb button_one_border_width__hover_enabled=\u00bboff\u00bb button_two_border_width__hover_enabled=\u00bboff\u00bb button_one_border_color__hover_enabled=\u00bbon\u00bb button_one_border_color__hover=\u00bb#c99872&#8243; button_two_border_color__hover_enabled=\u00bboff\u00bb button_one_border_radius__hover_enabled=\u00bbon\u00bb button_one_border_radius__hover=\u00bb0px\u00bb button_two_border_radius__hover_enabled=\u00bboff\u00bb button_one_letter_spacing__hover_enabled=\u00bbon\u00bb button_one_letter_spacing__hover=\u00bb3px\u00bb button_two_letter_spacing__hover_enabled=\u00bboff\u00bb button_one_bg_color__hover_enabled=\u00bbon\u00bb button_one_bg_color__hover=\u00bb#c99872&#8243; button_two_bg_color__hover_enabled=\u00bboff\u00bb][\/et_pb_fullwidth_header][\/et_pb_section][et_pb_section fb_built=\u00bb1&#8243; admin_label=\u00bbFeatures\u00bb _builder_version=\u00bb3.22&#8243; custom_padding=\u00bb39px|0px|32px|0px||\u00bb][et_pb_row column_structure=\u00bb1_2,1_2&#8243; _builder_version=\u00bb3.26.3&#8243; background_color=\u00bb#efefef\u00bb custom_margin=\u00bb||||false|false\u00bb custom_padding=\u00bb|20px||20px|false|false\u00bb][et_pb_column type=\u00bb1_2&#8243; _builder_version=\u00bb3.26.3&#8243;][et_pb_text _builder_version=\u00bb4.3.2&#8243; custom_padding=\u00bb||0px|||\u00bb hover_enabled=\u00bb0&#8243;]<\/p>\n<p><em>Shamllala Ciudad de al-Andalus perteneciente a Rayya. Se le llama tambi\u00e9n Shamllila. Est\u00e1 cerca del mar y abunda en ella la ca\u00f1a de az\u00facar y el pl\u00e1tano.<\/em><\/p>\n<p><em><img loading=\"lazy\" decoding=\"async\" src=\"https:\/\/azucarenmalaga.sacvelez.es\/wp-content\/uploads\/2020\/03\/shamllala.jpg\" width=\"467\" height=\"183\" alt=\"\" class=\"wp-image-1538 aligncenter size-full\" \/><\/em><\/p>\n<p>(Shamllala fue una ciudad andalus\u00ed al oeste del actual r\u00edo de V\u00e9lez-M\u00e1laga, en el Cerro del Toro).<\/p>\n<p style=\"text-align: right;\">Yaqut al-Hamawi (1179, Anatolia-1229, Alepo, Siria)<em>,<br \/> El libro de los pa\u00edses<\/em>, 1228<\/p>\n<p>[\/et_pb_text][\/et_pb_column][et_pb_column type=\u00bb1_2&#8243; _builder_version=\u00bb3.26.3&#8243;][et_pb_image src=\u00bbhttp:\/\/azucarenmalaga.sacvelez.es\/wp-content\/uploads\/2019\/08\/Yaqut-al-Hamawi-1179-Anatolia-1229-Alepo-SiriaEl-libro-de-los-pa\u00edses-1228.png\u00bb align=\u00bbcenter\u00bb _builder_version=\u00bb3.27.3&#8243; width=\u00bb71%\u00bb][\/et_pb_image][\/et_pb_column][\/et_pb_row][et_pb_row _builder_version=\u00bb3.27.3&#8243;][et_pb_column type=\u00bb4_4&#8243; _builder_version=\u00bb3.27.3&#8243;][et_pb_image src=\u00bbhttp:\/\/azucarenmalaga.sacvelez.es\/wp-content\/uploads\/2019\/08\/ingenio-malaga.png\u00bb align=\u00bbcenter\u00bb _builder_version=\u00bb3.27.3&#8243;][\/et_pb_image][et_pb_text _builder_version=\u00bb4.1&#8243;]<\/p>\n<p style=\"text-align: center;\">Azucarera de Torre del Mar<\/p>\n<p>[\/et_pb_text][\/et_pb_column][\/et_pb_row][et_pb_row column_structure=\u00bb1_2,1_2&#8243; _builder_version=\u00bb3.27.3&#8243;][et_pb_column type=\u00bb1_2&#8243; _builder_version=\u00bb3.27.3&#8243;][et_pb_text _builder_version=\u00bb4.1&#8243;]<\/p>\n<p><span>Los escritores europeos de la \u00e9poca reflejan en sus obras la vida durante la \u00e9poca de la Revoluci\u00f3n Industrial. El texto siguiente de Dickens es un buen retrato de una ciudad industrial inglesa, modelo que se iba a exportar por toda Europa hasta las regiones mediterr\u00e1neas:<\/span><\/p>\n<p><span>\u201cCoketown era una ciudad de ladrillos rojos, o de ladrillos que habr\u00edan sido rojos si el humo y las cenizas lo hubieran permitido\u2026 Una ciudad de m\u00e1quinas y altas chimeneas por las que sal\u00edan interminables serpientes de humo\u2026 Pasaba por ella un negro canal y un r\u00edo de aguas te\u00f1idas de p\u00farpura maloliente. Ten\u00eda grandes bloques de edificios en cuyo interior resonaba todo el d\u00eda el continuo traqueteo y temblor del \u00e9mbolo de la m\u00e1quina de vapor que sub\u00eda y bajaba con monoton\u00eda, como la cabeza de un elefante enloquecido de monoton\u00eda. Conten\u00eda varias calles muy grandes, todas muy semejantes unas a otras y muchas calles peque\u00f1as todav\u00eda m\u00e1s parecidas entre s\u00ed, habitadas por personas tambi\u00e9n iguales unas a otras, que entraban y sal\u00edan todas a las mismas horas, produciendo el mismo ruido sobre las mismas aceras, para hacer el mismo trabajo, y para quienes todos los d\u00edas eran iguales, sin diferencias entre el ayer y el ma\u00f1ana, y todos los a\u00f1os la repetici\u00f3n de los anteriores y de los siguientes\u201d.<\/span><\/p>\n<p style=\"text-align: right;\">Charles Dickens,<em> Tiempos dif\u00edciles,<\/em> 1854<\/p>\n<p>[\/et_pb_text][\/et_pb_column][et_pb_column type=\u00bb1_2&#8243; _builder_version=\u00bb3.27.3&#8243;][et_pb_image src=\u00bbhttp:\/\/azucarenmalaga.sacvelez.es\/wp-content\/uploads\/2019\/08\/Plaza-de-la-Constituci\u00f3n-con-el-edificio-de-la-Sociedad-Econ\u00f3mica-de-Amigos-del-Pa\u00eds.jpg\u00bb align=\u00bbcenter\u00bb _builder_version=\u00bb3.27.3&#8243;][\/et_pb_image][et_pb_text _builder_version=\u00bb3.27.4&#8243;]<\/p>\n<p style=\"text-align: right;\">Plaza de la Constituci\u00f3n con el edificio de la Sociedad Econ\u00f3mica de Amigos del Pa\u00eds<\/p>\n<p>[\/et_pb_text][\/et_pb_column][\/et_pb_row][et_pb_row column_structure=\u00bb1_2,1_2&#8243; _builder_version=\u00bb3.26.3&#8243;][et_pb_column type=\u00bb1_2&#8243; _builder_version=\u00bb3.26.3&#8243;][et_pb_text _builder_version=\u00bb4.3.2&#8243; hover_enabled=\u00bb0&#8243;]<\/p>\n<h3><b>Vital Aza<\/b><\/h3>\n<p><span>(1851, Lena, Asturias- 1912, Madrid)<\/span><\/p>\n<p><span>\u201cLos ge\u00f3grafos dicen que Antequera pertenece a M\u00e1laga. No es cierto. A quien pertenece es a D. Francisco Romero Robledo, su hijo predilecto y constante protector&#8230; Antequera recibi\u00f3 su decidido apoyo: empleos en Madrid, mejoras urban\u00edsticas, subvenciones oficiales para la <\/span> <span>reconstrucci\u00f3n de iglesias y monumentos, establecimiento de las primeras industrias azucareras junto con las de mantas y los c\u00e9lebres mantecados, las \u00fanicas de la ciudad , mejoras agr\u00edcolas, etc.<\/span><\/p>\n<p><span>Fueron abundantes las subvenciones p\u00fablicas del Fondo de Calamidades del Ministerio de Gobernaci\u00f3n, que hacen de Antequera y su partido una de las comarcas m\u00e1s \u00abcalamitosas\u00bb del siglo XIX&#8230;\u201d.<\/span><\/p>\n<p>[\/et_pb_text][et_pb_text _builder_version=\u00bb4.3.2&#8243; hover_enabled=\u00bb0&#8243;]<\/p>\n<p style=\"text-align: right;\">Vital Aza,<em> As\u00ed se escribe la Historia (Antequera en fiestas), <\/em>1903<\/p>\n<p>[\/et_pb_text][\/et_pb_column][et_pb_column type=\u00bb1_2&#8243; _builder_version=\u00bb3.26.3&#8243;][et_pb_image src=\u00bbhttps:\/\/azucarenmalaga.sacvelez.es\/wp-content\/uploads\/2019\/08\/Vital-Aza-As\u00ed-se-escribe-la-Historia-Antequera-en-fiestas.png\u00bb align=\u00bbcenter\u00bb _builder_version=\u00bb4.0.6&#8243;][\/et_pb_image][\/et_pb_column][\/et_pb_row][et_pb_row column_structure=\u00bb1_2,1_2&#8243; _builder_version=\u00bb3.26.3&#8243;][et_pb_column type=\u00bb1_2&#8243; _builder_version=\u00bb3.26.3&#8243;][et_pb_text _builder_version=\u00bb4.1&#8243;]<\/p>\n<h3><b>Rub\u00e9n Dar\u00edo<\/b><\/h3>\n<p><span>(1867, Ciudad Dar\u00edo, Nicaragua- 1918, Le\u00f3n, Nicaragua) <\/span><\/p>\n<p><span>\u201cEn la ciudad todo es de Larios: la propiedad, la influencia pol\u00edtica est\u00e1n en poder de este apellido. Vais por un paseo y encontr\u00e1is una estatua del marqu\u00e9s de Larios. La calle principal de la ciudad es la calle de Larios; todas las casas que forman esa calle pertenecen a los Larios; de los Larios son tambi\u00e9n otras de la ciudad. <\/span><span>Hay dos grandes f\u00e1bricas de hilados con m\u00e1s de 8.000 trabajadores y dem\u00e1s est\u00e1 deciros que son de los Larios. Hay diez f\u00e1bricas y refiner\u00edas de az\u00facar y pertenecen igual a la famosa familia. \u00bfY ese gran asilo?, de Larios. Desde Gibraltar hasta Almer\u00eda, como dicen. Todo es de ellos. \u00bfY la Catedral? \u00bfTambi\u00e9n ser\u00e1 de ellos? La Catedral \u00a1NO! Pero el reloj de la Catedral \u00a1SI! Estas son andaluzadas en serio\u201d.<\/span><\/p>\n<p style=\"text-align: right;\">Rub\u00e9n Dar\u00edo, <em>Tierras solares, <\/em>1904<\/p>\n<p>[\/et_pb_text][\/et_pb_column][et_pb_column type=\u00bb1_2&#8243; _builder_version=\u00bb3.26.3&#8243;][et_pb_image src=\u00bbhttp:\/\/azucarenmalaga.sacvelez.es\/wp-content\/uploads\/2019\/08\/Rub\u00e9n-Dar\u00edo-Tierras-solares-1904.png\u00bb align=\u00bbcenter\u00bb _builder_version=\u00bb3.27.3&#8243; width=\u00bb43%\u00bb][\/et_pb_image][\/et_pb_column][\/et_pb_row][et_pb_row column_structure=\u00bb1_2,1_2&#8243; _builder_version=\u00bb3.26.3&#8243;][et_pb_column type=\u00bb1_2&#8243; _builder_version=\u00bb3.26.3&#8243;][et_pb_text _builder_version=\u00bb4.3.2&#8243; hover_enabled=\u00bb0&#8243;]<\/p>\n<h3><b>Jos\u00e9 Mart\u00ednez Ruiz, Azor\u00edn<\/b><\/h3>\n<p><span>(1873, Mon\u00f3var, Alicante- 1967, Madrid)<\/span><\/p>\n<p><span>\u201cEl se\u00f1or Romero Robledo lee, al acaso, al descuido, en una revista la noticia de una innovaci\u00f3n agraria; inmediatamente su fantas\u00eda se exalta; luego, sin perder tiempo, da \u00f3rdenes al capataz, marcha de un lado a otro, revuelve estas tierras, revuelve aquellas, desparrama abonos, quita unos \u00e1rboles, planta otros. Y cuando ya est\u00e1 todo hecho, cuando el insigne orador ve realizada su obra, llega un amigo que dice que esto no debe estar as\u00ed sino de otra manera, o tal vez, tambi\u00e9n al acaso, el se\u00f1or Romero Robledo lee otra noticia en otra revista que contradice a la primera, y entonces el insigne orador torna a marchar de un lado a otro, da nuevas \u00f3rdenes, cambia de abonos, trae aquellos \u00e1rboles, se lleva estos [&#8230;] \u201d.<\/span><\/p>\n<p style=\"text-align: right;\">Jos\u00e9 Mart\u00ednez Ruiz, <em>Azor\u00edn<\/em>,<br \/> <em>Parlamentarismo Espa\u00f1ol,\u00a0<\/em>1916<\/p>\n<p>[\/et_pb_text][\/et_pb_column][et_pb_column type=\u00bb1_2&#8243; _builder_version=\u00bb3.26.3&#8243;][et_pb_image src=\u00bbhttp:\/\/azucarenmalaga.sacvelez.es\/wp-content\/uploads\/2019\/08\/Jos\u00e9-Mart\u00ednez-Ruiz-Azor\u00edn-Parlamentarismo-Espa\u00f1ol.png\u00bb align=\u00bbcenter\u00bb _builder_version=\u00bb3.27.3&#8243; width=\u00bb43%\u00bb][\/et_pb_image][\/et_pb_column][\/et_pb_row][et_pb_row column_structure=\u00bb1_2,1_2&#8243; _builder_version=\u00bb3.26.3&#8243;][et_pb_column type=\u00bb1_2&#8243; _builder_version=\u00bb3.26.3&#8243;][et_pb_text _builder_version=\u00bb4.3.2&#8243; hover_enabled=\u00bb0&#8243;]<\/p>\n<h3><b>Marjorie Grice-Hutchinson<\/b><\/h3>\n<p><span>(1909, Eastburne, Inglaterra &#8211; 2003, M\u00e1laga)<\/span><\/p>\n<p><span>\u201cEsta f\u00e1brica pertenece a una empresa que controla una gran parte de la producci\u00f3n nacional de az\u00facar [&#8230;]. La ca\u00f1a de az\u00facar se corta a principios de abril, fecha en que la carretera que conduce a la f\u00e1brica queda bloqueada por los grandes cortes de camiones y carros cargados hasta los topes. Esta f\u00e1brica act\u00faa como motor econ\u00f3mico de la zona, ya que da empleo a cientos de trabajadores a lo largo de la temporada. \u00c9sta se cierra a finales de mayo abri\u00e9ndose de nuevo en agosto para el proceso de la remolacha\u201d.<\/span><\/p>\n<p style=\"text-align: right;\">Marjorie Grice-Hutchinson, <em>Un cortijo en M\u00e1laga<\/em>, 1956<\/p>\n<p>[\/et_pb_text][\/et_pb_column][et_pb_column type=\u00bb1_2&#8243; _builder_version=\u00bb3.26.3&#8243;][et_pb_image src=\u00bbhttps:\/\/azucarenmalaga.sacvelez.es\/wp-content\/uploads\/2019\/08\/Marjorie-Grice-Hutchinson-Un-cortijo-en-M\u00e1laga-1956.png\u00bb align=\u00bbcenter\u00bb _builder_version=\u00bb4.0.6&#8243;][\/et_pb_image][\/et_pb_column][\/et_pb_row][et_pb_row _builder_version=\u00bb3.27.3&#8243;][et_pb_column type=\u00bb4_4&#8243; _builder_version=\u00bb3.27.3&#8243;][et_pb_image src=\u00bbhttp:\/\/azucarenmalaga.sacvelez.es\/wp-content\/uploads\/2019\/08\/Fiesta-en-el-Cortijo-del-Romeral.jpg\u00bb align=\u00bbcenter\u00bb _builder_version=\u00bb3.27.3&#8243;][\/et_pb_image][et_pb_text _builder_version=\u00bb4.3.2&#8243; hover_enabled=\u00bb0&#8243;]<\/p>\n<p style=\"text-align: right;\">Fiesta en el Cortijo del Romeral: Aqu\u00ed visit\u00f3 Azor\u00edn y entrevist\u00f3 a Romero Robledo sobre el que escribi\u00f3 dos famosos art\u00edculos en la prensa de la \u00e9poca<\/p>\n<p>[\/et_pb_text][\/et_pb_column][\/et_pb_row][et_pb_row _builder_version=\u00bb3.27.3&#8243;][et_pb_column type=\u00bb4_4&#8243; _builder_version=\u00bb3.27.3&#8243;][et_pb_text _builder_version=\u00bb4.1&#8243; text_font=\u00bbGeorgia||||||||\u00bb]<\/p>\n<h3 style=\"text-align: justify;\">Los escritores y la burgues\u00eda<\/h3>\n<p style=\"text-align: justify;\"><span>Los escritores europeos de la \u00e9poca reflejan en sus obras la vida dura de los trabajadores en las ciudades surgidas en la Revoluci\u00f3n Industrial. En cambio, no hay muchas p\u00e1ginas literarias sobre la vida de los obreros de las f\u00e1bricas malague\u00f1as y de las azucareras de la costa. Los escritores que escriben aqu\u00ed, reflejan m\u00e1s la vida y la personalidad de la burgues\u00eda malague\u00f1a, no faltando la cr\u00edtica sobre la misma.<\/span><\/p>\n<p style=\"text-align: justify;\"><span>Rub\u00e9n Dar\u00edo en su obra de 1918 <em>Tierras Solares <\/em>hace un retrato de M\u00e1laga en que refleja el tipismo y el folklorismo de la miseria. Si habla de la modernizaci\u00f3n de M\u00e1laga es para culparla de ser la causa de que se pierda lo aut\u00e9ntico, quiz\u00e1 el p\u00e1rrafo m\u00e1s brillante de la obra es el referido a los Larios. El industrial y pol\u00edtico Romero Robledo es tambi\u00e9n un personaje literario. Azor\u00edn lo visit\u00f3 en su cortijo y public\u00f3 el reportaje <em>Romero en el Romeral <\/em>en 1905. Este trabajo caus\u00f3 malestar en el pol\u00edtico porque Azor\u00edn refiere una indiscreci\u00f3n que tuvo sobre el jefe de gobierno, Villaverde. Ante las quejas del antequerano, Azor\u00edn escribi\u00f3 un segundo art\u00edculo de gran calidad y mostrando su desencanto y pesimismo por la situaci\u00f3n del pa\u00eds. Por \u00faltimo, Vital Aza escribi\u00f3 en 1903 alguna cr\u00f3nica sobre Antequera, donde muestra su desenfado e iron\u00eda sobre la ciudad, su Historia, sus gentes y su l\u00edder pol\u00edtico y econ\u00f3mico, Romero Robledo.<\/span><\/p>\n<p>[\/et_pb_text][\/et_pb_column][\/et_pb_row][\/et_pb_section]<\/p>\n","protected":false},"excerpt":{"rendered":"<p>Shamllala Ciudad de al-Andalus perteneciente a Rayya. Se le llama tambi\u00e9n Shamllila. Est\u00e1 cerca del mar y abunda en ella la ca\u00f1a de az\u00facar y el pl\u00e1tano. (Shamllala fue una ciudad andalus\u00ed al oeste del actual r\u00edo de V\u00e9lez-M\u00e1laga, en el Cerro del Toro). Yaqut al-Hamawi (1179, Anatolia-1229, Alepo, Siria), El libro de los pa\u00edses, [&hellip;]<\/p>\n","protected":false},"author":1,"featured_media":0,"parent":0,"menu_order":0,"comment_status":"closed","ping_status":"closed","template":"","meta":{"_et_pb_use_builder":"on","_et_pb_old_content":"","_et_gb_content_width":"","footnotes":""},"_links":{"self":[{"href":"https:\/\/azucarenmalaga.sacvelez.es\/index.php?rest_route=\/wp\/v2\/pages\/379"}],"collection":[{"href":"https:\/\/azucarenmalaga.sacvelez.es\/index.php?rest_route=\/wp\/v2\/pages"}],"about":[{"href":"https:\/\/azucarenmalaga.sacvelez.es\/index.php?rest_route=\/wp\/v2\/types\/page"}],"author":[{"embeddable":true,"href":"https:\/\/azucarenmalaga.sacvelez.es\/index.php?rest_route=\/wp\/v2\/users\/1"}],"replies":[{"embeddable":true,"href":"https:\/\/azucarenmalaga.sacvelez.es\/index.php?rest_route=%2Fwp%2Fv2%2Fcomments&post=379"}],"version-history":[{"count":0,"href":"https:\/\/azucarenmalaga.sacvelez.es\/index.php?rest_route=\/wp\/v2\/pages\/379\/revisions"}],"wp:attachment":[{"href":"https:\/\/azucarenmalaga.sacvelez.es\/index.php?rest_route=%2Fwp%2Fv2%2Fmedia&parent=379"}],"curies":[{"name":"wp","href":"https:\/\/api.w.org\/{rel}","templated":true}]}}