{"id":362,"date":"2019-08-30T09:36:12","date_gmt":"2019-08-30T09:36:12","guid":{"rendered":"http:\/\/azucarenmalaga.sacvelez.es\/?page_id=362"},"modified":"2019-08-30T09:36:12","modified_gmt":"2019-08-30T09:36:12","slug":"artes-plasticas","status":"publish","type":"page","link":"https:\/\/azucarenmalaga.sacvelez.es\/?page_id=362","title":{"rendered":"Artes pl\u00e1sticas"},"content":{"rendered":"<p>[et_pb_section fb_built=\u00bb1&#8243; fullwidth=\u00bbon\u00bb admin_label=\u00bbHeader Section\u00bb _builder_version=\u00bb3.27.3&#8243; background_color=\u00bb#000000&#8243; custom_padding=\u00bb|||\u00bb locked=\u00bboff\u00bb][et_pb_fullwidth_header title=\u00bbartes pl\u00e1sticas\u00bb text_orientation=\u00bbcenter\u00bb header_scroll_down=\u00bbon\u00bb scroll_down_icon=\u00bb%%1%%\u00bb scroll_down_icon_color=\u00bb#ffffff\u00bb scroll_down_icon_size=\u00bb32px\u00bb background_overlay_color=\u00bbrgba(0,0,0,0.65)\u00bb content_max_width_last_edited=\u00bboff|desktop\u00bb admin_label=\u00bbContents\u00bb _builder_version=\u00bb3.27.3&#8243; title_font=\u00bbOswald|||on|\u00bb title_text_align=\u00bbcenter\u00bb title_font_size=\u00bb41px\u00bb title_letter_spacing=\u00bb0.05em\u00bb title_line_height=\u00bb1.5em\u00bb subhead_font=\u00bbNunito|600|||||||\u00bb subhead_line_height=\u00bb1.9em\u00bb background_color=\u00bb#000000&#8243; background_image=\u00bbhttp:\/\/azucarenmalaga.sacvelez.es\/wp-content\/uploads\/2019\/08\/pentecost\u00e9s-nuestra-se\u00f1ora-de-las-angustias-nerja.png\u00bb custom_button_one=\u00bbon\u00bb button_one_text_size=\u00bb15px\u00bb button_one_bg_color=\u00bb#dca57d\u00bb button_one_border_width=\u00bb10px\u00bb button_one_border_color=\u00bb#dca57d\u00bb button_one_border_radius=\u00bb0px\u00bb button_one_letter_spacing=\u00bb3px\u00bb button_one_font=\u00bbOswald|||on|\u00bb button_one_use_icon=\u00bboff\u00bb custom_margin=\u00bb|||\u00bb custom_padding=\u00bb5%||5%|\u00bb animation_style=\u00bbfade\u00bb animation_starting_opacity=\u00bb50%\u00bb animation_speed_curve=\u00bbease-in\u00bb title_font_size_tablet=\u00bb24px\u00bb title_font_size_phone=\u00bb22px\u00bb title_font_size_last_edited=\u00bbon|phone\u00bb subhead_font_size_tablet=\u00bb14px\u00bb subhead_font_size_phone=\u00bb14px\u00bb subhead_font_size_last_edited=\u00bbon|tablet\u00bb button_one_border_color_hover=\u00bb#c99872&#8243; button_one_border_radius_hover=\u00bb0px\u00bb button_one_letter_spacing_hover=\u00bb3px\u00bb button_one_bg_color_hover=\u00bb#c99872&#8243; button_one_text_size__hover_enabled=\u00bboff\u00bb button_two_text_size__hover_enabled=\u00bboff\u00bb button_one_text_color__hover_enabled=\u00bboff\u00bb button_two_text_color__hover_enabled=\u00bboff\u00bb button_one_border_width__hover_enabled=\u00bboff\u00bb button_two_border_width__hover_enabled=\u00bboff\u00bb button_one_border_color__hover_enabled=\u00bbon\u00bb button_one_border_color__hover=\u00bb#c99872&#8243; button_two_border_color__hover_enabled=\u00bboff\u00bb button_one_border_radius__hover_enabled=\u00bbon\u00bb button_one_border_radius__hover=\u00bb0px\u00bb button_two_border_radius__hover_enabled=\u00bboff\u00bb button_one_letter_spacing__hover_enabled=\u00bbon\u00bb button_one_letter_spacing__hover=\u00bb3px\u00bb button_two_letter_spacing__hover_enabled=\u00bboff\u00bb button_one_bg_color__hover_enabled=\u00bbon\u00bb button_one_bg_color__hover=\u00bb#c99872&#8243; button_two_bg_color__hover_enabled=\u00bboff\u00bb][\/et_pb_fullwidth_header][\/et_pb_section][et_pb_section fb_built=\u00bb1&#8243; admin_label=\u00bbFeatures\u00bb _builder_version=\u00bb3.22&#8243; custom_padding=\u00bb39px|0px|32px|0px||\u00bb][et_pb_row column_structure=\u00bb1_2,1_2&#8243; _builder_version=\u00bb3.26.3&#8243; background_color=\u00bb#efefef\u00bb custom_margin=\u00bb||||false|false\u00bb custom_padding=\u00bb|20px||20px|false|false\u00bb][et_pb_column type=\u00bb1_2&#8243; _builder_version=\u00bb3.26.3&#8243;][et_pb_text _builder_version=\u00bb3.27.4&#8243; custom_padding=\u00bb||0px|||\u00bb]<\/p>\n<p><em>Los pintores\u00a0<\/em><em>del movimiento impresionista basaban su arte en la captaci\u00f3n de la luz. El todo para ellos lo eran los efectos \u00f3pticos y lum\u00ednicos que llegaban a los ojos del artista. A pesar de esto tuvieron que convivir con los avances de la tecnolog\u00eda fotogr\u00e1fica, uno de los grandes avances de su \u00e9poca, e incluso la utilizaron. As\u00ed iba a suceder despu\u00e9s muchas veces: El avance tecnol\u00f3gico acaba imponi\u00e9ndose y aporta una mejora en la calidad. La aparici\u00f3n de la fotograf\u00eda cambi\u00f3 el arte pict\u00f3rico del siglo XIX. Al principio hubo cr\u00edticas como las de Baudelaire en contra de la fotograf\u00eda como herramienta art\u00edstica o como arte. Sin embargo, la fotograf\u00eda no iba a acabar con la pintura, sino que le abri\u00f3 nuevas posibilidades t\u00e9cnicas y art\u00edsticas.<\/em><\/p>\n<p style=\"text-align: right;\"><em><\/em><\/p>\n<p>[\/et_pb_text][\/et_pb_column][et_pb_column type=\u00bb1_2&#8243; _builder_version=\u00bb3.26.3&#8243;][et_pb_image src=\u00bbhttp:\/\/azucarenmalaga.sacvelez.es\/wp-content\/uploads\/2019\/08\/Ermita-Nuestra-Se\u00f1ora-de-las-Angustias-decoraci\u00f3n-pict\u00f3rica-del-prebiterio-detalle.jpg\u00bb align=\u00bbcenter\u00bb _builder_version=\u00bb3.27.3&#8243; width=\u00bb71%\u00bb][\/et_pb_image][et_pb_text _builder_version=\u00bb4.3.2&#8243; hover_enabled=\u00bb0&#8243;]<\/p>\n<p style=\"text-align: right;\">Decoraci\u00f3n pict\u00f3rica del presbiterio. Ermita de Nerja<\/p>\n<p>[\/et_pb_text][\/et_pb_column][\/et_pb_row][et_pb_row _builder_version=\u00bb3.27.3&#8243;][et_pb_column type=\u00bb4_4&#8243; _builder_version=\u00bb3.27.3&#8243;][et_pb_image src=\u00bbhttp:\/\/azucarenmalaga.sacvelez.es\/wp-content\/uploads\/2019\/08\/Horacio-Lengo-mart\u00ednez-La-Moraga.jpg\u00bb align=\u00bbcenter\u00bb _builder_version=\u00bb3.27.3&#8243; width=\u00bb100%\u00bb][\/et_pb_image][et_pb_text _builder_version=\u00bb4.1&#8243;]<\/p>\n<p style=\"text-align: center;\">Foto Juan Antonio Isla<\/p>\n<p>[\/et_pb_text][et_pb_text _builder_version=\u00bb4.1&#8243; text_font=\u00bbGeorgia||||||||\u00bb]<\/p>\n<p style=\"text-align: justify;\">Horacio Lengo Mart\u00ednez, <em>La Moraga, <\/em>Museo del Patrimonio Municipal de M\u00e1laga, 1880. Representa una pandilla de ni\u00f1os en la playa de Pedregalejo preparando una moraga. Al fondo aparecen las chimeneas de la M\u00e1laga Industrial entre las que destaca en el centro la de la azucarera de la Malagueta.<\/p>\n<p style=\"text-align: justify;\"><span>El Patrimonio Industrial azucarero por su raigambre hist\u00f3rica en la tierra malague\u00f1a ha tenido repercusi\u00f3n en las artes pl\u00e1sticas. Algunas veces los industriales azucareros han actuado como mecenas para la creaci\u00f3n de obras religiosas como los L\u00f3pez Alc\u00e1ntara con la construcci\u00f3n de la ermita de N.\u00aa S.\u00aa de las Angustias de Nerja. Otras veces han sido los propios artistas malague\u00f1os como Bernardo Ferrandis, Antonio Mu\u00f1oz Degrain u Horacio Lengo los que han representado en sus obras aspectos de la M\u00e1laga industrial. Tambi\u00e9n fot\u00f3grafos cl\u00e1sicos como Vicente Elorduy, Jos\u00e9 Mart\u00ednez Oppelt, Jos\u00e9 Padial Bobadilla o Emilio A. Som Cerezo nos han regalado excelentes instant\u00e1neas de la industria azucarera de la primera mitad del siglo XX. El artista Jos\u00e9 Pascual ha desarrollado tambi\u00e9n unas interesantes vistas en acuarela de las antiguas factor\u00edas nerje\u00f1as. Otra forma de revivir los momentos que se fueron es lo que hace el ilustrador Antonio Salguero con sus recreaciones de la vida diaria de la industria decimon\u00f3nica. Por \u00faltimo, hay que destacar que el cine ha tratado la industria malague\u00f1a en diferentes documentales, pero tambi\u00e9n aparecen estas instalaciones como localizaciones en el cine comercial.<\/span><\/p>\n<p>&nbsp;<\/p>\n<p>[\/et_pb_text][et_pb_image src=\u00bbhttp:\/\/azucarenmalaga.sacvelez.es\/wp-content\/uploads\/2019\/08\/B.-Ferr\u00e1ndiz-y-M.-Mu\u00f1oz-Degrain-Alegor\u00eda-de-M\u00e1laga-techo-del-patio-de-butacas-del-Teatro-Cervantes-fresco-1870..jpg\u00bb align=\u00bbcenter\u00bb _builder_version=\u00bb3.27.3&#8243;][\/et_pb_image][et_pb_text _builder_version=\u00bb4.3.2&#8243; hover_enabled=\u00bb0&#8243;]<\/p>\n<p style=\"text-align: right;\">B. Ferr\u00e1ndiz y M. Mu\u00f1oz Degrain,<em> Alegor\u00eda de M\u00e1laga,<\/em> (<em>t<\/em>echo del patio de butacas del Teatro Cervantes), fresco, 1870. Foto: Juan Antonio Isla<\/p>\n<p><span>Se representa la matrona-diosa M\u00e1laga sobre un templo rodeada de los elementos destacados de la ciudad. A la derecha la azucarera de la Malagueta de Heredia.<\/span><\/p>\n<p style=\"text-align: right;\"><em><\/em><\/p>\n<p>[\/et_pb_text][\/et_pb_column][\/et_pb_row][et_pb_row column_structure=\u00bb1_2,1_2&#8243; _builder_version=\u00bb3.26.3&#8243;][et_pb_column type=\u00bb1_2&#8243; _builder_version=\u00bb3.26.3&#8243;][et_pb_text _builder_version=\u00bb3.27.4&#8243;]<\/p>\n<h3><b>Azucarera Malague\u00f1a<\/b><\/h3>\n<p><span>Ilustraci\u00f3n para una obra reciente sobre el Patrimonio Industrial de la Axarqu\u00eda. En ella aparece el interior de una f\u00e1brica azucarera en pleno proceso de producci\u00f3n en el siglo XIX. Como en otras obras, el autor nos ofrece la recreaci\u00f3n de la vida cotidiana en la M\u00e1laga de la Industrializaci\u00f3n.<\/span><\/p>\n<p>[\/et_pb_text][\/et_pb_column][et_pb_column type=\u00bb1_2&#8243; _builder_version=\u00bb3.26.3&#8243;][et_pb_image src=\u00bbhttp:\/\/azucarenmalaga.sacvelez.es\/wp-content\/uploads\/2019\/08\/Trabajo-en-el-interior-de-una.jpg\u00bb _builder_version=\u00bb3.27.3&#8243;][\/et_pb_image][et_pb_text _builder_version=\u00bb4.3.2&#8243; hover_enabled=\u00bb0&#8243;]<\/p>\n<p style=\"text-align: right;\">Trabajo en el interior de una azucarera malague\u00f1a. Ilustraci\u00f3n de Antonio Salguero<\/p>\n<p>[\/et_pb_text][\/et_pb_column][\/et_pb_row][et_pb_row column_structure=\u00bb1_2,1_2&#8243; _builder_version=\u00bb3.26.3&#8243;][et_pb_column type=\u00bb1_2&#8243; _builder_version=\u00bb3.26.3&#8243;][et_pb_text _builder_version=\u00bb3.27.4&#8243;]<\/p>\n<h3><strong>F\u00e1brica San Jos\u00e9 de Nerja<\/strong><\/h3>\n<p><span>Acuarela que refleja el paisaje azucarero de Nerja en la f\u00e1brica San Jos\u00e9 del Chaparil. El artista nos plasma en esta y otras obras el paisaje agro-industrial de la ciudad de Nerja, cuando el az\u00facar era el motor de la econom\u00eda de la poblaci\u00f3n.<\/span><\/p>\n<p>[\/et_pb_text][\/et_pb_column][et_pb_column type=\u00bb1_2&#8243; _builder_version=\u00bb3.26.3&#8243;][et_pb_image src=\u00bbhttp:\/\/azucarenmalaga.sacvelez.es\/wp-content\/uploads\/2019\/08\/F\u00e1brica-San-Jos\u00e9-o-F\u00e1brica-Larios..jpg\u00bb _builder_version=\u00bb3.27.3&#8243;][\/et_pb_image][et_pb_text _builder_version=\u00bb4.3.2&#8243; hover_enabled=\u00bb0&#8243;]<\/p>\n<p style=\"text-align: right;\">F\u00e1brica San Jos\u00e9 o F\u00e1brica Larios. Acuarela de Jos\u00e9 Pascual<\/p>\n<p>[\/et_pb_text][\/et_pb_column][\/et_pb_row][et_pb_row column_structure=\u00bb1_2,1_2&#8243; _builder_version=\u00bb3.26.3&#8243;][et_pb_column type=\u00bb1_2&#8243; _builder_version=\u00bb3.26.3&#8243;][et_pb_text _builder_version=\u00bb3.27.4&#8243;]<\/p>\n<h3><strong>F\u00e1brica de az\u00facar de Zamarrilla<\/strong><\/h3>\n<p><span>Magn\u00edfica vista de principios del siglo XX en que la Azucarera de Zamarrilla, propiedad de la familia Larios, aparece en todo su esplendor productivo. El fot\u00f3grafo nos ofrece en sus obras la presencia humana en las f\u00e1bricas de la industria malague\u00f1a.<\/span><\/p>\n<p>[\/et_pb_text][\/et_pb_column][et_pb_column type=\u00bb1_2&#8243; _builder_version=\u00bb3.26.3&#8243;][et_pb_image src=\u00bbhttp:\/\/azucarenmalaga.sacvelez.es\/wp-content\/uploads\/2019\/08\/F\u00e1brica-de-az\u00facar-de-Zamarrilla.-Fotograf\u00eda-Vicente-Tolosa-Elorduy-Colecci\u00f3n-Gustavo-S\u00e1nchez.png\u00bb _builder_version=\u00bb3.27.3&#8243;][\/et_pb_image][et_pb_text _builder_version=\u00bb4.3.2&#8243; hover_enabled=\u00bb0&#8243;]<\/p>\n<p style=\"text-align: right;\">F\u00e1brica de az\u00facar de Zamarrilla. Fotograf\u00eda Vicente Tolosa Elorduy (Colecci\u00f3n Gustavo S\u00e1nchez)<\/p>\n<p>[\/et_pb_text][\/et_pb_column][\/et_pb_row][et_pb_row column_structure=\u00bb1_2,1_2&#8243; _builder_version=\u00bb3.26.3&#8243;][et_pb_column type=\u00bb1_2&#8243; _builder_version=\u00bb3.26.3&#8243;][et_pb_text _builder_version=\u00bb3.27.4&#8243;]<\/p>\n<h3><strong>Llegada a la f\u00e1brica<\/strong><\/h3>\n<p><span>Excelente fotograf\u00eda en que se refleja la dureza del trabajo de la monda en las vegas de la costa granadina en la primera mitad del siglo XX. Este fot\u00f3grafo es la fuente gr\u00e1fica fundamental para el conocimiento de las f\u00e1bricas azucareras de entonces y de su tecnolog\u00eda. Pero lo m\u00e1s destacable de su obra es el reflejo humano en el trabajo de la monda, el transporte de la ca\u00f1a y el ambiente de las plazas de ca\u00f1as de las f\u00e1bricas, donde los tipos humanos aparecen con todo realismo y crudeza.<\/span><\/p>\n<p>[\/et_pb_text][\/et_pb_column][et_pb_column type=\u00bb1_2&#8243; _builder_version=\u00bb3.26.3&#8243;][et_pb_image src=\u00bbhttp:\/\/azucarenmalaga.sacvelez.es\/wp-content\/uploads\/2019\/08\/Plaza-de-ca\u00f1as..png\u00bb _builder_version=\u00bb3.27.3&#8243;][\/et_pb_image][et_pb_text _builder_version=\u00bb4.3.2&#8243; hover_enabled=\u00bb0&#8243;]<\/p>\n<p style=\"text-align: right;\">Plaza de ca\u00f1as. Fotograf\u00eda Jos\u00e9 Mart\u00ednez Oppelt<\/p>\n<p>[\/et_pb_text][\/et_pb_column][\/et_pb_row][et_pb_row column_structure=\u00bb1_2,1_2&#8243; _builder_version=\u00bb3.26.3&#8243;][et_pb_column type=\u00bb1_2&#8243; _builder_version=\u00bb3.26.3&#8243;][et_pb_text _builder_version=\u00bb3.27.4&#8243;]<\/p>\n<h3><b>F\u00e1brica de az\u00facar de Nerja<\/b><\/h3>\n<p><span>Esta imagen refleja el paisaje de la vega de Nerja en el momento de plena producci\u00f3n de la f\u00e1brica azucarera San Jos\u00e9 de Nerja.<\/span><\/p>\n<p><span>El trabajo de este fot\u00f3grafo nerje\u00f1o nos lleva a respirar la vida cotidiana en los a\u00f1os de la primera mitad del siglo XX con sus escenas de la pesca, el campo y sobre todo de las tareas de producci\u00f3n del az\u00facar.<\/span><\/p>\n<p>[\/et_pb_text][\/et_pb_column][et_pb_column type=\u00bb1_2&#8243; _builder_version=\u00bb3.26.3&#8243;][et_pb_image src=\u00bbhttp:\/\/azucarenmalaga.sacvelez.es\/wp-content\/uploads\/2019\/08\/F\u00e1brica-de-az\u00facar-de-Nerja..png\u00bb align=\u00bbcenter\u00bb _builder_version=\u00bb3.27.3&#8243;][\/et_pb_image][et_pb_text _builder_version=\u00bb4.3.2&#8243; hover_enabled=\u00bb0&#8243;]<\/p>\n<p style=\"text-align: right;\">F\u00e1brica de az\u00facar de Nerja. Fotograf\u00eda: Emilio A. Som Cerezo<\/p>\n<p>[\/et_pb_text][\/et_pb_column][\/et_pb_row][et_pb_row column_structure=\u00bb1_2,1_2&#8243; _builder_version=\u00bb3.26.3&#8243;][et_pb_column type=\u00bb1_2&#8243; _builder_version=\u00bb3.26.3&#8243;][et_pb_text _builder_version=\u00bb4.1&#8243;]<\/p>\n<h3><b>Trabajo en la f\u00e1brica<\/b><\/h3>\n<p><span>Escena en la que se contempla el trabajo en el interior de la f\u00e1brica de az\u00facar. Padial es un magn\u00edfico fot\u00f3grafo nerje\u00f1o que nos ha dejado escenas suficientes para revivir la vida de la posguerra en la ciudad de Nerja. Sus fotos m\u00e1s destacadas son las que nos presentan las escenas de trabajo en las que el fot\u00f3grafo da todo el protagonismo a las personas haciendo sus tareas productivas, a las que trata con toda la dignidad que se merecen.<\/span><\/p>\n<p>[\/et_pb_text][\/et_pb_column][et_pb_column type=\u00bb1_2&#8243; _builder_version=\u00bb3.26.3&#8243;][et_pb_image src=\u00bbhttp:\/\/azucarenmalaga.sacvelez.es\/wp-content\/uploads\/2019\/08\/Trabajo-en-la-f\u00e1brica..png\u00bb align=\u00bbcenter\u00bb _builder_version=\u00bb3.27.3&#8243;][\/et_pb_image][et_pb_text _builder_version=\u00bb4.3.2&#8243; hover_enabled=\u00bb0&#8243;]<\/p>\n<p style=\"text-align: right;\">Trabajo en la f\u00e1brica. Fotograf\u00eda de Jos\u00e9 Padial<\/p>\n<p>[\/et_pb_text][\/et_pb_column][\/et_pb_row][et_pb_row column_structure=\u00bb1_2,1_2&#8243; _builder_version=\u00bb3.26.3&#8243;][et_pb_column type=\u00bb1_2&#8243; _builder_version=\u00bb3.26.3&#8243;][et_pb_text _builder_version=\u00bb3.27.4&#8243;]<\/p>\n<h3><b>Fuga sin fin<\/b><\/h3>\n<p>Pel\u00edcula americana protagonizada <span>por George C. Scott que tuvo como primer director a John Huston y que termin\u00f3 Richard Fleischer. Rodada en Espa\u00f1a con algunas escenas en Nerja de las que destacamos la desarrollada en la f\u00e1brica azucarera San Jos\u00e9 en la sala de tachas.<\/span><\/p>\n<p><span>El cine tambi\u00e9n ha producido bastantes pel\u00edculas documentales sobre el funcionamiento de las f\u00e1bricas azucareras.<\/span><\/p>\n<p>[\/et_pb_text][et_pb_image src=\u00bbhttp:\/\/azucarenmalaga.sacvelez.es\/wp-content\/uploads\/2019\/08\/Fuga-sin-fin-The-Last-Rum.-Fotograma-de-la-pel\u00edcula-de-Richard-Fleischer-1971-.jpg\u00bb _builder_version=\u00bb3.27.3&#8243;][\/et_pb_image][\/et_pb_column][et_pb_column type=\u00bb1_2&#8243; _builder_version=\u00bb3.26.3&#8243;][et_pb_image src=\u00bbhttp:\/\/azucarenmalaga.sacvelez.es\/wp-content\/uploads\/2019\/08\/Fuga-sin-fin-The-Last-Rum.-Fotograma-de-la-pel\u00edcula-de-Richard-Fleischer-1971.jpg\u00bb align=\u00bbcenter\u00bb _builder_version=\u00bb3.27.3&#8243;][\/et_pb_image][et_pb_text _builder_version=\u00bb4.3.2&#8243; hover_enabled=\u00bb0&#8243;]<\/p>\n<p style=\"text-align: right;\"><em>Fuga sin fin <\/em>(<em>The Last Rum<\/em>)<em>. <\/em>Fotograma de la pel\u00edcula de Richard Fleischer (1971)<\/p>\n<p>[\/et_pb_text][\/et_pb_column][\/et_pb_row][et_pb_row _builder_version=\u00bb3.27.3&#8243;][et_pb_column type=\u00bb4_4&#8243; _builder_version=\u00bb3.27.3&#8243;][et_pb_image src=\u00bbhttp:\/\/azucarenmalaga.sacvelez.es\/wp-content\/uploads\/2019\/08\/Vista-del-interior-de-la-f\u00e1brica-San-Joaqu\u00edn-de-Maro.-Con-una-instalaci\u00f3n-art\u00edstica..jpg\u00bb align=\u00bbcenter\u00bb _builder_version=\u00bb3.27.3&#8243;][\/et_pb_image][et_pb_text _builder_version=\u00bb4.3.2&#8243; hover_enabled=\u00bb0&#8243;]<\/p>\n<p style=\"text-align: right;\">Vista del interior de la f\u00e1brica San Joaqu\u00edn de Maro. Con una instalaci\u00f3n art\u00edstica. Foto Juan Antonio Isla<\/p>\n<p>[\/et_pb_text][\/et_pb_column][\/et_pb_row][\/et_pb_section]<\/p>\n","protected":false},"excerpt":{"rendered":"<p>Los pintores\u00a0del movimiento impresionista basaban su arte en la captaci\u00f3n de la luz. El todo para ellos lo eran los efectos \u00f3pticos y lum\u00ednicos que llegaban a los ojos del artista. A pesar de esto tuvieron que convivir con los avances de la tecnolog\u00eda fotogr\u00e1fica, uno de los grandes avances de su \u00e9poca, e incluso [&hellip;]<\/p>\n","protected":false},"author":1,"featured_media":0,"parent":0,"menu_order":0,"comment_status":"closed","ping_status":"closed","template":"","meta":{"_et_pb_use_builder":"on","_et_pb_old_content":"","_et_gb_content_width":"","footnotes":""},"_links":{"self":[{"href":"https:\/\/azucarenmalaga.sacvelez.es\/index.php?rest_route=\/wp\/v2\/pages\/362"}],"collection":[{"href":"https:\/\/azucarenmalaga.sacvelez.es\/index.php?rest_route=\/wp\/v2\/pages"}],"about":[{"href":"https:\/\/azucarenmalaga.sacvelez.es\/index.php?rest_route=\/wp\/v2\/types\/page"}],"author":[{"embeddable":true,"href":"https:\/\/azucarenmalaga.sacvelez.es\/index.php?rest_route=\/wp\/v2\/users\/1"}],"replies":[{"embeddable":true,"href":"https:\/\/azucarenmalaga.sacvelez.es\/index.php?rest_route=%2Fwp%2Fv2%2Fcomments&post=362"}],"version-history":[{"count":0,"href":"https:\/\/azucarenmalaga.sacvelez.es\/index.php?rest_route=\/wp\/v2\/pages\/362\/revisions"}],"wp:attachment":[{"href":"https:\/\/azucarenmalaga.sacvelez.es\/index.php?rest_route=%2Fwp%2Fv2%2Fmedia&parent=362"}],"curies":[{"name":"wp","href":"https:\/\/api.w.org\/{rel}","templated":true}]}}