{"id":343,"date":"2019-08-30T09:06:15","date_gmt":"2019-08-30T09:06:15","guid":{"rendered":"http:\/\/azucarenmalaga.sacvelez.es\/?page_id=343"},"modified":"2019-08-30T09:06:15","modified_gmt":"2019-08-30T09:06:15","slug":"la-arquitectura-del-agua","status":"publish","type":"page","link":"https:\/\/azucarenmalaga.sacvelez.es\/?page_id=343","title":{"rendered":"La arquitectura del agua"},"content":{"rendered":"<p>[et_pb_section fb_built=\u00bb1&#8243; fullwidth=\u00bbon\u00bb admin_label=\u00bbHeader Section\u00bb _builder_version=\u00bb3.27.3&#8243; background_color=\u00bb#000000&#8243; custom_padding=\u00bb|||\u00bb locked=\u00bboff\u00bb][et_pb_fullwidth_header title=\u00bbla arquitectura del agua\u00bb text_orientation=\u00bbcenter\u00bb header_scroll_down=\u00bbon\u00bb scroll_down_icon=\u00bb%%1%%\u00bb scroll_down_icon_color=\u00bb#ffffff\u00bb scroll_down_icon_size=\u00bb32px\u00bb background_overlay_color=\u00bbrgba(0,0,0,0.65)\u00bb content_max_width_last_edited=\u00bboff|desktop\u00bb admin_label=\u00bbContents\u00bb _builder_version=\u00bb3.27.3&#8243; title_font=\u00bbOswald|||on|\u00bb title_text_align=\u00bbcenter\u00bb title_font_size=\u00bb41px\u00bb title_letter_spacing=\u00bb0.05em\u00bb title_line_height=\u00bb1.5em\u00bb subhead_font=\u00bbNunito|600|||||||\u00bb subhead_line_height=\u00bb1.9em\u00bb background_color=\u00bb#000000&#8243; background_image=\u00bbhttp:\/\/azucarenmalaga.sacvelez.es\/wp-content\/uploads\/2019\/08\/acueducto-del-rey-alhaurin.jpg\u00bb custom_button_one=\u00bbon\u00bb button_one_text_size=\u00bb15px\u00bb button_one_bg_color=\u00bb#dca57d\u00bb button_one_border_width=\u00bb10px\u00bb button_one_border_color=\u00bb#dca57d\u00bb button_one_border_radius=\u00bb0px\u00bb button_one_letter_spacing=\u00bb3px\u00bb button_one_font=\u00bbOswald|||on|\u00bb button_one_use_icon=\u00bboff\u00bb custom_margin=\u00bb|||\u00bb custom_padding=\u00bb5%||5%|\u00bb animation_style=\u00bbfade\u00bb animation_starting_opacity=\u00bb50%\u00bb animation_speed_curve=\u00bbease-in\u00bb title_font_size_tablet=\u00bb24px\u00bb title_font_size_phone=\u00bb22px\u00bb title_font_size_last_edited=\u00bbon|phone\u00bb subhead_font_size_tablet=\u00bb14px\u00bb subhead_font_size_phone=\u00bb14px\u00bb subhead_font_size_last_edited=\u00bbon|tablet\u00bb button_one_border_color_hover=\u00bb#c99872&#8243; button_one_border_radius_hover=\u00bb0px\u00bb button_one_letter_spacing_hover=\u00bb3px\u00bb button_one_bg_color_hover=\u00bb#c99872&#8243; button_one_text_size__hover_enabled=\u00bboff\u00bb button_two_text_size__hover_enabled=\u00bboff\u00bb button_one_text_color__hover_enabled=\u00bboff\u00bb button_two_text_color__hover_enabled=\u00bboff\u00bb button_one_border_width__hover_enabled=\u00bboff\u00bb button_two_border_width__hover_enabled=\u00bboff\u00bb button_one_border_color__hover_enabled=\u00bbon\u00bb button_one_border_color__hover=\u00bb#c99872&#8243; button_two_border_color__hover_enabled=\u00bboff\u00bb button_one_border_radius__hover_enabled=\u00bbon\u00bb button_one_border_radius__hover=\u00bb0px\u00bb button_two_border_radius__hover_enabled=\u00bboff\u00bb button_one_letter_spacing__hover_enabled=\u00bbon\u00bb button_one_letter_spacing__hover=\u00bb3px\u00bb button_two_letter_spacing__hover_enabled=\u00bboff\u00bb button_one_bg_color__hover_enabled=\u00bbon\u00bb button_one_bg_color__hover=\u00bb#c99872&#8243; button_two_bg_color__hover_enabled=\u00bboff\u00bb][\/et_pb_fullwidth_header][\/et_pb_section][et_pb_section fb_built=\u00bb1&#8243; admin_label=\u00bbFeatures\u00bb _builder_version=\u00bb3.22&#8243; custom_padding=\u00bb39px|0px|32px|0px||\u00bb][et_pb_row column_structure=\u00bb1_2,1_2&#8243; _builder_version=\u00bb3.26.3&#8243; background_color=\u00bb#efefef\u00bb custom_margin=\u00bb||||false|false\u00bb custom_padding=\u00bb|20px||20px|false|false\u00bb][et_pb_column type=\u00bb1_2&#8243; _builder_version=\u00bb3.26.3&#8243;][et_pb_text _builder_version=\u00bb4.3.2&#8243; custom_padding=\u00bb||0px|||\u00bb hover_enabled=\u00bb0&#8243;]<\/p>\n<p><em>En 1842 <\/em> <em>el nuevo propietario del trapiche del Prado, volver\u00e1 a plantear el problema del agua: la finca dispon\u00eda de agua propia proveniente de los manantiales\u00a0 de Puente de Palo que se conduc\u00eda por la ca\u00f1er\u00eda construida por Grivegn\u00e9e a la que correspond\u00eda la ca\u00f1er\u00eda p\u00fablica, la del arroyo pr\u00f3ximo (arroyo Regajo) que era escasa y la del arroyo de la Laja que pasa por debajo del Puente de Palo. Se detectaban p\u00e9rdidas de agua que se utilizaban en el riego de la huerta y que proced\u00eda de los nacimientos de Puente de Palo, propiedad del Trapiche. Este hecho ocasionaba un gran perjuicio para los cultivos de la finca.<\/em><\/p>\n<p style=\"text-align: right;\">Luc\u00eda Prieto,<\/p>\n<p style=\"text-align: right;\">\u00abEl Trapiche de Marbella\u00bb, 2008<\/p>\n<p>[\/et_pb_text][\/et_pb_column][et_pb_column type=\u00bb1_2&#8243; _builder_version=\u00bb3.26.3&#8243;][et_pb_image src=\u00bbhttp:\/\/azucarenmalaga.sacvelez.es\/wp-content\/uploads\/2019\/08\/fuente-del-partio-del-trapiche-del-prado-marbella.jpg\u00bb align=\u00bbcenter\u00bb _builder_version=\u00bb3.27.3&#8243; width=\u00bb71%\u00bb][\/et_pb_image][et_pb_text _builder_version=\u00bb4.3.2&#8243; hover_enabled=\u00bb0&#8243;]<\/p>\n<p style=\"text-align: right;\">Fuente del patio del Trapiche del Prado. Marbella<\/p>\n<p>[\/et_pb_text][\/et_pb_column][\/et_pb_row][et_pb_row column_structure=\u00bb1_2,1_2&#8243; _builder_version=\u00bb3.27.3&#8243;][et_pb_column type=\u00bb1_2&#8243; _builder_version=\u00bb3.27.3&#8243;][et_pb_text _builder_version=\u00bb4.3.2&#8243; hover_enabled=\u00bb0&#8243;]<\/p>\n<p><span>La industria azucarera de la costa origin\u00f3 un paisaje cultural basado en la existencia de ingenios, trapiches y f\u00e1bricas, adem\u00e1s del cultivo de la ca\u00f1a que se produce en sus f\u00e9rtiles vegas.<\/span><\/p>\n<p><span>La configuraci\u00f3n de este paisaje se compone de tres elementos f\u00edsicos necesarios: la industria azucarera, las vegas agr\u00edcolas y la arquitectura del agua. En realidad, la fertilidad de las vegas se debe a los sistemas de transporte puestos en marcha por la arquitectura del agua. Los canales principales recogen el agua de los r\u00edos y manantiales principales y la reparten a trav\u00e9s de un completo sistema de acequias que la llevan a las parcelas. Tambi\u00e9n en las vegas se produce una instalaci\u00f3n de norias mec\u00e1nicas que sacan el agua subterr\u00e1nea para llevarla por un sistema de acueductos y acequias, con la intervenci\u00f3n a veces de sifones, hasta las albercas desde donde se reparte por las parcelas.<\/span><\/p>\n<p><span>El agua es necesaria para la producci\u00f3n de ca\u00f1a en las vegas; a su vez el ingenio necesita la ca\u00f1a como materia prima y al agua como fuerza motriz; tambi\u00e9n la f\u00e1brica necesita el agua como recurso para el proceso de producci\u00f3n industrial. Se puede decir que la arquitectura del agua es el eje cultural en torno al que se ordena todo el paisaje de la ca\u00f1a de az\u00facar y que alrededor de acequias y canales se sit\u00faan todos los elementos necesarios para la producci\u00f3n del az\u00facar.<\/span><\/p>\n<p>.<\/p>\n<p>[\/et_pb_text][\/et_pb_column][et_pb_column type=\u00bb1_2&#8243; _builder_version=\u00bb3.27.3&#8243;][et_pb_image src=\u00bbhttp:\/\/azucarenmalaga.sacvelez.es\/wp-content\/uploads\/2019\/08\/acueducto-san-javier.jpg\u00bb _builder_version=\u00bb3.27.3&#8243;][\/et_pb_image][et_pb_text _builder_version=\u00bb4.3.2&#8243; hover_enabled=\u00bb0&#8243;]<\/p>\n<p style=\"text-align: right;\">Acueducto de San Javier, Torrox. Vista superior<\/p>\n<p>[\/et_pb_text][\/et_pb_column][\/et_pb_row][et_pb_row _builder_version=\u00bb3.27.3&#8243;][et_pb_column type=\u00bb4_4&#8243; _builder_version=\u00bb3.27.3&#8243;][et_pb_image src=\u00bbhttp:\/\/azucarenmalaga.sacvelez.es\/wp-content\/uploads\/2019\/08\/acueducto-san-javier.-torrox-1.png\u00bb align=\u00bbcenter\u00bb _builder_version=\u00bb3.27.3&#8243;][\/et_pb_image][et_pb_text _builder_version=\u00bb4.3.2&#8243; hover_enabled=\u00bb0&#8243;]<\/p>\n<p style=\"text-align: right;\">Acueducto de San Javier, Torrox.<\/p>\n<p>[\/et_pb_text][\/et_pb_column][\/et_pb_row][et_pb_row column_structure=\u00bb1_2,1_2&#8243; _builder_version=\u00bb3.26.3&#8243;][et_pb_column type=\u00bb1_2&#8243; _builder_version=\u00bb3.26.3&#8243;][et_pb_text _builder_version=\u00bb4.3.2&#8243; hover_enabled=\u00bb0&#8243;]<\/p>\n<h3><b>Saltos de los ingenios de Frigiliana<\/b><\/h3>\n<p><span>La acequia de L\u00edzar tiene una longitud de m\u00e1s de 6 kil\u00f3metros desde su punto de captaci\u00f3n en el r\u00edo Higuer\u00f3n hasta el pozo o alberca de L\u00edzar. Desde aqu\u00ed se distribuye el agua por las acequias de riego de Frigiliana. Antes, el agua tra\u00edda por la acequia se precipitaba por un complejo sistema de saltos de agua que mov\u00edan las ruedas hidr\u00e1ulicas de las maquinillas de Arriba (N.\u00aa S.\u00aa de los Dolores), de Enmedio (La Esperanza) y de Abajo (San Sebasti\u00e1n) para llegar a la gran rueda del ingenio de Frigiliana (San Raimundo).<\/span><\/p>\n<p>[\/et_pb_text][\/et_pb_column][et_pb_column type=\u00bb1_2&#8243; _builder_version=\u00bb3.26.3&#8243;][et_pb_image src=\u00bbhttp:\/\/azucarenmalaga.sacvelez.es\/wp-content\/uploads\/2019\/08\/saltos-de-los-ingenios-de-frigiliana.jpg\u00bb _builder_version=\u00bb3.27.3&#8243;][\/et_pb_image][et_pb_text _builder_version=\u00bb4.3.2&#8243; hover_enabled=\u00bb0&#8243;]<\/p>\n<p style=\"text-align: right;\">Saltos de los ingenios de Frigiliana<\/p>\n<p>[\/et_pb_text][\/et_pb_column][\/et_pb_row][et_pb_row column_structure=\u00bb1_2,1_2&#8243; _builder_version=\u00bb3.26.3&#8243;][et_pb_column type=\u00bb1_2&#8243; _builder_version=\u00bb3.26.3&#8243;][et_pb_text _builder_version=\u00bb3.27.4&#8243;]<\/p>\n<h3><strong>Sistema del agua en la Molineta<\/strong><\/h3>\n<p><span>Gracias a la acequia de la Molineta, se consolid\u00f3 un n\u00facleo industrial en la aldea de este nombre. Las aguas procedentes del r\u00edo Higuer\u00f3n aseguraban la producci\u00f3n de energ\u00eda hidr\u00e1ulica para mover las ruedas voladeras de molinos harineros, f\u00e1brica de papel de estraza e ingenio azucarero. Hoy, una vez que el agua ya no baja por la acequia de la Molineta, la zona se ha convertido en un tranquilo n\u00facleo residencial que conserva algunos edificios de aire industrial y algunos elementos fabriles que formaron parte de aquellas f\u00e1bricas.<\/span><\/p>\n<p>[\/et_pb_text][\/et_pb_column][et_pb_column type=\u00bb1_2&#8243; _builder_version=\u00bb3.26.3&#8243;][et_pb_image src=\u00bbhttp:\/\/azucarenmalaga.sacvelez.es\/wp-content\/uploads\/2019\/08\/sistema-de-agua-de-la-molineta.jpg\u00bb _builder_version=\u00bb3.27.3&#8243;][\/et_pb_image][et_pb_text _builder_version=\u00bb4.3.2&#8243; hover_enabled=\u00bb0&#8243;]<\/p>\n<p style=\"text-align: right;\">Entre los edificios, los canales forman el sistema de agua de la Molineta<\/p>\n<p>[\/et_pb_text][\/et_pb_column][\/et_pb_row][et_pb_row column_structure=\u00bb1_2,1_2&#8243; _builder_version=\u00bb3.26.3&#8243;][et_pb_column type=\u00bb1_2&#8243; _builder_version=\u00bb3.26.3&#8243;][et_pb_text _builder_version=\u00bb3.27.4&#8243;]<\/p>\n<h3><strong>Acueducto de San Javier<\/strong><\/h3>\n<p><span>Desde el ingenio San Rafael continua su recorrido el canal proveniente de la acequia del pueblo de Torrox y por aqu\u00ed baja paralelo al r\u00edo.<\/span><\/p>\n<p><span>En el \u00faltimo tramo antes de llegar al ingenio San Javier, se convierte en un bello acueducto de varios centenares de metros en el que podemos apreciar la esbeltez de sus arcos desde el camino paralelo. As\u00ed llega con los arcos m\u00e1s altos hasta el antiguo salto de agua.<\/span><\/p>\n<p>[\/et_pb_text][\/et_pb_column][et_pb_column type=\u00bb1_2&#8243; _builder_version=\u00bb3.26.3&#8243;][et_pb_image src=\u00bbhttp:\/\/azucarenmalaga.sacvelez.es\/wp-content\/uploads\/2019\/08\/acueducto-en-san-javier.jpg\u00bb _builder_version=\u00bb3.27.3&#8243;][\/et_pb_image][et_pb_text _builder_version=\u00bb4.3.2&#8243; hover_enabled=\u00bb0&#8243;]<\/p>\n<p style=\"text-align: right;\">Acueducto de San Javier, Torrox<\/p>\n<p>[\/et_pb_text][\/et_pb_column][\/et_pb_row][et_pb_row column_structure=\u00bb1_2,1_2&#8243; _builder_version=\u00bb3.26.3&#8243;][et_pb_column type=\u00bb1_2&#8243; _builder_version=\u00bb3.26.3&#8243;][et_pb_text _builder_version=\u00bb3.27.4&#8243;]<\/p>\n<h3><strong>Acueducto de San Rafael<\/strong><\/h3>\n<p><span>El sistema de acequias de Torrox se remonta a la \u00e9poca \u00e1rabe en que la poblaci\u00f3n se divid\u00eda en cinco alquer\u00edas, cada una ten\u00eda su sistema de abastecimiento. La acequia principal \u00abdel pueblo\u00bb tomaba su agua del r\u00edo Torrox a la altura de la f\u00e1brica de la luz, desde aqu\u00ed iba regando fincas y mov\u00eda molinos y almazaras.<\/span><\/p>\n<p><span>Despu\u00e9s de atravesar la poblaci\u00f3n, mov\u00eda las ruedas voladeras del ingenio Alto y continuaba despu\u00e9s mediante un canal m\u00e1s construido, para proporcionar energ\u00eda al ingenio Bajo.<\/span><\/p>\n<p>[\/et_pb_text][\/et_pb_column][et_pb_column type=\u00bb1_2&#8243; _builder_version=\u00bb3.26.3&#8243;][et_pb_image src=\u00bbhttp:\/\/azucarenmalaga.sacvelez.es\/wp-content\/uploads\/2019\/08\/acueducto-de-san-rafael.jpg\u00bb _builder_version=\u00bb3.27.3&#8243;][\/et_pb_image][et_pb_text _builder_version=\u00bb4.3.2&#8243; hover_enabled=\u00bb0&#8243;]<\/p>\n<p style=\"text-align: right;\">Acueducto de San Rafael, Torrox<\/p>\n<p>[\/et_pb_text][\/et_pb_column][\/et_pb_row][et_pb_row column_structure=\u00bb1_2,1_2&#8243; _builder_version=\u00bb3.26.3&#8243;][et_pb_column type=\u00bb1_2&#8243; _builder_version=\u00bb3.26.3&#8243;][et_pb_text _builder_version=\u00bb4.3.2&#8243; hover_enabled=\u00bb0&#8243;]<\/p>\n<h3><strong>Los canales de Nerja<\/strong><\/h3>\n<p><span>Nerja pose\u00eda desde la \u00e9poca andalus\u00ed las acequias Alta, de Enmedio y Baja (llamada despu\u00e9s Real o del Pueblo), que tomaban sus aguas del r\u00edo Ch\u00edllar. Estas acequias se utilizaron desde el siglo XVI para el regad\u00edo de la ca\u00f1a y para transportar el agua que mov\u00eda las ruedas de los ingenios. Despu\u00e9s proporcionaron tambi\u00e9n el agua necesaria para las f\u00e1bricas industriales. Los Larios realizaron atarjeas para salvar los desniveles del terreno y llevar el agua a la azucarera San Jos\u00e9.<\/span><\/p>\n<p>[\/et_pb_text][\/et_pb_column][et_pb_column type=\u00bb1_2&#8243; _builder_version=\u00bb3.26.3&#8243;][et_pb_image src=\u00bbhttp:\/\/azucarenmalaga.sacvelez.es\/wp-content\/uploads\/2019\/08\/los-canales-de-nerja.jpg\u00bb _builder_version=\u00bb3.27.3&#8243;][\/et_pb_image][et_pb_text _builder_version=\u00bb4.3.2&#8243; hover_enabled=\u00bb0&#8243;]<\/p>\n<p style=\"text-align: right;\">Los canales de Nerja<\/p>\n<p>[\/et_pb_text][\/et_pb_column][\/et_pb_row][et_pb_row column_structure=\u00bb1_2,1_2&#8243; _builder_version=\u00bb3.26.3&#8243;][et_pb_column type=\u00bb1_2&#8243; _builder_version=\u00bb3.26.3&#8243;][et_pb_text _builder_version=\u00bb3.27.4&#8243;]<\/p>\n<h3><strong>Sistemas de regad\u00edo en las norias de Torre del Mar y sus vegas<\/strong><\/h3>\n<p><span>Esta noria del paraje del Molino en Lagos, t\u00e9rmino de V\u00e9lez, es un ejemplo de los conjuntos hidr\u00e1ulicos instalados en las vegas del litoral para el aprovechamiento en el cultivo de la ca\u00f1a de az\u00facar.<\/span><\/p>\n<p><span>Se compone del sistema de captaci\u00f3n (la propia noria) del que adem\u00e1s del pozo, quedan solo algunos elementos del malacate; el acueducto que tiene un cierto desnivel para que el agua pueda circular y falta el sistema de almacenaje, la alberca, desde la que se distribu\u00eda el agua por atarjeas y tornas.<\/span><\/p>\n<p>[\/et_pb_text][\/et_pb_column][et_pb_column type=\u00bb1_2&#8243; _builder_version=\u00bb3.26.3&#8243;][et_pb_image src=\u00bbhttp:\/\/azucarenmalaga.sacvelez.es\/wp-content\/uploads\/2019\/08\/sistemas-de-regadio-en-las-norias-de-torre-del-mar.jpg\u00bb _builder_version=\u00bb3.27.3&#8243;][\/et_pb_image][et_pb_text _builder_version=\u00bb4.3.2&#8243; hover_enabled=\u00bb0&#8243;]<\/p>\n<p style=\"text-align: right;\">Foto: Alberto Escolano<\/p>\n<p>[\/et_pb_text][\/et_pb_column][\/et_pb_row][et_pb_row _builder_version=\u00bb3.27.3&#8243; custom_margin=\u00bb|auto|14px|auto||\u00bb custom_padding=\u00bb||0px|||\u00bb][et_pb_column type=\u00bb4_4&#8243; _builder_version=\u00bb3.27.3&#8243;][et_pb_image src=\u00bbhttp:\/\/azucarenmalaga.sacvelez.es\/wp-content\/uploads\/2019\/08\/acueducto-del-tablazo-o-del-agua-de-hierro.jpg\u00bb align=\u00bbcenter\u00bb _builder_version=\u00bb3.27.3&#8243;][\/et_pb_image][et_pb_text _builder_version=\u00bb4.3.2&#8243; hover_enabled=\u00bb0&#8243;]<\/p>\n<p style=\"text-align: right;\">Acueducto del Tablazo o del Agua de Hierro<\/p>\n<p>[\/et_pb_text][\/et_pb_column][\/et_pb_row][et_pb_row _builder_version=\u00bb3.27.3&#8243;][et_pb_column type=\u00bb4_4&#8243; _builder_version=\u00bb3.27.3&#8243;][et_pb_text _builder_version=\u00bb4.3.2&#8243; hover_enabled=\u00bb0&#8243;]<\/p>\n<h3 style=\"text-align: justify;\"><span>Sistema de acequias y acueductos en Maro y Nerja<\/span><\/h3>\n<p style=\"text-align: justify;\"><span>Maro contaba con una acequia de origen medieval que se abastec\u00eda de las aguas del nacimiento de su r\u00edo y regaba la vega y dem\u00e1s pagos, proporcionando tambi\u00e9n la energ\u00eda hidr\u00e1ulica para el funcionamiento de su ingenio azucarero.<\/span><\/p>\n<p style=\"text-align: justify;\"><span>Alrededor de 1860 Joaqu\u00edn P\u00e9rez del Pulgar, propietario de Maro, construy\u00f3 la acequia de las Mercedes para llevar el agua al pago del mismo nombre y abastecer posteriormente la f\u00e1brica azucarera San Joaqu\u00edn; para salvar el barranco de Maro fue necesario levantar una obra de ingenier\u00eda: el acueducto del \u00c1guila. Unos a\u00f1os despu\u00e9s se construy\u00f3 un segundo acueducto entre dicho pago y la cala de Burriana, denominado acueducto del Tablazo o del Agua de Hierro, por el nombre de la fuente de la que se abastecen las aguas que discurren por su canal.<\/span><\/p>\n<p style=\"text-align: justify;\"><span>Tambi\u00e9n Nerja ten\u00eda desde la Edad Media una red de acequias que regaban los pagos de la vega, especialmente para el cultivo del moral, necesario para la producci\u00f3n de la seda y, a partir del siglo XVI, imprescindibles para el riego de la ca\u00f1a y la fabricaci\u00f3n de az\u00facar. Durante el XIX era tal la importancia de estas obras que el Ayuntamiento de Nerja encargaba en exclusiva a un maestro alarife el mantenimiento de acequias y atarjeas.<\/span><\/p>\n<p style=\"text-align: justify;\"><span>Tanto en Maro como en Nerja la mayor\u00eda de estas obras siguen a\u00fan en uso.<\/span><\/p>\n<p>[\/et_pb_text][\/et_pb_column][\/et_pb_row][\/et_pb_section]<\/p>\n","protected":false},"excerpt":{"rendered":"<p>En 1842 el nuevo propietario del trapiche del Prado, volver\u00e1 a plantear el problema del agua: la finca dispon\u00eda de agua propia proveniente de los manantiales\u00a0 de Puente de Palo que se conduc\u00eda por la ca\u00f1er\u00eda construida por Grivegn\u00e9e a la que correspond\u00eda la ca\u00f1er\u00eda p\u00fablica, la del arroyo pr\u00f3ximo (arroyo Regajo) que era escasa [&hellip;]<\/p>\n","protected":false},"author":1,"featured_media":0,"parent":0,"menu_order":0,"comment_status":"closed","ping_status":"closed","template":"","meta":{"_et_pb_use_builder":"on","_et_pb_old_content":"","_et_gb_content_width":"","footnotes":""},"_links":{"self":[{"href":"https:\/\/azucarenmalaga.sacvelez.es\/index.php?rest_route=\/wp\/v2\/pages\/343"}],"collection":[{"href":"https:\/\/azucarenmalaga.sacvelez.es\/index.php?rest_route=\/wp\/v2\/pages"}],"about":[{"href":"https:\/\/azucarenmalaga.sacvelez.es\/index.php?rest_route=\/wp\/v2\/types\/page"}],"author":[{"embeddable":true,"href":"https:\/\/azucarenmalaga.sacvelez.es\/index.php?rest_route=\/wp\/v2\/users\/1"}],"replies":[{"embeddable":true,"href":"https:\/\/azucarenmalaga.sacvelez.es\/index.php?rest_route=%2Fwp%2Fv2%2Fcomments&post=343"}],"version-history":[{"count":0,"href":"https:\/\/azucarenmalaga.sacvelez.es\/index.php?rest_route=\/wp\/v2\/pages\/343\/revisions"}],"wp:attachment":[{"href":"https:\/\/azucarenmalaga.sacvelez.es\/index.php?rest_route=%2Fwp%2Fv2%2Fmedia&parent=343"}],"curies":[{"name":"wp","href":"https:\/\/api.w.org\/{rel}","templated":true}]}}