{"id":323,"date":"2019-08-30T08:35:06","date_gmt":"2019-08-30T08:35:06","guid":{"rendered":"http:\/\/azucarenmalaga.sacvelez.es\/?page_id=323"},"modified":"2019-08-30T08:35:06","modified_gmt":"2019-08-30T08:35:06","slug":"arquitectura","status":"publish","type":"page","link":"https:\/\/azucarenmalaga.sacvelez.es\/?page_id=323","title":{"rendered":"Arquitectura"},"content":{"rendered":"<p>[et_pb_section fb_built=\u00bb1&#8243; fullwidth=\u00bbon\u00bb admin_label=\u00bbHeader Section\u00bb _builder_version=\u00bb3.27.3&#8243; background_color=\u00bb#000000&#8243; custom_padding=\u00bb|||\u00bb locked=\u00bboff\u00bb][et_pb_fullwidth_header title=\u00bbarquitectura\u00bb text_orientation=\u00bbcenter\u00bb header_scroll_down=\u00bbon\u00bb scroll_down_icon=\u00bb%%1%%\u00bb scroll_down_icon_color=\u00bb#ffffff\u00bb scroll_down_icon_size=\u00bb32px\u00bb background_overlay_color=\u00bbrgba(0,0,0,0.65)\u00bb content_max_width_last_edited=\u00bboff|desktop\u00bb admin_label=\u00bbContents\u00bb _builder_version=\u00bb3.27.3&#8243; title_font=\u00bbOswald|||on|\u00bb title_text_align=\u00bbcenter\u00bb title_font_size=\u00bb41px\u00bb title_letter_spacing=\u00bb0.05em\u00bb title_line_height=\u00bb1.5em\u00bb subhead_font=\u00bbNunito|600|||||||\u00bb subhead_line_height=\u00bb1.9em\u00bb background_color=\u00bb#000000&#8243; background_image=\u00bbhttp:\/\/azucarenmalaga.sacvelez.es\/wp-content\/uploads\/2019\/08\/trapiche-del-prado-marbella.-planos.png\u00bb custom_button_one=\u00bbon\u00bb button_one_text_size=\u00bb15px\u00bb button_one_bg_color=\u00bb#dca57d\u00bb button_one_border_width=\u00bb10px\u00bb button_one_border_color=\u00bb#dca57d\u00bb button_one_border_radius=\u00bb0px\u00bb button_one_letter_spacing=\u00bb3px\u00bb button_one_font=\u00bbOswald|||on|\u00bb button_one_use_icon=\u00bboff\u00bb custom_margin=\u00bb|||\u00bb custom_padding=\u00bb5%||5%|\u00bb animation_style=\u00bbfade\u00bb animation_starting_opacity=\u00bb50%\u00bb animation_speed_curve=\u00bbease-in\u00bb title_font_size_tablet=\u00bb24px\u00bb title_font_size_phone=\u00bb22px\u00bb title_font_size_last_edited=\u00bbon|phone\u00bb subhead_font_size_tablet=\u00bb14px\u00bb subhead_font_size_phone=\u00bb14px\u00bb subhead_font_size_last_edited=\u00bbon|tablet\u00bb button_one_border_color_hover=\u00bb#c99872&#8243; button_one_border_radius_hover=\u00bb0px\u00bb button_one_letter_spacing_hover=\u00bb3px\u00bb button_one_bg_color_hover=\u00bb#c99872&#8243; button_one_text_size__hover_enabled=\u00bboff\u00bb button_two_text_size__hover_enabled=\u00bboff\u00bb button_one_text_color__hover_enabled=\u00bboff\u00bb button_two_text_color__hover_enabled=\u00bboff\u00bb button_one_border_width__hover_enabled=\u00bboff\u00bb button_two_border_width__hover_enabled=\u00bboff\u00bb button_one_border_color__hover_enabled=\u00bbon\u00bb button_one_border_color__hover=\u00bb#c99872&#8243; button_two_border_color__hover_enabled=\u00bboff\u00bb button_one_border_radius__hover_enabled=\u00bbon\u00bb button_one_border_radius__hover=\u00bb0px\u00bb button_two_border_radius__hover_enabled=\u00bboff\u00bb button_one_letter_spacing__hover_enabled=\u00bbon\u00bb button_one_letter_spacing__hover=\u00bb3px\u00bb button_two_letter_spacing__hover_enabled=\u00bboff\u00bb button_one_bg_color__hover_enabled=\u00bbon\u00bb button_one_bg_color__hover=\u00bb#c99872&#8243; button_two_bg_color__hover_enabled=\u00bboff\u00bb][\/et_pb_fullwidth_header][\/et_pb_section][et_pb_section fb_built=\u00bb1&#8243; admin_label=\u00bbFeatures\u00bb _builder_version=\u00bb3.22&#8243; custom_padding=\u00bb39px|0px|32px|0px||\u00bb][et_pb_row column_structure=\u00bb1_2,1_2&#8243; _builder_version=\u00bb3.26.3&#8243; background_color=\u00bb#efefef\u00bb custom_margin=\u00bb||||false|false\u00bb custom_padding=\u00bb|20px||20px|false|false\u00bb][et_pb_column type=\u00bb1_2&#8243; _builder_version=\u00bb3.26.3&#8243;][et_pb_text _builder_version=\u00bb4.3.2&#8243; text_font=\u00bbGeorgia||||||||\u00bb custom_padding=\u00bb||0px|||\u00bb hover_enabled=\u00bb0&#8243; header_4_font=\u00bbOswald||||||||\u00bb]<\/p>\n<h5><strong><em>Arquitectura industrial como arte<\/em><\/strong><\/h5>\n<p><em>La industria se caracteriza porque todo el proceso productivo tiene lugar en la f\u00e1brica, que quedar\u00e1 consagrada como\u00a0 el\u00a0\u00a0 espacio\u00a0 de\u00a0 la producci\u00f3n industrial moderna donde conviven los trabajadores y las m\u00e1quinas. Esto obliga a generar un tipo de arquitectura, la arquitectura industrial, que\u00a0 hoy se valora como parte del patrimonio.<\/em><\/p>\n<p style=\"text-align: right;\">Francisco Capilla Luque,<\/p>\n<p style=\"text-align: right;\">\u00abLa f\u00e1brica azucarera San Jos\u00e9 de Nerja\u00bb, 2002<\/p>\n<p>[\/et_pb_text][\/et_pb_column][et_pb_column type=\u00bb1_2&#8243; _builder_version=\u00bb3.26.3&#8243;][et_pb_image src=\u00bbhttp:\/\/azucarenmalaga.sacvelez.es\/wp-content\/uploads\/2019\/08\/fabrica-azucarera-san-jose-nerja.jpg\u00bb align=\u00bbcenter\u00bb _builder_version=\u00bb3.27.3&#8243; width=\u00bb71%\u00bb][\/et_pb_image][et_pb_text _builder_version=\u00bb4.3.2&#8243;]<\/p>\n<p style=\"text-align: right;\">Trapiche del Prado. Marbella<\/p>\n<p>[\/et_pb_text][\/et_pb_column][\/et_pb_row][et_pb_row column_structure=\u00bb1_2,1_2&#8243; _builder_version=\u00bb3.26.3&#8243;][et_pb_column type=\u00bb1_2&#8243; _builder_version=\u00bb3.26.3&#8243;][et_pb_text _builder_version=\u00bb4.1&#8243;]<\/p>\n<h3><b>Ingenio de Frigiliana<\/b><\/h3>\n<p><span>El primer conde de Frigiliana se aplic\u00f3 despu\u00e9s de 1630 a repoblar el lugar con nuevos vecinos, edificar casas, plantar ca\u00f1as y construir \u00abtrapiche para ingenio de az\u00facar\u00bb.<\/span><\/p>\n<p><span>Sin embargo, es en el siglo XVIII cuando los condes construyeron el palacio y el ingenio. Se trata de un edificio preindustrial de estilo barroco con pa\u00f1os exteriores en los que se pueden adivinar motivos de pintura que tratan de representar al trampantojo almohadillones labrados en piedra en una etapa de carencias econ\u00f3micas.<\/span><\/p>\n<p>[\/et_pb_text][\/et_pb_column][et_pb_column type=\u00bb1_2&#8243; _builder_version=\u00bb3.26.3&#8243;][et_pb_image src=\u00bbhttp:\/\/azucarenmalaga.sacvelez.es\/wp-content\/uploads\/2019\/08\/ingenio-frigiliana.png\u00bb _builder_version=\u00bb3.27.3&#8243;][\/et_pb_image][et_pb_text _builder_version=\u00bb4.3.2&#8243;]<\/p>\n<p style=\"text-align: right;\">Ingenio de Frigiliana<\/p>\n<p>[\/et_pb_text][\/et_pb_column][\/et_pb_row][et_pb_row column_structure=\u00bb1_2,1_2&#8243; _builder_version=\u00bb3.26.3&#8243;][et_pb_column type=\u00bb1_2&#8243; _builder_version=\u00bb3.26.3&#8243;][et_pb_text _builder_version=\u00bb3.27.4&#8243;]<\/p>\n<h3><strong>Trapiche del Prado de Marbella<\/strong><\/h3>\n<p><span>Se trata de un edificio preindustrial de los siglos XVII, XVIII y XIX en que destaca su aspecto palaciego en fachadas y elementos interiores. El p\u00f3rtico que se establece trata de reivindicar el edificio con forma m\u00e1s dom\u00e9stica alej\u00e1ndolo de lo estrictamente industrial y funcional. Sin embargo, los aspectos industriales aparecen imbricados en el edificio de corte barroco. As\u00ed, destacan las moliendas, la cocina, los asoladeros o el llamado \u201cpalacio de la batalla\u201d o palacio de ca\u00f1as.<\/span><\/p>\n<p>[\/et_pb_text][\/et_pb_column][et_pb_column type=\u00bb1_2&#8243; _builder_version=\u00bb3.26.3&#8243;][et_pb_image src=\u00bbhttp:\/\/azucarenmalaga.sacvelez.es\/wp-content\/uploads\/2019\/08\/trapiche-del-prado-marbella-1.jpg\u00bb _builder_version=\u00bb3.27.3&#8243;][\/et_pb_image][et_pb_text _builder_version=\u00bb4.3.2&#8243;]<\/p>\n<p style=\"text-align: right;\">Trapiche del Prado de Marbella<\/p>\n<p>[\/et_pb_text][\/et_pb_column][\/et_pb_row][et_pb_row _builder_version=\u00bb3.27.3&#8243;][et_pb_column type=\u00bb4_4&#8243; _builder_version=\u00bb3.27.3&#8243;][et_pb_image src=\u00bbhttp:\/\/azucarenmalaga.sacvelez.es\/wp-content\/uploads\/2019\/08\/fabrica-san-rafael.png\u00bb _builder_version=\u00bb3.27.3&#8243;][\/et_pb_image][et_pb_text _builder_version=\u00bb4.3.2&#8243;]<\/p>\n<p style=\"text-align: right;\">F\u00e1brica San Rafael, Torrox.<br \/> Muro exterior y entrada al recinto<\/p>\n<p>[\/et_pb_text][et_pb_text _builder_version=\u00bb4.3.2&#8243;]<\/p>\n<p style=\"text-align: justify;\"><span>Seg\u00fan A. Bonet Correa \u201cla arquitectura industrial en Espa\u00f1a constituye una parte marginada para los historiadores y cr\u00edticos de Arte. La raz\u00f3n se debe a que, salvo raras excepciones, los edificios creados para la industria se consideran excluidos de lo que se juzga con criterios \u00fanicos y sublimes de lo bello\u201d. Este an\u00e1lisis nos conduce a la conclusi\u00f3n de que el academicismo imperante en los estudios de Historia de las formas arquitect\u00f3nicas, marcadas por un ideal de belleza escol\u00e1stica, ha creado la situaci\u00f3n del olvido interesado de una modalidad de arquitectura que actualmente se sit\u00faa en el centro del quehacer vanguardista de muchos arquitectos.<\/span><\/p>\n<p style=\"text-align: justify;\"><span>En la arquitectura industrial predomina desde sus inicios un modelo funcional hacia el exterior dejando lo est\u00e9tico en un segundo plano. Hoy se miran los edificios industriales con ojos que descubren su coherencia arquitect\u00f3nica y su sentido conector entre paisajes de distintas \u00e9pocas sociales que tienen un sentido distinto de la organizaci\u00f3n del espacio. Desde hace unos a\u00f1os este legado arquitect\u00f3nico est\u00e1 siendo revisado y son muchos los pa\u00edses que lo incluyen en el Patrimonio Hist\u00f3rico.<\/span><\/p>\n<p>[\/et_pb_text][\/et_pb_column][\/et_pb_row][et_pb_row _builder_version=\u00bb3.27.3&#8243;][et_pb_column type=\u00bb4_4&#8243; _builder_version=\u00bb3.27.3&#8243;][et_pb_image src=\u00bbhttp:\/\/azucarenmalaga.sacvelez.es\/wp-content\/uploads\/2019\/08\/detalle-cornisa-del-ingenio-de-frigiliana.jpg\u00bb align=\u00bbcenter\u00bb _builder_version=\u00bb3.27.3&#8243;][\/et_pb_image][et_pb_text _builder_version=\u00bb4.3.2&#8243;]<\/p>\n<p style=\"text-align: right;\">Detalle de cornisa del ingenio de Frigiliana<\/p>\n<p>[\/et_pb_text][\/et_pb_column][\/et_pb_row][et_pb_row column_structure=\u00bb1_2,1_2&#8243; _builder_version=\u00bb3.26.3&#8243;][et_pb_column type=\u00bb1_2&#8243; _builder_version=\u00bb3.26.3&#8243;][et_pb_text _builder_version=\u00bb3.27.4&#8243;]<\/p>\n<h3><b>F\u00e1brica San Rafael de Torrox<\/b><\/h3>\n<p><span>Conserva elementos de distintas etapas, desde aspectos de su pasado preindustrial hasta la propia f\u00e1brica de \u00e9poca industrial, junto con un edificio palaciego con balcones en su fachada.<\/span><\/p>\n<p><span>La disposici\u00f3n de las cerchas guarda una relaci\u00f3n muy cercana a las cubriciones de edificios mud\u00e9jares desde la carpinter\u00eda de lo blanco.<\/span><\/p>\n<p>[\/et_pb_text][\/et_pb_column][et_pb_column type=\u00bb1_2&#8243; _builder_version=\u00bb3.26.3&#8243;][et_pb_image src=\u00bbhttp:\/\/azucarenmalaga.sacvelez.es\/wp-content\/uploads\/2019\/08\/fabrica-san-rafael-de-torrox.jpg\u00bb align=\u00bbcenter\u00bb _builder_version=\u00bb3.27.3&#8243;][\/et_pb_image][et_pb_text _builder_version=\u00bb4.3.2&#8243;]<\/p>\n<p style=\"text-align: right;\">F\u00e1brica San Rafael de Torrox<\/p>\n<p>[\/et_pb_text][\/et_pb_column][\/et_pb_row][et_pb_row column_structure=\u00bb1_2,1_2&#8243; _builder_version=\u00bb3.26.3&#8243;][et_pb_column type=\u00bb1_2&#8243; _builder_version=\u00bb3.26.3&#8243;][et_pb_text _builder_version=\u00bb3.27.4&#8243;]<\/p>\n<h3><b>Ingenio San Jos\u00e9, Antequera<\/b><\/h3>\n<p><span>La f\u00e1brica de az\u00facar de Antequera se construy\u00f3 en plena \u00e9poca de la industrializaci\u00f3n (1890-91) y sus obras fueron dirigidas por los ingenieros Luis Vasconi y Jos\u00e9 Bores. Por lo tanto, se trata de una obra plenamente fabril como un ejemplo de la tipolog\u00eda de f\u00e1brica de naves industriales con tejados a dos aguas.<\/span><\/p>\n<p>En la calle destaca la belleza de su bicrom\u00eda con fachadas blancas en las que se intercala el rojo de molduras, ventanas y cornisas.<\/p>\n<p>[\/et_pb_text][\/et_pb_column][et_pb_column type=\u00bb1_2&#8243; _builder_version=\u00bb3.26.3&#8243;][et_pb_image src=\u00bbhttp:\/\/azucarenmalaga.sacvelez.es\/wp-content\/uploads\/2019\/08\/ingenio-san-jose-antequera.jpg\u00bb align=\u00bbcenter\u00bb _builder_version=\u00bb3.27.3&#8243;][\/et_pb_image][et_pb_text _builder_version=\u00bb3.27.4&#8243;]<\/p>\n<p style=\"text-align: right;\">Ingenio San Jos\u00e9, Antequera<\/p>\n<p>[\/et_pb_text][\/et_pb_column][\/et_pb_row][et_pb_row column_structure=\u00bb1_2,1_2&#8243; _builder_version=\u00bb3.26.3&#8243;][et_pb_column type=\u00bb1_2&#8243; _builder_version=\u00bb3.26.3&#8243;][et_pb_text _builder_version=\u00bb3.27.4&#8243;]<\/p>\n<h3><b>F\u00e1brica del Tarajal, M\u00e1laga<\/b><\/h3>\n<p><span>La gran obra de la industrializaci\u00f3n malague\u00f1a utiliza como material el ladrillo, su interior es di\u00e1fano y su techumbre se sustenta sobre cerchas met\u00e1licas. En todas sus fachadas se disponen con regularidad alargados vanos de medio punto en dos hiladas superpuestas. Tiene remates con ladrillo visto en los \u00e1ngulos y las cornisas que coronan el front\u00f3n de entrada. Esta ornamentaci\u00f3n posee influencia modernista que se hace en elementos decorativos cl\u00e1sicos.<\/span><\/p>\n<p>[\/et_pb_text][\/et_pb_column][et_pb_column type=\u00bb1_2&#8243; _builder_version=\u00bb3.26.3&#8243;][et_pb_image src=\u00bbhttp:\/\/azucarenmalaga.sacvelez.es\/wp-content\/uploads\/2019\/08\/fabrica-del-tarajal-malaga.jpg\u00bb align=\u00bbcenter\u00bb _builder_version=\u00bb3.27.3&#8243;][\/et_pb_image][et_pb_text _builder_version=\u00bb4.3.2&#8243;]<\/p>\n<p style=\"text-align: right;\">F\u00e1brica del Tarajal, M\u00e1laga<\/p>\n<p>[\/et_pb_text][\/et_pb_column][\/et_pb_row][et_pb_row column_structure=\u00bb1_2,1_2&#8243; _builder_version=\u00bb3.26.3&#8243;][et_pb_column type=\u00bb1_2&#8243; _builder_version=\u00bb3.26.3&#8243;][et_pb_text _builder_version=\u00bb3.27.4&#8243;]<\/p>\n<h3><b>Torrox, aspecto preindustrial<\/b><\/h3>\n<p><span>Hasta bien entrado el siglo XIX la f\u00e1brica San Rafael fue un ingenio preindustrial, el Ingenio Bajo. El conjunto actual conserva edificaciones de diferentes momentos, destacando sus grandes espacios industriales y palaciegos del XIX. Pero entre ellos hay edificios de mayor antig\u00fcedad y construidos con otros objetivos. Hay zonas que corresponden a un ingenio hidr\u00e1ulico con acueducto y salto de agua entre edificaciones de aire m\u00e1s dom\u00e9stico y de afiliaci\u00f3n barroca.<\/span><\/p>\n<p>[\/et_pb_text][\/et_pb_column][et_pb_column type=\u00bb1_2&#8243; _builder_version=\u00bb3.26.3&#8243;][et_pb_image src=\u00bbhttp:\/\/azucarenmalaga.sacvelez.es\/wp-content\/uploads\/2019\/08\/torrox-aspecto-preindustrial.jpg\u00bb align=\u00bbcenter\u00bb _builder_version=\u00bb3.27.3&#8243;][\/et_pb_image][et_pb_text _builder_version=\u00bb4.3.2&#8243;]<\/p>\n<p style=\"text-align: right;\">A la izquierda de la imagen, ingenio preindustrial de Torrox<\/p>\n<p>[\/et_pb_text][\/et_pb_column][\/et_pb_row][et_pb_row column_structure=\u00bb1_2,1_2&#8243; _builder_version=\u00bb3.26.3&#8243;][et_pb_column type=\u00bb1_2&#8243; _builder_version=\u00bb3.26.3&#8243;][et_pb_text _builder_version=\u00bb3.27.4&#8243;]<\/p>\n<h3><b>F\u00e1brica de Torre del Mar<\/b><\/h3>\n<p><span>Est\u00e1 construida en ladrillo y tiene grandes ventanales con arcos rebajados que iluminan el interior del edificio. La restauraci\u00f3n del interior respeta los espacios di\u00e1fanos pero hay un cambio en los materiales usados para escaleras y pisos, aunque se mantienen las columnas y vigas de hierro.<\/span><\/p>\n<p>[\/et_pb_text][\/et_pb_column][et_pb_column type=\u00bb1_2&#8243; _builder_version=\u00bb3.26.3&#8243;][et_pb_image src=\u00bbhttp:\/\/azucarenmalaga.sacvelez.es\/wp-content\/uploads\/2019\/08\/fabrica-de-torre-del-mar.jpg\u00bb align=\u00bbcenter\u00bb _builder_version=\u00bb3.27.3&#8243;][\/et_pb_image][et_pb_text _builder_version=\u00bb4.3.2&#8243;]<\/p>\n<p style=\"text-align: right;\">Aspectos de muros y techumbres. Juan Antonio Isla<\/p>\n<p>[\/et_pb_text][\/et_pb_column][\/et_pb_row][et_pb_row column_structure=\u00bb1_2,1_2&#8243; _builder_version=\u00bb3.26.3&#8243;][et_pb_column type=\u00bb1_2&#8243; _builder_version=\u00bb3.26.3&#8243;][et_pb_text _builder_version=\u00bb3.27.4&#8243;]<\/p>\n<h3><b>El Trapiche de Guadaiza<\/b><\/h3>\n<p><span>El trapiche de Guadaiza naci\u00f3 en la d\u00e9cada de 1820 como conjunto fabril con espacios dedicados a la elaboraci\u00f3n del az\u00facar. Despu\u00e9s, en los 60 del mismo siglo, se readapt\u00f3 para Granja Modelo.<\/span><\/p>\n<p><span>Despu\u00e9s de a\u00f1os de abandono, ha sido restaurado recientemente y convertido en un centro cultural. La restauraci\u00f3n ha tratado de mantener su aspecto originario industrial en muros, decoraci\u00f3n, exteriores, techumbres, elemento hidr\u00e1ulicos, etc. El sal\u00f3n de actos combina la arquitectura fabril con la arquitectura moderna.<\/span><\/p>\n<p>[\/et_pb_text][\/et_pb_column][et_pb_column type=\u00bb1_2&#8243; _builder_version=\u00bb3.26.3&#8243;][et_pb_image src=\u00bbhttp:\/\/azucarenmalaga.sacvelez.es\/wp-content\/uploads\/2019\/08\/el-trapiche-de-guadaiza.jpg\u00bb align=\u00bbcenter\u00bb _builder_version=\u00bb3.27.3&#8243;][\/et_pb_image][et_pb_text _builder_version=\u00bb4.3.2&#8243;]<\/p>\n<p style=\"text-align: right;\">Trapiche de Guadaiza, Marbella<\/p>\n<p>[\/et_pb_text][\/et_pb_column][\/et_pb_row][et_pb_row _builder_version=\u00bb3.27.3&#8243;][et_pb_column type=\u00bb4_4&#8243; _builder_version=\u00bb3.27.3&#8243;][et_pb_image src=\u00bbhttp:\/\/azucarenmalaga.sacvelez.es\/wp-content\/uploads\/2019\/08\/la-fabrica-del-tarajal-y-la-fabrica-industrial.jpg\u00bb align=\u00bbcenter\u00bb _builder_version=\u00bb3.27.3&#8243;][\/et_pb_image][et_pb_text _builder_version=\u00bb4.3.2&#8243;]<\/p>\n<p style=\"text-align: right;\">F\u00e1brica del Tarajal. Foto: Juan Antonio Isla<\/p>\n<p>[\/et_pb_text][et_pb_text _builder_version=\u00bb4.1&#8243;]<\/p>\n<h3 style=\"text-align: justify;\">La arquitectura industrial y la f\u00e1brica del Tarajal<\/h3>\n<p style=\"text-align: justify;\"><span>Desde el siglo XVIII la industria adquiere gran diversificaci\u00f3n por lo que cada sector necesita un espacio apropiado para hombres y m\u00e1quinas. En los comienzos de la industrializaci\u00f3n se imita modelos anteriores dedicados a la transformaci\u00f3n de materias primas, como molinos, ferrer\u00edas y fundiciones o dedicados al almacenaje, como lonjas y dep\u00f3sitos portuarios.<\/span><\/p>\n<p style=\"text-align: justify;\"><span>Las primeras tipolog\u00edas nos recuerdan a los palacios (manufacturas reales) o a las viviendas (f\u00e1bricas de pisos). La f\u00e1brica de pisos tiene muros de piedra o ladrillo y la planta baja se ordena como un gran espacio luminoso. En la parte superior la viguer\u00eda de madera sostiene el forjado de los techos a dos aguas. La f\u00e1brica-nave se dedicaba a albergar procesos metal\u00fargicos permitiendo mayores espacios de luz. El modelo que m\u00e1s fortuna obtuvo fue el de dientes de sierra o <em>shed <\/em>para la iluminaci\u00f3n del interior. Las cubiertas se apoyan en los muros exteriores para la entrada de luz. A finales de siglo XIX se introdujeron otros modelos como la f\u00e1brica racionalista de planta di\u00e1fana y cubierta plana.<\/span><\/p>\n<p style=\"text-align: justify;\"><span>Las azucareras se adaptaron a los diferentes modelos de f\u00e1brica. La del Tarajal refleja un modelo de f\u00e1brica de pisos mientras que la de Antequera es una f\u00e1brica-nave cubierta a dos aguas. La antigua f\u00e1brica azucarera San Jos\u00e9 de Nerja combina los dos modelos en sus instalaciones.<\/span><\/p>\n<p>[\/et_pb_text][\/et_pb_column][\/et_pb_row][\/et_pb_section]<\/p>\n","protected":false},"excerpt":{"rendered":"<p>Arquitectura industrial como arte La industria se caracteriza porque todo el proceso productivo tiene lugar en la f\u00e1brica, que quedar\u00e1 consagrada como\u00a0 el\u00a0\u00a0 espacio\u00a0 de\u00a0 la producci\u00f3n industrial moderna donde conviven los trabajadores y las m\u00e1quinas. Esto obliga a generar un tipo de arquitectura, la arquitectura industrial, que\u00a0 hoy se valora como parte del patrimonio. [&hellip;]<\/p>\n","protected":false},"author":1,"featured_media":0,"parent":0,"menu_order":0,"comment_status":"closed","ping_status":"closed","template":"","meta":{"_et_pb_use_builder":"on","_et_pb_old_content":"","_et_gb_content_width":"","footnotes":""},"_links":{"self":[{"href":"https:\/\/azucarenmalaga.sacvelez.es\/index.php?rest_route=\/wp\/v2\/pages\/323"}],"collection":[{"href":"https:\/\/azucarenmalaga.sacvelez.es\/index.php?rest_route=\/wp\/v2\/pages"}],"about":[{"href":"https:\/\/azucarenmalaga.sacvelez.es\/index.php?rest_route=\/wp\/v2\/types\/page"}],"author":[{"embeddable":true,"href":"https:\/\/azucarenmalaga.sacvelez.es\/index.php?rest_route=\/wp\/v2\/users\/1"}],"replies":[{"embeddable":true,"href":"https:\/\/azucarenmalaga.sacvelez.es\/index.php?rest_route=%2Fwp%2Fv2%2Fcomments&post=323"}],"version-history":[{"count":0,"href":"https:\/\/azucarenmalaga.sacvelez.es\/index.php?rest_route=\/wp\/v2\/pages\/323\/revisions"}],"wp:attachment":[{"href":"https:\/\/azucarenmalaga.sacvelez.es\/index.php?rest_route=%2Fwp%2Fv2%2Fmedia&parent=323"}],"curies":[{"name":"wp","href":"https:\/\/api.w.org\/{rel}","templated":true}]}}