{"id":136,"date":"2019-08-29T10:17:15","date_gmt":"2019-08-29T10:17:15","guid":{"rendered":"http:\/\/azucarenmalaga.sacvelez.es\/?page_id=136"},"modified":"2019-08-29T10:17:15","modified_gmt":"2019-08-29T10:17:15","slug":"el-cultivo-de-la-cana","status":"publish","type":"page","link":"https:\/\/azucarenmalaga.sacvelez.es\/?page_id=136","title":{"rendered":"El cultivo de la ca\u00f1a"},"content":{"rendered":"<p>[et_pb_section fb_built=\u00bb1&#8243; fullwidth=\u00bbon\u00bb admin_label=\u00bbHeader Section\u00bb _builder_version=\u00bb3.26.3&#8243; background_color=\u00bb#000000&#8243; custom_padding=\u00bb|||\u00bb locked=\u00bboff\u00bb][et_pb_fullwidth_header title=\u00bbCultivo de la ca\u00f1a\u00bb text_orientation=\u00bbcenter\u00bb header_scroll_down=\u00bbon\u00bb scroll_down_icon=\u00bb%%1%%\u00bb scroll_down_icon_color=\u00bb#ffffff\u00bb scroll_down_icon_size=\u00bb32px\u00bb background_overlay_color=\u00bbrgba(0,0,0,0.65)\u00bb content_max_width_last_edited=\u00bboff|desktop\u00bb admin_label=\u00bbContents\u00bb _builder_version=\u00bb3.26.3&#8243; title_font=\u00bbOswald|||on|\u00bb title_text_align=\u00bbcenter\u00bb title_font_size=\u00bb41px\u00bb title_letter_spacing=\u00bb0.05em\u00bb title_line_height=\u00bb1.5em\u00bb subhead_font=\u00bbNunito|600|||||||\u00bb subhead_line_height=\u00bb1.9em\u00bb background_color=\u00bb#000000&#8243; background_image=\u00bbhttp:\/\/azucarenmalaga.sacvelez.es\/wp-content\/uploads\/2019\/07\/azucar-morena.jpg\u00bb custom_button_one=\u00bbon\u00bb button_one_text_size=\u00bb15px\u00bb button_one_bg_color=\u00bb#dca57d\u00bb button_one_border_width=\u00bb10px\u00bb button_one_border_color=\u00bb#dca57d\u00bb button_one_border_radius=\u00bb0px\u00bb button_one_letter_spacing=\u00bb3px\u00bb button_one_font=\u00bbOswald|||on|\u00bb button_one_use_icon=\u00bboff\u00bb custom_margin=\u00bb|||\u00bb custom_padding=\u00bb5%||5%|\u00bb animation_style=\u00bbfade\u00bb animation_starting_opacity=\u00bb50%\u00bb animation_speed_curve=\u00bbease-in\u00bb title_font_size_tablet=\u00bb24px\u00bb title_font_size_phone=\u00bb22px\u00bb title_font_size_last_edited=\u00bbon|phone\u00bb subhead_font_size_tablet=\u00bb14px\u00bb subhead_font_size_phone=\u00bb14px\u00bb subhead_font_size_last_edited=\u00bbon|tablet\u00bb button_one_border_color_hover=\u00bb#c99872&#8243; button_one_border_radius_hover=\u00bb0px\u00bb button_one_letter_spacing_hover=\u00bb3px\u00bb button_one_bg_color_hover=\u00bb#c99872&#8243; button_one_text_size__hover_enabled=\u00bboff\u00bb button_two_text_size__hover_enabled=\u00bboff\u00bb button_one_text_color__hover_enabled=\u00bboff\u00bb button_two_text_color__hover_enabled=\u00bboff\u00bb button_one_border_width__hover_enabled=\u00bboff\u00bb button_two_border_width__hover_enabled=\u00bboff\u00bb button_one_border_color__hover_enabled=\u00bbon\u00bb button_one_border_color__hover=\u00bb#c99872&#8243; button_two_border_color__hover_enabled=\u00bboff\u00bb button_one_border_radius__hover_enabled=\u00bbon\u00bb button_one_border_radius__hover=\u00bb0px\u00bb button_two_border_radius__hover_enabled=\u00bboff\u00bb button_one_letter_spacing__hover_enabled=\u00bbon\u00bb button_one_letter_spacing__hover=\u00bb3px\u00bb button_two_letter_spacing__hover_enabled=\u00bboff\u00bb button_one_bg_color__hover_enabled=\u00bbon\u00bb button_one_bg_color__hover=\u00bb#c99872&#8243; button_two_bg_color__hover_enabled=\u00bboff\u00bb][\/et_pb_fullwidth_header][\/et_pb_section][et_pb_section fb_built=\u00bb1&#8243; admin_label=\u00bbFeatures\u00bb _builder_version=\u00bb3.22&#8243; custom_padding=\u00bb39px|0px|32px|0px||\u00bb][et_pb_row column_structure=\u00bb1_2,1_2&#8243; _builder_version=\u00bb3.26.3&#8243; background_color=\u00bb#efefef\u00bb custom_margin=\u00bb||||false|false\u00bb custom_padding=\u00bb|20px||20px|false|false\u00bb][et_pb_column type=\u00bb1_2&#8243; _builder_version=\u00bb3.26.3&#8243;][et_pb_text _builder_version=\u00bb4.3.2&#8243; custom_padding=\u00bb||0px|||\u00bb hover_enabled=\u00bb0&#8243;]<\/p>\n<h5><strong><em>El carb\u00f3n en los ingenios de Torrox<\/em><\/strong><\/h5>\n<p><em>Entre las pocas f\u00e1bricas de az\u00facar que existen todav\u00eda hay que nombrar dos en plena actividad, cuyo producto no es muy inferior al az\u00facar de las\u00a0<\/em><em>Antillas. Tambi\u00e9n ha instalado recientemente una refiner\u00eda en la que ha salido un ron de calidad comparable al mejor de Jamaica.<\/em><\/p>\n<p><em>Alimenta sus calderas un carb\u00f3n de piedra tra\u00eddo de Inglaterra y a veces de las costas espa\u00f1olas del Mediterr\u00e1neo se explota desde hace alg\u00fan tiempo ese carb\u00f3n.<\/em><\/p>\n<p style=\"text-align: right;\">Bar\u00f3n de Bourgoing,<\/p>\n<p style=\"text-align: right;\"><em>Viaje por Espa\u00f1a 1777-1795<\/em><\/p>\n<p>[\/et_pb_text][\/et_pb_column][et_pb_column type=\u00bb1_2&#8243; _builder_version=\u00bb3.26.3&#8243;][et_pb_image src=\u00bbhttp:\/\/azucarenmalaga.sacvelez.es\/wp-content\/uploads\/2019\/08\/ingenio-azucarero-y-plantaciones-en-pernambuco.jpg\u00bb align=\u00bbcenter\u00bb _builder_version=\u00bb3.27.3&#8243; width=\u00bb71%\u00bb][\/et_pb_image][et_pb_text _builder_version=\u00bb4.3.2&#8243;]<\/p>\n<p style=\"text-align: center;\">Ingenio azucarero y plantaciones de ca\u00f1a y de mandioca en Pernambuco, Brasil.<\/p>\n<p>[\/et_pb_text][\/et_pb_column][\/et_pb_row][et_pb_row _builder_version=\u00bb3.26.3&#8243;][et_pb_column type=\u00bb4_4&#8243; _builder_version=\u00bb3.26.3&#8243;][et_pb_image src=\u00bbhttp:\/\/azucarenmalaga.sacvelez.es\/wp-content\/uploads\/2019\/08\/cultivo-del-azucar-en-malaga.jpg\u00bb force_fullwidth=\u00bbon\u00bb _builder_version=\u00bb3.27.3&#8243; custom_margin=\u00bb-11px||4px|||\u00bb][\/et_pb_image][et_pb_text _builder_version=\u00bb4.3.2&#8243;]<\/p>\n<p style=\"text-align: right;\">Utilizaci\u00f3n de caballer\u00edas en la explotaci\u00f3n de la ca\u00f1a<\/p>\n<p>[\/et_pb_text][\/et_pb_column][\/et_pb_row][et_pb_row column_structure=\u00bb1_2,1_2&#8243; _builder_version=\u00bb3.26.3&#8243;][et_pb_column type=\u00bb1_2&#8243; _builder_version=\u00bb3.26.3&#8243;][et_pb_text _builder_version=\u00bb3.27.4&#8243;]<span>La ca\u00f1a de az\u00facar registra una mayor acumulaci\u00f3n de az\u00facar cuando se dan las siguientes condiciones: clima seco, suelo con poca humedad, bastantes horas de luz solar, noches frescas, amplia variaci\u00f3n diurna y poqu\u00edsima lluvia dentro del periodo de maduraci\u00f3n. Desde el punto de vista ed\u00e1fico resaltan las propiedades relacionadas con la capacidad de almacenamiento de agua por el suelo (densidad aparente, velocidad de infiltraci\u00f3n, porosidad, textura de la tierra), susceptibilidad a la erosi\u00f3n h\u00eddrica o e\u00f3lica; ambiente qu\u00edmico del suelo: sales solubles, grado de acidez y de alcalinidad, entre otros. Respecto al clima, destacan la distribuci\u00f3n, intensidad y frecuencia de la lluvia, el registro de temperaturas extremas y los vientos.<\/span><\/p>\n<p><span>Las variables que influyen sobre la calidad y rendimiento del cultivo pueden modificarse hasta cierto punto teniendo en cuenta las condiciones espec\u00edficas para el lugar concreto. Entre ellas destacan el uso de variedades mejoradas, el m\u00e9todo del manejo del agua ya sea de riego o para conservar la humedad del suelo en secano, el control fitosanitario de las plagas, enfermedades y de las malezas del terreno, los periodos de labranza, el uso de insumos tanto qu\u00edmicos como org\u00e1nicos, la fertilizaci\u00f3n de la tierra, entre otros.<\/span>[\/et_pb_text][\/et_pb_column][et_pb_column type=\u00bb1_2&#8243; _builder_version=\u00bb3.26.3&#8243;][et_pb_image src=\u00bbhttp:\/\/azucarenmalaga.sacvelez.es\/wp-content\/uploads\/2019\/08\/patio-de-canas-en-torre-del-mar.jpg\u00bb _builder_version=\u00bb3.27.3&#8243;][\/et_pb_image][et_pb_text _builder_version=\u00bb4.3.2&#8243;]<\/p>\n<p style=\"text-align: right;\">Patio de ca\u00f1as de Torre del Mar. Foto cedida por Juan Ben\u00edtez<\/p>\n<p>[\/et_pb_text][\/et_pb_column][\/et_pb_row][et_pb_row _builder_version=\u00bb3.27.3&#8243;][et_pb_column type=\u00bb4_4&#8243; _builder_version=\u00bb3.27.3&#8243;][et_pb_text _builder_version=\u00bb4.1&#8243; custom_padding=\u00bb50px||||false|false\u00bb]<\/p>\n<h2>Ciclo del cultivo de la ca\u00f1a de az\u00facar<\/h2>\n<p style=\"text-align: justify;\">Desde principios del siglo XIX <span>se promueve en nuestras\u00a0\u00a0<\/span><span>costas la transformaci\u00f3n de tierras de regad\u00edo, por el sistema de colonos, para\u00a0<\/span><span>cultivar ca\u00f1a de az\u00facar, llegando a haber hacia 1920-1930 hasta 12.000\u00a0<\/span><span>hect\u00e1reas de ca\u00f1a entre Jimena de la Frontera (C\u00e1diz) y Adra (Almer\u00eda), con muchos ingenios y f\u00e1bricas azucareras en pleno funcionamiento.<\/span><\/p>\n<p>[\/et_pb_text][\/et_pb_column][\/et_pb_row][et_pb_row column_structure=\u00bb1_3,1_3,1_3&#8243; _builder_version=\u00bb3.27.3&#8243; custom_padding=\u00bb2px|||||\u00bb][et_pb_column type=\u00bb1_3&#8243; _builder_version=\u00bb3.26.3&#8243;][et_pb_image src=\u00bbhttp:\/\/azucarenmalaga.sacvelez.es\/wp-content\/uploads\/2019\/08\/preparacion-del-arado.png\u00bb align=\u00bbcenter\u00bb _builder_version=\u00bb3.27.3&#8243; width=\u00bb80%\u00bb][\/et_pb_image][et_pb_text _builder_version=\u00bb3.27.4&#8243;]<\/p>\n<h4 style=\"text-align: center;\"><strong>1. Preparaci\u00f3n del arado<\/strong><\/h4>\n<p>[\/et_pb_text][\/et_pb_column][et_pb_column type=\u00bb1_3&#8243; _builder_version=\u00bb3.26.3&#8243;][et_pb_image src=\u00bbhttp:\/\/azucarenmalaga.sacvelez.es\/wp-content\/uploads\/2019\/08\/siembra-de-la-ca\u00f1a.png\u00bb align=\u00bbcenter\u00bb _builder_version=\u00bb3.27.3&#8243; width=\u00bb100%\u00bb][\/et_pb_image][et_pb_text _builder_version=\u00bb3.27.4&#8243;]<\/p>\n<h4 style=\"text-align: center;\"><strong>2. Siembra de la ca\u00f1a<\/strong><\/h4>\n<p>[\/et_pb_text][\/et_pb_column][et_pb_column type=\u00bb1_3&#8243; _builder_version=\u00bb3.26.3&#8243;][et_pb_image src=\u00bbhttp:\/\/azucarenmalaga.sacvelez.es\/wp-content\/uploads\/2019\/08\/limpieza-del-terreno.png\u00bb align=\u00bbcenter\u00bb _builder_version=\u00bb3.27.3&#8243; width=\u00bb100%\u00bb][\/et_pb_image][et_pb_text _builder_version=\u00bb3.27.4&#8243;]<\/p>\n<h4 style=\"text-align: center;\"><strong>3. Limpieza del terreno<\/strong><\/h4>\n<p>[\/et_pb_text][\/et_pb_column][\/et_pb_row][et_pb_row column_structure=\u00bb1_3,1_3,1_3&#8243; _builder_version=\u00bb3.27.3&#8243; custom_padding=\u00bb2px|||||\u00bb][et_pb_column type=\u00bb1_3&#8243; _builder_version=\u00bb3.26.3&#8243;][et_pb_image src=\u00bbhttp:\/\/azucarenmalaga.sacvelez.es\/wp-content\/uploads\/2019\/08\/fertilizacion-y-riego.png\u00bb align=\u00bbcenter\u00bb _builder_version=\u00bb3.27.3&#8243; width=\u00bb80%\u00bb][\/et_pb_image][et_pb_text _builder_version=\u00bb3.27.4&#8243;]<\/p>\n<h4 style=\"text-align: center;\"><strong>4. Fertilizaci\u00f3n y riego<\/strong><\/h4>\n<p>[\/et_pb_text][\/et_pb_column][et_pb_column type=\u00bb1_3&#8243; _builder_version=\u00bb3.26.3&#8243;][et_pb_image src=\u00bbhttp:\/\/azucarenmalaga.sacvelez.es\/wp-content\/uploads\/2019\/08\/control-de-plagas.png\u00bb align=\u00bbcenter\u00bb _builder_version=\u00bb3.27.3&#8243; width=\u00bb100%\u00bb][\/et_pb_image][et_pb_text _builder_version=\u00bb3.27.4&#8243;]<\/p>\n<h4 style=\"text-align: center;\"><strong>5. Control de plagas<\/strong><\/h4>\n<p>[\/et_pb_text][\/et_pb_column][et_pb_column type=\u00bb1_3&#8243; _builder_version=\u00bb3.26.3&#8243;][et_pb_image src=\u00bbhttp:\/\/azucarenmalaga.sacvelez.es\/wp-content\/uploads\/2019\/08\/control-de-plagas-2.png\u00bb align=\u00bbcenter\u00bb _builder_version=\u00bb3.27.3&#8243; width=\u00bb100%\u00bb][\/et_pb_image][et_pb_text _builder_version=\u00bb3.27.4&#8243;]<\/p>\n<h4 style=\"text-align: center;\"><strong>6. Control de malezas<\/strong><\/h4>\n<p>[\/et_pb_text][\/et_pb_column][\/et_pb_row][et_pb_row column_structure=\u00bb1_3,1_3,1_3&#8243; _builder_version=\u00bb3.27.3&#8243; custom_padding=\u00bb2px|||||\u00bb][et_pb_column type=\u00bb1_3&#8243; _builder_version=\u00bb3.26.3&#8243;][et_pb_image src=\u00bbhttp:\/\/azucarenmalaga.sacvelez.es\/wp-content\/uploads\/2019\/08\/fumigacion.png\u00bb align=\u00bbcenter\u00bb _builder_version=\u00bb3.27.3&#8243; width=\u00bb80%\u00bb][\/et_pb_image][et_pb_text _builder_version=\u00bb3.27.4&#8243;]<\/p>\n<h4 style=\"text-align: center;\"><strong>7. Fumigaci\u00f3n<\/strong><\/h4>\n<p>[\/et_pb_text][\/et_pb_column][et_pb_column type=\u00bb1_3&#8243; _builder_version=\u00bb3.26.3&#8243;][et_pb_image src=\u00bbhttp:\/\/azucarenmalaga.sacvelez.es\/wp-content\/uploads\/2019\/08\/quema-de-la-ca\u00f1a.png\u00bb align=\u00bbcenter\u00bb _builder_version=\u00bb3.27.3&#8243; width=\u00bb100%\u00bb][\/et_pb_image][et_pb_text _builder_version=\u00bb3.27.4&#8243;]<\/p>\n<h4 style=\"text-align: center;\"><strong>8. Quema de la ca\u00f1a<\/strong><\/h4>\n<p>[\/et_pb_text][\/et_pb_column][et_pb_column type=\u00bb1_3&#8243; _builder_version=\u00bb3.26.3&#8243;][et_pb_image src=\u00bbhttp:\/\/azucarenmalaga.sacvelez.es\/wp-content\/uploads\/2019\/08\/zafra-o-monda.png\u00bb align=\u00bbcenter\u00bb _builder_version=\u00bb3.27.3&#8243; width=\u00bb100%\u00bb][\/et_pb_image][et_pb_text _builder_version=\u00bb3.27.4&#8243;]<\/p>\n<h4 style=\"text-align: center;\"><strong>9. Zafra o monda<\/strong><\/h4>\n<p>[\/et_pb_text][\/et_pb_column][\/et_pb_row][et_pb_row column_structure=\u00bb1_3,1_3,1_3&#8243; _builder_version=\u00bb3.27.3&#8243; custom_padding=\u00bb2px|||||\u00bb][et_pb_column type=\u00bb1_3&#8243; _builder_version=\u00bb3.26.3&#8243;][\/et_pb_column][et_pb_column type=\u00bb1_3&#8243; _builder_version=\u00bb3.26.3&#8243;][et_pb_image src=\u00bbhttp:\/\/azucarenmalaga.sacvelez.es\/wp-content\/uploads\/2019\/08\/transporte.png\u00bb align=\u00bbcenter\u00bb _builder_version=\u00bb3.27.3&#8243; width=\u00bb100%\u00bb][\/et_pb_image][et_pb_text _builder_version=\u00bb3.29.3&#8243;]<\/p>\n<h4 style=\"text-align: center;\"><strong>10. Traslado a la f\u00e1brica<\/strong><\/h4>\n<p>[\/et_pb_text][\/et_pb_column][et_pb_column type=\u00bb1_3&#8243; _builder_version=\u00bb3.26.3&#8243;][\/et_pb_column][\/et_pb_row][et_pb_row _builder_version=\u00bb3.27.3&#8243;][et_pb_column type=\u00bb4_4&#8243; _builder_version=\u00bb3.27.3&#8243;][et_pb_text _builder_version=\u00bb4.1&#8243;]<\/p>\n<h3 style=\"text-align: justify;\"><strong>Primeras labores<\/strong><\/h3>\n<p style=\"text-align: justify;\"><span>Una vez preparado el terreno, de las ca\u00f1as ya cortadas se utilizan los canutos superiores para las nuevas plantaciones. El control de malezas y plagas se hace necesario desde los primeros meses del florecimiento de la ca\u00f1a. Al ser una planta necesitada de gran cantidad de agua se hace necesario el riego a lo largo de todo su ciclo de vida.<\/span><\/p>\n<p style=\"text-align: justify;\"><span><\/span><\/p>\n<h3 style=\"text-align: justify;\"><strong>Cuidados para la cosecha<\/strong><\/h3>\n<p style=\"text-align: justify;\"><span>La cosecha se hace cort\u00e1ndose de un golpe mediante cuchillos, machetes o peque\u00f1as hachas con mango de madera lo m\u00e1s cerca posible del rizoma, pues los canutos inferiores contienen mayor cantidad de az\u00facar. Se separan las hojas y se forman haces de 20-25 ca\u00f1as que son conducidas hasta la f\u00e1brica.<\/span><\/p>\n<p style=\"text-align: justify;\"><span><\/span><\/p>\n<h3 style=\"text-align: justify;\"><strong>Poco tiempo para la extracci\u00f3n<\/strong><\/h3>\n<p style=\"text-align: justify;\"><span>Las ca\u00f1as fermentan a las pocas horas de haber sido cortadas, de ah\u00ed que, para obtener un zumo de excelente calidad, se ha de proceder a la extracci\u00f3n del mismo, instantes despu\u00e9s de efectuada la cosecha, puesto que a medida que transcurre el tiempo desde el corte de la misma, se pierde calidad en el producto resultante. Se hace por tanto conveniente no dilatar el transporte desde la vega hasta la f\u00e1brica azucarera. Una vez en el recinto fabril, la ca\u00f1a se someter\u00e1 a distintos procesos mec\u00e1nicos con el objetivo de conseguir un az\u00facar de excelente calidad.<\/span><\/p>\n<p>[\/et_pb_text][et_pb_image src=\u00bbhttp:\/\/azucarenmalaga.sacvelez.es\/wp-content\/uploads\/2019\/08\/herramienta-para-cana-de-azucar.jpg\u00bb align=\u00bbcenter\u00bb _builder_version=\u00bb4.0.6&#8243; height=\u00bb333px\u00bb][\/et_pb_image][et_pb_text _builder_version=\u00bb4.1&#8243;]<\/p>\n<p style=\"text-align: center;\">Hachuela para la corta de la ca\u00f1a<\/p>\n<p>[\/et_pb_text][\/et_pb_column][\/et_pb_row][et_pb_row column_structure=\u00bb1_2,1_2&#8243; _builder_version=\u00bb3.27.3&#8243;][et_pb_column type=\u00bb1_2&#8243; _builder_version=\u00bb3.27.3&#8243;][et_pb_text _builder_version=\u00bb4.1&#8243;]<\/p>\n<h3><strong>Suelo adecuado para el cultivo<\/strong><\/h3>\n<p><span>El suelo donde se ha de cultivar la ca\u00f1a de az\u00facar ha de ser un suelo bien drenado, profundo, franco, con una densidad aparente de 1,1 a 1,2 g\/cm y una porosidad total superior al 50%.<\/span><\/p>\n<p><span>La ca\u00f1a tolera altas tasas de acidez y alcalinidad de suelo. Su ph puede oscilar entre 5,0 y 8,5.<\/span><\/p>\n<p>[\/et_pb_text][\/et_pb_column][et_pb_column type=\u00bb1_2&#8243; _builder_version=\u00bb3.27.3&#8243;][et_pb_image src=\u00bbhttp:\/\/azucarenmalaga.sacvelez.es\/wp-content\/uploads\/2019\/08\/azucarera-en-torre-del-mar.png\u00bb _builder_version=\u00bb3.27.3&#8243;][\/et_pb_image][et_pb_text _builder_version=\u00bb4.1&#8243;]<\/p>\n<p style=\"text-align: right;\">Azucarera de Torre del Mar<\/p>\n<p>[\/et_pb_text][\/et_pb_column][\/et_pb_row][et_pb_row column_structure=\u00bb1_2,1_2&#8243; _builder_version=\u00bb3.27.3&#8243;][et_pb_column type=\u00bb1_2&#8243; _builder_version=\u00bb3.27.3&#8243;][et_pb_text _builder_version=\u00bb4.3.2&#8243;]<\/p>\n<h3>Condiciones clim\u00e1ticas \u00f3ptimas para su cultivo<\/h3>\n<p>&#8211;<strong>Lluvia<\/strong>: Las lluvias deben ser constantes a lo largo de todo el periodo de crecimiento de la planta. De manera m\u00e1s intensa se deben registrar en los meses de crecimiento vegetativo.<\/p>\n<p>&#8211;<strong>Humedad<\/strong>. La humedad durante la \u00e9poca de crecimiento debe ser muy alta, en torno al 80-85%. En la etapa de maduraci\u00f3n es suficiente una humedad del 40 al 45%.<\/p>\n<p>&#8211;<strong>Temperatura<\/strong>. Es necesario que se registren temperaturas entre 25\u00baC y 32\u00baC. Por debajo de 0\u00baC se registra congelaci\u00f3n de la planta.<\/p>\n<p>&#8211;<strong>Luz solar<\/strong>. Es necesario que la planta reciba entre 18 &#8211; 36 MJ\/metros cuadrados para poder desarrollar altas tasas de fotos\u00edntesis, lo que redundar\u00e1 en una mayor cantidad de sacarosa.<\/p>\n<p>[\/et_pb_text][\/et_pb_column][et_pb_column type=\u00bb1_2&#8243; _builder_version=\u00bb3.27.3&#8243;][et_pb_image src=\u00bbhttp:\/\/azucarenmalaga.sacvelez.es\/wp-content\/uploads\/2019\/08\/azucarera-en-torre-del-mar.png\u00bb _builder_version=\u00bb3.27.3&#8243;][\/et_pb_image][et_pb_text _builder_version=\u00bb4.1&#8243;]<\/p>\n<p style=\"text-align: right;\">Azucarera de Torre del Mar<\/p>\n<p>[\/et_pb_text][\/et_pb_column][\/et_pb_row][et_pb_row column_structure=\u00bb1_2,1_2&#8243; _builder_version=\u00bb3.27.3&#8243;][et_pb_column type=\u00bb1_2&#8243; _builder_version=\u00bb3.27.3&#8243;][et_pb_image src=\u00bbhttp:\/\/azucarenmalaga.sacvelez.es\/wp-content\/uploads\/2019\/08\/camion-cana-jose-martinez-oppelt.jpg\u00bb align=\u00bbcenter\u00bb _builder_version=\u00bb3.27.3&#8243;][\/et_pb_image][et_pb_text _builder_version=\u00bb4.3.2&#8243;]<\/p>\n<p style=\"text-align: right;\">Foto Jos\u00e9 Mart\u00ednez Oppelt<\/p>\n<p>[\/et_pb_text][\/et_pb_column][et_pb_column type=\u00bb1_2&#8243; _builder_version=\u00bb3.27.3&#8243;][et_pb_text _builder_version=\u00bb3.27.4&#8243;]<\/p>\n<h3><strong>El transporte a la f\u00e1brica<\/strong><\/h3>\n<p>Tradicionalmente mediante reatas de mulas y burros, con carretas de bueyes, o m\u00e1s recientemente, con transporte mec\u00e1nico, se acerca la ca\u00f1a mondada y cortada convenientemente hacia la\u00a0<em>plaza de ca\u00f1as <\/em>de la f\u00e1brica.<\/p>\n<p>Previamente se pesa en la b\u00e1scula y cogiendo al azar unos canutos de la misma, se somete a distintos an\u00e1lisis en laboratorio, para averiguar el nivel de sacarosa de la partida.<\/p>\n<p>De la <em>plaza de ca\u00f1as <\/em>pasar\u00e1 directamente al llamado <em>tren de ca\u00f1as <\/em>en donde se inicia su transformaci\u00f3n de materia prima, hasta obtener az\u00facar para consumo humano.<\/p>\n<p>[\/et_pb_text][\/et_pb_column][\/et_pb_row][\/et_pb_section]<\/p>\n","protected":false},"excerpt":{"rendered":"<p>El carb\u00f3n en los ingenios de Torrox Entre las pocas f\u00e1bricas de az\u00facar que existen todav\u00eda hay que nombrar dos en plena actividad, cuyo producto no es muy inferior al az\u00facar de las\u00a0Antillas. Tambi\u00e9n ha instalado recientemente una refiner\u00eda en la que ha salido un ron de calidad comparable al mejor de Jamaica. Alimenta sus [&hellip;]<\/p>\n","protected":false},"author":1,"featured_media":0,"parent":0,"menu_order":0,"comment_status":"closed","ping_status":"closed","template":"","meta":{"_et_pb_use_builder":"on","_et_pb_old_content":"","_et_gb_content_width":"","footnotes":""},"_links":{"self":[{"href":"https:\/\/azucarenmalaga.sacvelez.es\/index.php?rest_route=\/wp\/v2\/pages\/136"}],"collection":[{"href":"https:\/\/azucarenmalaga.sacvelez.es\/index.php?rest_route=\/wp\/v2\/pages"}],"about":[{"href":"https:\/\/azucarenmalaga.sacvelez.es\/index.php?rest_route=\/wp\/v2\/types\/page"}],"author":[{"embeddable":true,"href":"https:\/\/azucarenmalaga.sacvelez.es\/index.php?rest_route=\/wp\/v2\/users\/1"}],"replies":[{"embeddable":true,"href":"https:\/\/azucarenmalaga.sacvelez.es\/index.php?rest_route=%2Fwp%2Fv2%2Fcomments&post=136"}],"version-history":[{"count":0,"href":"https:\/\/azucarenmalaga.sacvelez.es\/index.php?rest_route=\/wp\/v2\/pages\/136\/revisions"}],"wp:attachment":[{"href":"https:\/\/azucarenmalaga.sacvelez.es\/index.php?rest_route=%2Fwp%2Fv2%2Fmedia&parent=136"}],"curies":[{"name":"wp","href":"https:\/\/api.w.org\/{rel}","templated":true}]}}